{"id":473,"date":"2019-12-09T12:07:25","date_gmt":"2019-12-09T12:07:25","guid":{"rendered":"https:\/\/cnipt-raraul.ro\/fr\/?page_id=473"},"modified":"2020-09-07T06:13:11","modified_gmt":"2020-09-07T06:13:11","slug":"routes-dacces","status":"publish","type":"page","link":"https:\/\/cnipt-raraul.ro\/fr\/routes-dacces\/","title":{"rendered":"Routes d&#8217;acc\u00e8s"},"content":{"rendered":"<p>[et_pb_section fb_built=&#8221;1&#8243; custom_padding_last_edited=&#8221;on|tablet&#8221; admin_label=&#8221;Packages&#8221; _builder_version=&#8221;4.0.6&#8243; background_color=&#8221;#e8e8e8&#8243; custom_padding=&#8221;52px||36px|||&#8221; custom_padding_tablet=&#8221;0px||0px|&#8221; custom_padding_phone=&#8221;0px||54px|||&#8221;][et_pb_row column_structure=&#8221;1_2,1_2&#8243; custom_padding_last_edited=&#8221;on|phone&#8221; admin_label=&#8221;Packages Title&#8221; _builder_version=&#8221;3.25&#8243; custom_padding=&#8221;30px|0px|15px|0px||&#8221; custom_padding_tablet=&#8221;60px||0px|&#8221; custom_padding_phone=&#8221;60px|0px|0px|0px||&#8221; locked=&#8221;off&#8221;][et_pb_column type=&#8221;1_2&#8243; _builder_version=&#8221;3.25&#8243; custom_padding=&#8221;|||&#8221; custom_padding__hover=&#8221;|||&#8221;][et_pb_text _builder_version=&#8221;4.0.6&#8243; text_font=&#8221;||||&#8221; text_text_color=&#8221;#1a1a1a&#8221; header_font=&#8221;Oswald|on||on|&#8221; header_text_align=&#8221;left&#8221; header_font_size=&#8221;60px&#8221; header_line_height=&#8221;1.3em&#8221; module_alignment=&#8221;center&#8221; custom_margin=&#8221;|||&#8221; custom_padding=&#8221;|||&#8221; animation_style=&#8221;slide&#8221; animation_direction=&#8221;top&#8221; animation_intensity_slide=&#8221;10%&#8221; locked=&#8221;off&#8221;]<\/p>\n<h1>ROUTES D&#8217;ACC\u00c8S<\/h1>\n<p>[\/et_pb_text][et_pb_divider color=&#8221;#ed4441&#8243; divider_position=&#8221;center&#8221; divider_weight=&#8221;3px&#8221; disabled_on=&#8221;off|off|off&#8221; _builder_version=&#8221;4.0.6&#8243; max_width=&#8221;150px&#8221; module_alignment=&#8221;left&#8221; height=&#8221;false&#8221; custom_margin=&#8221;30px|||&#8221; animation_style=&#8221;slide&#8221; animation_direction=&#8221;top&#8221; animation_delay=&#8221;100ms&#8221; animation_intensity_slide=&#8221;10%&#8221; locked=&#8221;off&#8221;][\/et_pb_divider][\/et_pb_column][et_pb_column type=&#8221;1_2&#8243; _builder_version=&#8221;3.25&#8243; custom_padding=&#8221;|||&#8221; custom_padding__hover=&#8221;|||&#8221;][et_pb_text _builder_version=&#8221;4.5.7&#8243; custom_padding=&#8221;||2px|||&#8221; hover_enabled=&#8221;0&#8243;]<\/p>\n<p>Situ\u00e9e \u00e0 478 km de Bucarest, la capitale de la Roumanie, la ville est situ\u00e9e \u00e0 l&#8217;intersection des principales routes d&#8217;acc\u00e8s ferroviaire et routier, qui relient la Moldavie \u00e0 la Transylvanie et au Maramures.<\/p>\n<p>La municipalit\u00e9 de Campulung Moldovenesc est situ\u00e9e \u00e0 environ 68 km de Suceava, 387 km d&#8217;Oradea, 238 km de Cluj-Napoca et est travers\u00e9e par la ligne ferroviaire Iasi &#8211; Cluj &#8211; Timisoara.<\/p>\n<p>[\/et_pb_text][\/et_pb_column][\/et_pb_row][\/et_pb_section][et_pb_section fb_built=&#8221;1&#8243; _builder_version=&#8221;4.0.6&#8243; min_height=&#8221;636px&#8221; custom_margin=&#8221;24px|||||&#8221; custom_padding=&#8221;||8px|||&#8221;][et_pb_row column_structure=&#8221;1_4,3_4&#8243; _builder_version=&#8221;4.0.6&#8243; background_color=&#8221;#f7f7f7&#8243;][et_pb_column type=&#8221;1_4&#8243; _builder_version=&#8221;4.0.6&#8243;][et_pb_text _builder_version=&#8221;4.5.7&#8243; hover_enabled=&#8221;0&#8243;]<\/p>\n<h3 style=\"text-align: center;\"><strong>COMPAGNIE A\u00c9RIENNE<\/strong><\/h3>\n<p>[\/et_pb_text][et_pb_image src=&#8221;https:\/\/cnipt-raraul.ro\/fr\/wp-content\/uploads\/sites\/9\/2019\/12\/plane.png&#8221; _builder_version=&#8221;4.0.6&#8243; width=&#8221;21%&#8221; module_alignment=&#8221;center&#8221;][\/et_pb_image][\/et_pb_column][et_pb_column type=&#8221;3_4&#8243; _builder_version=&#8221;4.0.6&#8243;][et_pb_text _builder_version=&#8221;4.5.7&#8243; hover_enabled=&#8221;0&#8243;]<\/p>\n<p>L&#8217;a\u00e9roport international de Suceava &#8222;Stefan cel Mare&#8221; est situ\u00e9 \u00e0 80 km du C\u00e2mpulung Moldovenesc.<\/p>\n<p>Voir la liste des vols op\u00e9r\u00e9s par l&#8217;a\u00e9roport Stefan Cel Mare POUR LA P\u00c9RIODE 27 OCTOBRE 2019-28 MARS 2020 <a href=\"\/wp-content\/uploads\/sites\/9\/2019\/12\/ORAR_SOSIRI_OCT-MART_2019-2020_14oct.pdf\">\u00a0<img loading=\"lazy\" decoding=\"async\" src=\"https:\/\/cnipt-raraul.ro\/fr\/wp-content\/uploads\/sites\/9\/2019\/12\/pdf-300x300.png\" width=\"16\" height=\"16\" alt=\"\" class=\"wp-image-477 alignnone size-medium\" \/>\u00a0ICI<\/a><\/p>\n<p>[\/et_pb_text][\/et_pb_column][\/et_pb_row][et_pb_row column_structure=&#8221;1_4,3_4&#8243; _builder_version=&#8221;4.0.6&#8243;][et_pb_column type=&#8221;1_4&#8243; _builder_version=&#8221;4.0.6&#8243;][et_pb_text _builder_version=&#8221;4.5.7&#8243; hover_enabled=&#8221;0&#8243;]<\/p>\n<h3 style=\"text-align: center;\"><strong>TRANSPORT ROUTIER<\/strong><\/h3>\n<p>[\/et_pb_text][et_pb_image src=&#8221;https:\/\/cnipt-raraul.ro\/fr\/wp-content\/uploads\/sites\/9\/2019\/12\/car.png&#8221; _builder_version=&#8221;4.0.6&#8243; width=&#8221;21%&#8221; module_alignment=&#8221;center&#8221;][\/et_pb_image][\/et_pb_column][et_pb_column type=&#8221;3_4&#8243; _builder_version=&#8221;4.0.6&#8243;][et_pb_text _builder_version=&#8221;4.0.6&#8243;]<\/p>\n<p>La commune est situ\u00e9e sur la DN 17, \u00e0 60 km de Suceava. C\u00e2mpulung Moldovenesc est situ\u00e9 sur la connexion principale de la Moldavie avec la Transylvanie (par le col de Mestec\u0103ni\u0219 et le col de Tihu\u021ba) et avec Maramure\u0219 (par le col de Prislop).<\/p>\n<p>[\/et_pb_text][\/et_pb_column][\/et_pb_row][et_pb_row column_structure=&#8221;1_4,3_4&#8243; _builder_version=&#8221;4.0.6&#8243; background_color=&#8221;#f7f7f7&#8243;][et_pb_column type=&#8221;1_4&#8243; _builder_version=&#8221;4.0.6&#8243;][et_pb_text _builder_version=&#8221;4.5.7&#8243; hover_enabled=&#8221;0&#8243;]<\/p>\n<h3 style=\"text-align: center;\"><strong>TRANSPORT FERROVIAIRE<\/strong><\/h3>\n<p>[\/et_pb_text][et_pb_image src=&#8221;https:\/\/cnipt-raraul.ro\/fr\/wp-content\/uploads\/sites\/9\/2019\/12\/train.png&#8221; _builder_version=&#8221;4.0.6&#8243; width=&#8221;21%&#8221; module_alignment=&#8221;center&#8221;][\/et_pb_image][\/et_pb_column][et_pb_column type=&#8221;3_4&#8243; _builder_version=&#8221;4.0.6&#8243;][et_pb_text _builder_version=&#8221;4.5.7&#8243; hover_enabled=&#8221;0&#8243;]<\/p>\n<p>La ville est reli\u00e9e au syst\u00e8me ferroviaire roumain, par deux gares CFR (Gara C\u00e2mpulung Moldovenesc et Gara C\u00e2mpulung Est) situ\u00e9es sur la ligne ferroviaire Suceava &#8211; Vama &#8211; Floreni &#8211; Ilva Mic\u0103.<\/p>\n<p>[\/et_pb_text][\/et_pb_column][\/et_pb_row][\/et_pb_section][et_pb_section fb_built=&#8221;1&#8243; custom_padding_last_edited=&#8221;on|phone&#8221; admin_label=&#8221;Offer&#8221; _builder_version=&#8221;4.0.6&#8243; background_color=&#8221;rgba(0,0,0,0.5)&#8221; background_image=&#8221;https:\/\/cnipt-raraul.ro\/fr\/wp-content\/uploads\/sites\/9\/2019\/11\/campulung-1.jpg&#8221; background_blend=&#8221;color&#8221; custom_padding=&#8221;133px||120px|||&#8221; custom_padding_tablet=&#8221;80px||80px|&#8221; custom_padding_phone=&#8221;&#8221; locked=&#8221;off&#8221;][et_pb_row _builder_version=&#8221;3.25&#8243; custom_margin=&#8221;|||&#8221;][et_pb_column type=&#8221;4_4&#8243; _builder_version=&#8221;3.25&#8243; custom_padding=&#8221;|||&#8221; custom_padding__hover=&#8221;|||&#8221;][et_pb_text admin_label=&#8221;CTA Section Subtitle&#8221; _builder_version=&#8221;4.5.7&#8243; text_font=&#8221;Roboto|on||on|&#8221; text_font_size=&#8221;24px&#8221; text_letter_spacing=&#8221;4px&#8221; text_orientation=&#8221;center&#8221; background_layout=&#8221;dark&#8221; module_alignment=&#8221;center&#8221; animation_style=&#8221;zoom&#8221; animation_intensity_zoom=&#8221;20%&#8221; hover_enabled=&#8221;0&#8243;]<\/p>\n<p>D\u00c9COUVREZ LA ZONE TOURISTIQUE DE MOLDOVAN C\u00c2MPULUNG<\/p>\n<p>[\/et_pb_text][et_pb_divider color=&#8221;#ffffff&#8221; divider_position=&#8221;center&#8221; divider_weight=&#8221;3px&#8221; disabled_on=&#8221;off|off|off&#8221; _builder_version=&#8221;3.2&#8243; max_width=&#8221;150px&#8221; module_alignment=&#8221;center&#8221; height=&#8221;false&#8221; animation_style=&#8221;zoom&#8221; animation_delay=&#8221;200ms&#8221; animation_intensity_zoom=&#8221;20%&#8221; locked=&#8221;off&#8221;][\/et_pb_divider][et_pb_text _builder_version=&#8221;4.0.6&#8243; text_font=&#8221;Roboto||||&#8221; text_font_size=&#8221;19px&#8221; text_line_height=&#8221;1.4em&#8221; text_orientation=&#8221;center&#8221; background_layout=&#8221;dark&#8221; max_width=&#8221;750px&#8221; module_alignment=&#8221;center&#8221; custom_padding=&#8221;30px||40px|&#8221; animation_style=&#8221;zoom&#8221; animation_delay=&#8221;300ms&#8221; animation_intensity_zoom=&#8221;20%&#8221;]<\/p>\n<p>Si vous n&#8217;\u00eates pas int\u00e9ress\u00e9 par un itin\u00e9raire touristique, vous pouvez trouver l&#8217;inspiration pour planifier vos vacances ou vos vacances dans notre liste d&#8217;attractions touristiques.<\/p>\n<p>[\/et_pb_text][et_pb_button button_url=&#8221;\/obiective-turistice\/&#8221; button_text=&#8221;D\u00e9couvrez les attractions touristiques de la r\u00e9gion!&#8221; button_alignment=&#8221;center&#8221; _builder_version=&#8221;4.5.7&#8243; custom_button=&#8221;on&#8221; button_text_color=&#8221;#ffffff&#8221; button_border_radius=&#8221;0px&#8221; button_letter_spacing=&#8221;4px&#8221; button_font=&#8221;Oswald|on||on|&#8221; button_icon=&#8221;%%3%%&#8221; button_icon_color=&#8221;#ffffff&#8221; background_layout=&#8221;dark&#8221; animation_style=&#8221;zoom&#8221; animation_delay=&#8221;400ms&#8221; animation_intensity_zoom=&#8221;20%&#8221; hover_enabled=&#8221;0&#8243; button_border_color_hover=&#8221;#ffffff&#8221; button_border_radius_hover=&#8221;0px&#8221; button_letter_spacing_hover=&#8221;4px&#8221; button_bg_color_hover=&#8221;rgba(0,0,0,0)&#8221; button_text_size__hover_enabled=&#8221;off&#8221; button_one_text_size__hover_enabled=&#8221;off&#8221; button_two_text_size__hover_enabled=&#8221;off&#8221; button_text_color__hover_enabled=&#8221;off&#8221; button_one_text_color__hover_enabled=&#8221;off&#8221; button_two_text_color__hover_enabled=&#8221;off&#8221; button_border_width__hover_enabled=&#8221;off&#8221; button_one_border_width__hover_enabled=&#8221;off&#8221; button_two_border_width__hover_enabled=&#8221;off&#8221; button_border_color__hover_enabled=&#8221;on&#8221; button_border_color__hover=&#8221;#ffffff&#8221; button_one_border_color__hover_enabled=&#8221;off&#8221; button_two_border_color__hover_enabled=&#8221;off&#8221; button_border_radius__hover_enabled=&#8221;on&#8221; button_border_radius__hover=&#8221;0px&#8221; button_one_border_radius__hover_enabled=&#8221;off&#8221; button_two_border_radius__hover_enabled=&#8221;off&#8221; button_letter_spacing__hover_enabled=&#8221;on&#8221; button_letter_spacing__hover=&#8221;4px&#8221; button_one_letter_spacing__hover_enabled=&#8221;off&#8221; button_two_letter_spacing__hover_enabled=&#8221;off&#8221; button_bg_color__hover_enabled=&#8221;on&#8221; button_bg_color__hover=&#8221;rgba(0,0,0,0)&#8221; button_one_bg_color__hover_enabled=&#8221;off&#8221; button_two_bg_color__hover_enabled=&#8221;off&#8221;][\/et_pb_button][\/et_pb_column][\/et_pb_row][\/et_pb_section]<\/p>\n","protected":false},"excerpt":{"rendered":"<p>[et_pb_section fb_built=&#8221;1&#8243; custom_padding_last_edited=&#8221;on|tablet&#8221; admin_label=&#8221;Packages&#8221; _builder_version=&#8221;4.0.6&#8243; background_color=&#8221;#e8e8e8&#8243; custom_padding=&#8221;52px||36px|||&#8221; custom_padding_tablet=&#8221;0px||0px|&#8221; custom_padding_phone=&#8221;0px||54px|||&#8221;][et_pb_row column_structure=&#8221;1_2,1_2&#8243; custom_padding_last_edited=&#8221;on|phone&#8221; admin_label=&#8221;Packages Title&#8221; _builder_version=&#8221;3.25&#8243; custom_padding=&#8221;30px|0px|15px|0px||&#8221; custom_padding_tablet=&#8221;60px||0px|&#8221; custom_padding_phone=&#8221;60px|0px|0px|0px||&#8221; locked=&#8221;off&#8221;][et_pb_column type=&#8221;1_2&#8243; _builder_version=&#8221;3.25&#8243; custom_padding=&#8221;|||&#8221; custom_padding__hover=&#8221;|||&#8221;][et_pb_text _builder_version=&#8221;4.0.6&#8243; text_font=&#8221;||||&#8221; text_text_color=&#8221;#1a1a1a&#8221; header_font=&#8221;Oswald|on||on|&#8221; header_text_align=&#8221;left&#8221; header_font_size=&#8221;60px&#8221; header_line_height=&#8221;1.3em&#8221; module_alignment=&#8221;center&#8221; custom_margin=&#8221;|||&#8221; custom_padding=&#8221;|||&#8221; animation_style=&#8221;slide&#8221; animation_direction=&#8221;top&#8221; animation_intensity_slide=&#8221;10%&#8221; locked=&#8221;off&#8221;] ROUTES D&#8217;ACC\u00c8S [\/et_pb_text][et_pb_divider color=&#8221;#ed4441&#8243; divider_position=&#8221;center&#8221; divider_weight=&#8221;3px&#8221; disabled_on=&#8221;off|off|off&#8221; _builder_version=&#8221;4.0.6&#8243; max_width=&#8221;150px&#8221; module_alignment=&#8221;left&#8221; height=&#8221;false&#8221; custom_margin=&#8221;30px|||&#8221; animation_style=&#8221;slide&#8221; animation_direction=&#8221;top&#8221; animation_delay=&#8221;100ms&#8221; animation_intensity_slide=&#8221;10%&#8221; locked=&#8221;off&#8221;][\/et_pb_divider][\/et_pb_column][et_pb_column type=&#8221;1_2&#8243; _builder_version=&#8221;3.25&#8243; [&hellip;]<\/p>\n","protected":false},"author":1,"featured_media":0,"parent":0,"menu_order":0,"comment_status":"closed","ping_status":"closed","template":"","meta":{"_et_pb_use_builder":"on","_et_pb_old_content":"","_et_gb_content_width":"","footnotes":""},"class_list":["post-473","page","type-page","status-publish","hentry"],"yoast_head":"<!-- This site is optimized with the Yoast SEO plugin v26.6 - https:\/\/yoast.com\/wordpress\/plugins\/seo\/ -->\n<title>Routes d&#039;acc\u00e8s - Francais<\/title>\n<meta name=\"robots\" content=\"index, follow, max-snippet:-1, max-image-preview:large, max-video-preview:-1\" \/>\n<link rel=\"canonical\" href=\"https:\/\/cnipt-raraul.ro\/fr\/routes-dacces\/\" \/>\n<meta property=\"og:locale\" content=\"ro_RO\" \/>\n<meta property=\"og:type\" content=\"article\" \/>\n<meta property=\"og:title\" content=\"Routes d&#039;acc\u00e8s - Francais\" \/>\n<meta property=\"og:description\" content=\"[et_pb_section fb_built=&#8221;1&#8243; custom_padding_last_edited=&#8221;on|tablet&#8221; admin_label=&#8221;Packages&#8221; _builder_version=&#8221;4.0.6&#8243; background_color=&#8221;#e8e8e8&#8243; custom_padding=&#8221;52px||36px|||&#8221; custom_padding_tablet=&#8221;0px||0px|&#8221; custom_padding_phone=&#8221;0px||54px|||&#8221;][et_pb_row column_structure=&#8221;1_2,1_2&#8243; custom_padding_last_edited=&#8221;on|phone&#8221; admin_label=&#8221;Packages Title&#8221; _builder_version=&#8221;3.25&#8243; custom_padding=&#8221;30px|0px|15px|0px||&#8221; custom_padding_tablet=&#8221;60px||0px|&#8221; custom_padding_phone=&#8221;60px|0px|0px|0px||&#8221; locked=&#8221;off&#8221;][et_pb_column type=&#8221;1_2&#8243; _builder_version=&#8221;3.25&#8243; custom_padding=&#8221;|||&#8221; custom_padding__hover=&#8221;|||&#8221;][et_pb_text _builder_version=&#8221;4.0.6&#8243; text_font=&#8221;||||&#8221; text_text_color=&#8221;#1a1a1a&#8221; header_font=&#8221;Oswald|on||on|&#8221; header_text_align=&#8221;left&#8221; header_font_size=&#8221;60px&#8221; header_line_height=&#8221;1.3em&#8221; module_alignment=&#8221;center&#8221; custom_margin=&#8221;|||&#8221; custom_padding=&#8221;|||&#8221; animation_style=&#8221;slide&#8221; animation_direction=&#8221;top&#8221; animation_intensity_slide=&#8221;10%&#8221; locked=&#8221;off&#8221;] ROUTES D&#8217;ACC\u00c8S [\/et_pb_text][et_pb_divider color=&#8221;#ed4441&#8243; divider_position=&#8221;center&#8221; divider_weight=&#8221;3px&#8221; disabled_on=&#8221;off|off|off&#8221; _builder_version=&#8221;4.0.6&#8243; max_width=&#8221;150px&#8221; module_alignment=&#8221;left&#8221; height=&#8221;false&#8221; custom_margin=&#8221;30px|||&#8221; animation_style=&#8221;slide&#8221; animation_direction=&#8221;top&#8221; animation_delay=&#8221;100ms&#8221; animation_intensity_slide=&#8221;10%&#8221; locked=&#8221;off&#8221;][\/et_pb_divider][\/et_pb_column][et_pb_column type=&#8221;1_2&#8243; _builder_version=&#8221;3.25&#8243; [&hellip;]\" \/>\n<meta property=\"og:url\" content=\"https:\/\/cnipt-raraul.ro\/fr\/routes-dacces\/\" \/>\n<meta property=\"og:site_name\" content=\"Francais\" \/>\n<meta property=\"article:modified_time\" content=\"2020-09-07T06:13:11+00:00\" \/>\n<meta property=\"og:image\" content=\"https:\/\/cnipt-raraul.ro\/fr\/wp-content\/uploads\/sites\/9\/2019\/12\/pdf-300x300.png\" \/>\n<meta name=\"twitter:card\" content=\"summary_large_image\" \/>\n<meta name=\"twitter:label1\" content=\"Timp estimat pentru citire\" \/>\n\t<meta name=\"twitter:data1\" content=\"6 minute\" \/>\n<script type=\"application\/ld+json\" class=\"yoast-schema-graph\">{\"@context\":\"https:\/\/schema.org\",\"@graph\":[{\"@type\":\"WebPage\",\"@id\":\"https:\/\/cnipt-raraul.ro\/fr\/routes-dacces\/\",\"url\":\"https:\/\/cnipt-raraul.ro\/fr\/routes-dacces\/\",\"name\":\"Routes d'acc\u00e8s - Francais\",\"isPartOf\":{\"@id\":\"https:\/\/cnipt-raraul.ro\/fr\/#website\"},\"primaryImageOfPage\":{\"@id\":\"https:\/\/cnipt-raraul.ro\/fr\/routes-dacces\/#primaryimage\"},\"image\":{\"@id\":\"https:\/\/cnipt-raraul.ro\/fr\/routes-dacces\/#primaryimage\"},\"thumbnailUrl\":\"https:\/\/cnipt-raraul.ro\/fr\/wp-content\/uploads\/sites\/9\/2019\/12\/pdf-300x300.png\",\"datePublished\":\"2019-12-09T12:07:25+00:00\",\"dateModified\":\"2020-09-07T06:13:11+00:00\",\"breadcrumb\":{\"@id\":\"https:\/\/cnipt-raraul.ro\/fr\/routes-dacces\/#breadcrumb\"},\"inLanguage\":\"ro-RO\",\"potentialAction\":[{\"@type\":\"ReadAction\",\"target\":[\"https:\/\/cnipt-raraul.ro\/fr\/routes-dacces\/\"]}]},{\"@type\":\"ImageObject\",\"inLanguage\":\"ro-RO\",\"@id\":\"https:\/\/cnipt-raraul.ro\/fr\/routes-dacces\/#primaryimage\",\"url\":\"https:\/\/cnipt-raraul.ro\/fr\/wp-content\/uploads\/sites\/9\/2019\/12\/pdf.png\",\"contentUrl\":\"https:\/\/cnipt-raraul.ro\/fr\/wp-content\/uploads\/sites\/9\/2019\/12\/pdf.png\",\"width\":512,\"height\":512},{\"@type\":\"BreadcrumbList\",\"@id\":\"https:\/\/cnipt-raraul.ro\/fr\/routes-dacces\/#breadcrumb\",\"itemListElement\":[{\"@type\":\"ListItem\",\"position\":1,\"name\":\"Prima pagin\u0103\",\"item\":\"https:\/\/cnipt-raraul.ro\/fr\/\"},{\"@type\":\"ListItem\",\"position\":2,\"name\":\"Routes d&#8217;acc\u00e8s\"}]},{\"@type\":\"WebSite\",\"@id\":\"https:\/\/cnipt-raraul.ro\/fr\/#website\",\"url\":\"https:\/\/cnipt-raraul.ro\/fr\/\",\"name\":\"Francais\",\"description\":\"CNIPT\",\"potentialAction\":[{\"@type\":\"SearchAction\",\"target\":{\"@type\":\"EntryPoint\",\"urlTemplate\":\"https:\/\/cnipt-raraul.ro\/fr\/?s={search_term_string}\"},\"query-input\":{\"@type\":\"PropertyValueSpecification\",\"valueRequired\":true,\"valueName\":\"search_term_string\"}}],\"inLanguage\":\"ro-RO\"}]}<\/script>\n<!-- \/ Yoast SEO plugin. -->","yoast_head_json":{"title":"Routes d'acc\u00e8s - Francais","robots":{"index":"index","follow":"follow","max-snippet":"max-snippet:-1","max-image-preview":"max-image-preview:large","max-video-preview":"max-video-preview:-1"},"canonical":"https:\/\/cnipt-raraul.ro\/fr\/routes-dacces\/","og_locale":"ro_RO","og_type":"article","og_title":"Routes d'acc\u00e8s - Francais","og_description":"[et_pb_section fb_built=&#8221;1&#8243; custom_padding_last_edited=&#8221;on|tablet&#8221; admin_label=&#8221;Packages&#8221; _builder_version=&#8221;4.0.6&#8243; background_color=&#8221;#e8e8e8&#8243; custom_padding=&#8221;52px||36px|||&#8221; custom_padding_tablet=&#8221;0px||0px|&#8221; custom_padding_phone=&#8221;0px||54px|||&#8221;][et_pb_row column_structure=&#8221;1_2,1_2&#8243; custom_padding_last_edited=&#8221;on|phone&#8221; admin_label=&#8221;Packages Title&#8221; _builder_version=&#8221;3.25&#8243; custom_padding=&#8221;30px|0px|15px|0px||&#8221; custom_padding_tablet=&#8221;60px||0px|&#8221; custom_padding_phone=&#8221;60px|0px|0px|0px||&#8221; locked=&#8221;off&#8221;][et_pb_column type=&#8221;1_2&#8243; _builder_version=&#8221;3.25&#8243; custom_padding=&#8221;|||&#8221; custom_padding__hover=&#8221;|||&#8221;][et_pb_text _builder_version=&#8221;4.0.6&#8243; text_font=&#8221;||||&#8221; text_text_color=&#8221;#1a1a1a&#8221; header_font=&#8221;Oswald|on||on|&#8221; header_text_align=&#8221;left&#8221; header_font_size=&#8221;60px&#8221; header_line_height=&#8221;1.3em&#8221; module_alignment=&#8221;center&#8221; custom_margin=&#8221;|||&#8221; custom_padding=&#8221;|||&#8221; animation_style=&#8221;slide&#8221; animation_direction=&#8221;top&#8221; animation_intensity_slide=&#8221;10%&#8221; locked=&#8221;off&#8221;] ROUTES D&#8217;ACC\u00c8S [\/et_pb_text][et_pb_divider color=&#8221;#ed4441&#8243; divider_position=&#8221;center&#8221; divider_weight=&#8221;3px&#8221; disabled_on=&#8221;off|off|off&#8221; _builder_version=&#8221;4.0.6&#8243; max_width=&#8221;150px&#8221; module_alignment=&#8221;left&#8221; height=&#8221;false&#8221; custom_margin=&#8221;30px|||&#8221; animation_style=&#8221;slide&#8221; animation_direction=&#8221;top&#8221; animation_delay=&#8221;100ms&#8221; animation_intensity_slide=&#8221;10%&#8221; locked=&#8221;off&#8221;][\/et_pb_divider][\/et_pb_column][et_pb_column type=&#8221;1_2&#8243; _builder_version=&#8221;3.25&#8243; [&hellip;]","og_url":"https:\/\/cnipt-raraul.ro\/fr\/routes-dacces\/","og_site_name":"Francais","article_modified_time":"2020-09-07T06:13:11+00:00","og_image":[{"url":"https:\/\/cnipt-raraul.ro\/fr\/wp-content\/uploads\/sites\/9\/2019\/12\/pdf-300x300.png","type":"","width":"","height":""}],"twitter_card":"summary_large_image","twitter_misc":{"Timp estimat pentru citire":"6 minute"},"schema":{"@context":"https:\/\/schema.org","@graph":[{"@type":"WebPage","@id":"https:\/\/cnipt-raraul.ro\/fr\/routes-dacces\/","url":"https:\/\/cnipt-raraul.ro\/fr\/routes-dacces\/","name":"Routes d'acc\u00e8s - Francais","isPartOf":{"@id":"https:\/\/cnipt-raraul.ro\/fr\/#website"},"primaryImageOfPage":{"@id":"https:\/\/cnipt-raraul.ro\/fr\/routes-dacces\/#primaryimage"},"image":{"@id":"https:\/\/cnipt-raraul.ro\/fr\/routes-dacces\/#primaryimage"},"thumbnailUrl":"https:\/\/cnipt-raraul.ro\/fr\/wp-content\/uploads\/sites\/9\/2019\/12\/pdf-300x300.png","datePublished":"2019-12-09T12:07:25+00:00","dateModified":"2020-09-07T06:13:11+00:00","breadcrumb":{"@id":"https:\/\/cnipt-raraul.ro\/fr\/routes-dacces\/#breadcrumb"},"inLanguage":"ro-RO","potentialAction":[{"@type":"ReadAction","target":["https:\/\/cnipt-raraul.ro\/fr\/routes-dacces\/"]}]},{"@type":"ImageObject","inLanguage":"ro-RO","@id":"https:\/\/cnipt-raraul.ro\/fr\/routes-dacces\/#primaryimage","url":"https:\/\/cnipt-raraul.ro\/fr\/wp-content\/uploads\/sites\/9\/2019\/12\/pdf.png","contentUrl":"https:\/\/cnipt-raraul.ro\/fr\/wp-content\/uploads\/sites\/9\/2019\/12\/pdf.png","width":512,"height":512},{"@type":"BreadcrumbList","@id":"https:\/\/cnipt-raraul.ro\/fr\/routes-dacces\/#breadcrumb","itemListElement":[{"@type":"ListItem","position":1,"name":"Prima pagin\u0103","item":"https:\/\/cnipt-raraul.ro\/fr\/"},{"@type":"ListItem","position":2,"name":"Routes d&#8217;acc\u00e8s"}]},{"@type":"WebSite","@id":"https:\/\/cnipt-raraul.ro\/fr\/#website","url":"https:\/\/cnipt-raraul.ro\/fr\/","name":"Francais","description":"CNIPT","potentialAction":[{"@type":"SearchAction","target":{"@type":"EntryPoint","urlTemplate":"https:\/\/cnipt-raraul.ro\/fr\/?s={search_term_string}"},"query-input":{"@type":"PropertyValueSpecification","valueRequired":true,"valueName":"search_term_string"}}],"inLanguage":"ro-RO"}]}},"_links":{"self":[{"href":"https:\/\/cnipt-raraul.ro\/fr\/wp-json\/wp\/v2\/pages\/473","targetHints":{"allow":["GET"]}}],"collection":[{"href":"https:\/\/cnipt-raraul.ro\/fr\/wp-json\/wp\/v2\/pages"}],"about":[{"href":"https:\/\/cnipt-raraul.ro\/fr\/wp-json\/wp\/v2\/types\/page"}],"author":[{"embeddable":true,"href":"https:\/\/cnipt-raraul.ro\/fr\/wp-json\/wp\/v2\/users\/1"}],"replies":[{"embeddable":true,"href":"https:\/\/cnipt-raraul.ro\/fr\/wp-json\/wp\/v2\/comments?post=473"}],"version-history":[{"count":2,"href":"https:\/\/cnipt-raraul.ro\/fr\/wp-json\/wp\/v2\/pages\/473\/revisions"}],"predecessor-version":[{"id":786,"href":"https:\/\/cnipt-raraul.ro\/fr\/wp-json\/wp\/v2\/pages\/473\/revisions\/786"}],"wp:attachment":[{"href":"https:\/\/cnipt-raraul.ro\/fr\/wp-json\/wp\/v2\/media?parent=473"}],"curies":[{"name":"wp","href":"https:\/\/api.w.org\/{rel}","templated":true}]}}