{"id":460,"date":"2019-12-09T11:39:55","date_gmt":"2019-12-09T11:39:55","guid":{"rendered":"https:\/\/cnipt-raraul.ro\/fr\/?page_id=460"},"modified":"2020-09-07T06:14:23","modified_gmt":"2020-09-07T06:14:23","slug":"infos-voyage","status":"publish","type":"page","link":"https:\/\/cnipt-raraul.ro\/fr\/infos-voyage\/","title":{"rendered":"Infos voyage"},"content":{"rendered":"<p>[et_pb_section fb_built=&#8221;1&#8243; custom_padding_last_edited=&#8221;on|tablet&#8221; admin_label=&#8221;Packages&#8221; _builder_version=&#8221;4.0.6&#8243; background_color=&#8221;#e8e8e8&#8243; custom_padding=&#8221;52px||36px|||&#8221; custom_padding_tablet=&#8221;0px||0px|&#8221; custom_padding_phone=&#8221;&#8221;][et_pb_row custom_padding_last_edited=&#8221;on|phone&#8221; admin_label=&#8221;Packages Title&#8221; _builder_version=&#8221;3.25&#8243; custom_padding=&#8221;30px|0px|15px|0px||&#8221; custom_padding_tablet=&#8221;60px||0px|&#8221; custom_padding_phone=&#8221;&#8221; locked=&#8221;off&#8221;][et_pb_column type=&#8221;4_4&#8243; _builder_version=&#8221;3.25&#8243; custom_padding=&#8221;|||&#8221; custom_padding__hover=&#8221;|||&#8221;][et_pb_text _builder_version=&#8221;4.0.9&#8243; text_font=&#8221;||||&#8221; text_text_color=&#8221;#1a1a1a&#8221; header_font=&#8221;Oswald|on||on|&#8221; header_text_align=&#8221;left&#8221; header_font_size=&#8221;60px&#8221; header_line_height=&#8221;1.3em&#8221; module_alignment=&#8221;center&#8221; custom_margin=&#8221;|||&#8221; custom_padding=&#8221;|||&#8221; animation_style=&#8221;slide&#8221; animation_direction=&#8221;top&#8221; animation_intensity_slide=&#8221;10%&#8221; locked=&#8221;off&#8221;]<\/p>\n<h1>INFO VOYAGE<\/h1>\n<p>[\/et_pb_text][et_pb_divider color=&#8221;#ed4441&#8243; divider_position=&#8221;center&#8221; divider_weight=&#8221;3px&#8221; disabled_on=&#8221;off|off|off&#8221; _builder_version=&#8221;4.0.6&#8243; max_width=&#8221;150px&#8221; module_alignment=&#8221;left&#8221; height=&#8221;false&#8221; custom_margin=&#8221;30px|||&#8221; animation_style=&#8221;slide&#8221; animation_direction=&#8221;top&#8221; animation_delay=&#8221;100ms&#8221; animation_intensity_slide=&#8221;10%&#8221; locked=&#8221;off&#8221;][\/et_pb_divider][\/et_pb_column][\/et_pb_row][\/et_pb_section][et_pb_section fb_built=&#8221;1&#8243; _builder_version=&#8221;4.0.6&#8243; background_color=&#8221;#f7f7f7&#8243; custom_padding=&#8221;0px|||||&#8221;][et_pb_row column_structure=&#8221;1_2,1_2&#8243; _builder_version=&#8221;4.0.9&#8243; custom_padding=&#8221;60px|||||&#8221;][et_pb_column type=&#8221;1_2&#8243; _builder_version=&#8221;4.0.9&#8243;][et_pb_text _builder_version=&#8221;4.5.7&#8243; header_2_font=&#8221;Roboto|||on|||||&#8221; header_2_font_size=&#8221;25px&#8221; header_2_line_height=&#8221;1.5em&#8221; header_3_font=&#8221;|700|||||||&#8221; header_3_text_color=&#8221;#0c71c3&#8243; hover_enabled=&#8221;0&#8243;]<\/p>\n<h2 class=\"card-title\">Transport public<\/h2>\n<h3 class=\"card-title\">La commune de C\u00e2mpulung Moldovenesc<\/h3>\n<p>[\/et_pb_text][et_pb_image src=&#8221;https:\/\/cnipt-raraul.ro\/fr\/wp-content\/uploads\/sites\/9\/2019\/12\/transport-public.jpg&#8221; _builder_version=&#8221;4.0.9&#8243;][\/et_pb_image][\/et_pb_column][et_pb_column type=&#8221;1_2&#8243; _builder_version=&#8221;4.0.9&#8243;][et_pb_divider color=&#8221;#e02b20&#8243; divider_weight=&#8221;4px&#8221; _builder_version=&#8221;4.0.9&#8243; width=&#8221;26%&#8221; custom_margin=&#8221;||3px|||&#8221;][\/et_pb_divider][et_pb_text _builder_version=&#8221;4.5.7&#8243; header_2_font=&#8221;Roboto|||on|||||&#8221; header_2_font_size=&#8221;20px&#8221; custom_margin=&#8221;100px|||||&#8221; hover_enabled=&#8221;0&#8243;]<\/p>\n<p class=\"card-title\">Les transports publics de la municipalit\u00e9 de C\u00e2mpulung Moldovenesc sont assur\u00e9s sur deux lignes, Pod Sadova &#8211; Podul Buc\u0103tarului et Blocuri ANL &#8211; Centru. Vous pouvez trouver des informations compl\u00e8tes sur le syst\u00e8me de transports en commun, y compris les tarifs et les itin\u00e9raires complets, sur le lien suivant:<\/p>\n<p>[\/et_pb_text][et_pb_text _builder_version=&#8221;4.5.7&#8243; hover_enabled=&#8221;0&#8243;]<\/p>\n<p>Le transport public local de personnes par vols r\u00e9guliers dans la commune de C\u00e2mpulung Moldovenesc est assur\u00e9 par S.C. MANUCU COM S.R.L. Suceava<\/p>\n<p>Vous trouverez des d\u00e9tails sur les itin\u00e9raires, le programme et les tarifs sur la page de la mairie de C\u00e2mpulung Moldovenesc:<\/p>\n<p>[\/et_pb_text][et_pb_button button_url=&#8221;https:\/\/www.campulungmoldovenesc.ro\/actualitate\/transport-public-tarife-trasee-%C8%99i-alte-informatii&#8221; url_new_window=&#8221;on&#8221; button_text=&#8221;D\u00e9tails&#8221; _builder_version=&#8221;4.5.7&#8243; custom_button=&#8221;on&#8221; button_text_size=&#8221;16px&#8221; button_text_color=&#8221;#ffffff&#8221; button_bg_color=&#8221;#0066cc&#8221; button_border_width=&#8221;0px&#8221; button_border_radius=&#8221;0px&#8221; button_letter_spacing=&#8221;6px&#8221; button_font=&#8221;Roboto|600||on|||||&#8221; button_icon=&#8221;%%165%%&#8221; button_icon_placement=&#8221;left&#8221; button_on_hover=&#8221;off&#8221; custom_padding=&#8221;|||45px|false|false&#8221; hover_enabled=&#8221;0&#8243;][\/et_pb_button][\/et_pb_column][\/et_pb_row][\/et_pb_section][et_pb_section fb_built=&#8221;1&#8243; custom_padding_last_edited=&#8221;on|phone&#8221; admin_label=&#8221;Offer&#8221; _builder_version=&#8221;4.0.6&#8243; background_color=&#8221;rgba(0,0,0,0.5)&#8221; background_image=&#8221;https:\/\/cnipt-raraul.ro\/fr\/wp-content\/uploads\/sites\/9\/2019\/11\/campulung-1.jpg&#8221; background_blend=&#8221;color&#8221; custom_padding=&#8221;120px||120px|&#8221; custom_padding_tablet=&#8221;80px||80px|&#8221; custom_padding_phone=&#8221;&#8221; locked=&#8221;off&#8221;][et_pb_row _builder_version=&#8221;3.25&#8243; custom_margin=&#8221;|||&#8221;][et_pb_column type=&#8221;4_4&#8243; _builder_version=&#8221;3.25&#8243; custom_padding=&#8221;|||&#8221; custom_padding__hover=&#8221;|||&#8221;][et_pb_text admin_label=&#8221;CTA Section Subtitle&#8221; _builder_version=&#8221;4.5.7&#8243; text_font=&#8221;Roboto|on||on|&#8221; text_font_size=&#8221;24px&#8221; text_letter_spacing=&#8221;4px&#8221; text_orientation=&#8221;center&#8221; background_layout=&#8221;dark&#8221; module_alignment=&#8221;center&#8221; animation_style=&#8221;zoom&#8221; animation_intensity_zoom=&#8221;20%&#8221; hover_enabled=&#8221;0&#8243;]<\/p>\n<p>D\u00c9COUVREZ LA ZONE TOURISTIQUE DE MOLDOVAN C\u00c2MPULUNG<\/p>\n<p>[\/et_pb_text][et_pb_divider color=&#8221;#ffffff&#8221; divider_position=&#8221;center&#8221; divider_weight=&#8221;3px&#8221; disabled_on=&#8221;off|off|off&#8221; _builder_version=&#8221;3.2&#8243; max_width=&#8221;150px&#8221; module_alignment=&#8221;center&#8221; height=&#8221;false&#8221; animation_style=&#8221;zoom&#8221; animation_delay=&#8221;200ms&#8221; animation_intensity_zoom=&#8221;20%&#8221; locked=&#8221;off&#8221;][\/et_pb_divider][et_pb_text _builder_version=&#8221;4.5.7&#8243; text_font=&#8221;Roboto||||&#8221; text_font_size=&#8221;19px&#8221; text_line_height=&#8221;1.4em&#8221; text_orientation=&#8221;center&#8221; background_layout=&#8221;dark&#8221; max_width=&#8221;750px&#8221; module_alignment=&#8221;center&#8221; custom_padding=&#8221;30px||40px|&#8221; animation_style=&#8221;zoom&#8221; animation_delay=&#8221;300ms&#8221; animation_intensity_zoom=&#8221;20%&#8221; hover_enabled=&#8221;0&#8243;]<\/p>\n<p>Si vous n&#8217;\u00eates pas int\u00e9ress\u00e9 par un itin\u00e9raire touristique, vous pouvez trouver l&#8217;inspiration<br \/>pour planifier vos vacances ou vos vacances dans notre liste d&#8217;attractions touristiques.<\/p>\n<p>[\/et_pb_text][et_pb_button button_url=&#8221;\/obiective-turistice\/&#8221; button_text=&#8221;D\u00e9couvrez les attractions touristiques de la r\u00e9gion!&#8221; button_alignment=&#8221;center&#8221; _builder_version=&#8221;4.5.7&#8243; custom_button=&#8221;on&#8221; button_text_color=&#8221;#ffffff&#8221; button_border_radius=&#8221;0px&#8221; button_letter_spacing=&#8221;4px&#8221; button_font=&#8221;Oswald|on||on|&#8221; button_icon=&#8221;%%3%%&#8221; button_icon_color=&#8221;#ffffff&#8221; background_layout=&#8221;dark&#8221; animation_style=&#8221;zoom&#8221; animation_delay=&#8221;400ms&#8221; animation_intensity_zoom=&#8221;20%&#8221; hover_enabled=&#8221;0&#8243; button_border_color_hover=&#8221;#ffffff&#8221; button_border_radius_hover=&#8221;0px&#8221; button_letter_spacing_hover=&#8221;4px&#8221; button_bg_color_hover=&#8221;rgba(0,0,0,0)&#8221; button_text_size__hover_enabled=&#8221;off&#8221; button_one_text_size__hover_enabled=&#8221;off&#8221; button_two_text_size__hover_enabled=&#8221;off&#8221; button_text_color__hover_enabled=&#8221;off&#8221; button_one_text_color__hover_enabled=&#8221;off&#8221; button_two_text_color__hover_enabled=&#8221;off&#8221; button_border_width__hover_enabled=&#8221;off&#8221; button_one_border_width__hover_enabled=&#8221;off&#8221; button_two_border_width__hover_enabled=&#8221;off&#8221; button_border_color__hover_enabled=&#8221;on&#8221; button_border_color__hover=&#8221;#ffffff&#8221; button_one_border_color__hover_enabled=&#8221;off&#8221; button_two_border_color__hover_enabled=&#8221;off&#8221; button_border_radius__hover_enabled=&#8221;on&#8221; button_border_radius__hover=&#8221;0px&#8221; button_one_border_radius__hover_enabled=&#8221;off&#8221; button_two_border_radius__hover_enabled=&#8221;off&#8221; button_letter_spacing__hover_enabled=&#8221;on&#8221; button_letter_spacing__hover=&#8221;4px&#8221; button_one_letter_spacing__hover_enabled=&#8221;off&#8221; button_two_letter_spacing__hover_enabled=&#8221;off&#8221; button_bg_color__hover_enabled=&#8221;on&#8221; button_bg_color__hover=&#8221;rgba(0,0,0,0)&#8221; button_one_bg_color__hover_enabled=&#8221;off&#8221; button_two_bg_color__hover_enabled=&#8221;off&#8221;][\/et_pb_button][\/et_pb_column][\/et_pb_row][\/et_pb_section]<\/p>\n","protected":false},"excerpt":{"rendered":"<p>[et_pb_section fb_built=&#8221;1&#8243; custom_padding_last_edited=&#8221;on|tablet&#8221; admin_label=&#8221;Packages&#8221; _builder_version=&#8221;4.0.6&#8243; background_color=&#8221;#e8e8e8&#8243; custom_padding=&#8221;52px||36px|||&#8221; custom_padding_tablet=&#8221;0px||0px|&#8221; custom_padding_phone=&#8221;&#8221;][et_pb_row custom_padding_last_edited=&#8221;on|phone&#8221; admin_label=&#8221;Packages Title&#8221; _builder_version=&#8221;3.25&#8243; custom_padding=&#8221;30px|0px|15px|0px||&#8221; custom_padding_tablet=&#8221;60px||0px|&#8221; custom_padding_phone=&#8221;&#8221; locked=&#8221;off&#8221;][et_pb_column type=&#8221;4_4&#8243; _builder_version=&#8221;3.25&#8243; custom_padding=&#8221;|||&#8221; custom_padding__hover=&#8221;|||&#8221;][et_pb_text _builder_version=&#8221;4.0.9&#8243; text_font=&#8221;||||&#8221; text_text_color=&#8221;#1a1a1a&#8221; header_font=&#8221;Oswald|on||on|&#8221; header_text_align=&#8221;left&#8221; header_font_size=&#8221;60px&#8221; header_line_height=&#8221;1.3em&#8221; module_alignment=&#8221;center&#8221; custom_margin=&#8221;|||&#8221; custom_padding=&#8221;|||&#8221; animation_style=&#8221;slide&#8221; animation_direction=&#8221;top&#8221; animation_intensity_slide=&#8221;10%&#8221; locked=&#8221;off&#8221;] INFO VOYAGE [\/et_pb_text][et_pb_divider color=&#8221;#ed4441&#8243; divider_position=&#8221;center&#8221; divider_weight=&#8221;3px&#8221; disabled_on=&#8221;off|off|off&#8221; _builder_version=&#8221;4.0.6&#8243; max_width=&#8221;150px&#8221; module_alignment=&#8221;left&#8221; height=&#8221;false&#8221; custom_margin=&#8221;30px|||&#8221; animation_style=&#8221;slide&#8221; animation_direction=&#8221;top&#8221; animation_delay=&#8221;100ms&#8221; animation_intensity_slide=&#8221;10%&#8221; locked=&#8221;off&#8221;][\/et_pb_divider][\/et_pb_column][\/et_pb_row][\/et_pb_section][et_pb_section fb_built=&#8221;1&#8243; _builder_version=&#8221;4.0.6&#8243; background_color=&#8221;#f7f7f7&#8243; [&hellip;]<\/p>\n","protected":false},"author":1,"featured_media":0,"parent":0,"menu_order":0,"comment_status":"closed","ping_status":"closed","template":"","meta":{"_et_pb_use_builder":"on","_et_pb_old_content":"","_et_gb_content_width":"","footnotes":""},"class_list":["post-460","page","type-page","status-publish","hentry"],"yoast_head":"<!-- This site is optimized with the Yoast SEO plugin v26.6 - https:\/\/yoast.com\/wordpress\/plugins\/seo\/ -->\n<title>Infos voyage - Francais<\/title>\n<meta name=\"robots\" content=\"index, follow, max-snippet:-1, max-image-preview:large, max-video-preview:-1\" \/>\n<link rel=\"canonical\" href=\"https:\/\/cnipt-raraul.ro\/fr\/infos-voyage\/\" \/>\n<meta property=\"og:locale\" content=\"ro_RO\" \/>\n<meta property=\"og:type\" content=\"article\" \/>\n<meta property=\"og:title\" content=\"Infos voyage - Francais\" \/>\n<meta property=\"og:description\" content=\"[et_pb_section fb_built=&#8221;1&#8243; custom_padding_last_edited=&#8221;on|tablet&#8221; admin_label=&#8221;Packages&#8221; _builder_version=&#8221;4.0.6&#8243; background_color=&#8221;#e8e8e8&#8243; custom_padding=&#8221;52px||36px|||&#8221; custom_padding_tablet=&#8221;0px||0px|&#8221; custom_padding_phone=&#8221;&#8221;][et_pb_row custom_padding_last_edited=&#8221;on|phone&#8221; admin_label=&#8221;Packages Title&#8221; _builder_version=&#8221;3.25&#8243; custom_padding=&#8221;30px|0px|15px|0px||&#8221; custom_padding_tablet=&#8221;60px||0px|&#8221; custom_padding_phone=&#8221;&#8221; locked=&#8221;off&#8221;][et_pb_column type=&#8221;4_4&#8243; _builder_version=&#8221;3.25&#8243; custom_padding=&#8221;|||&#8221; custom_padding__hover=&#8221;|||&#8221;][et_pb_text _builder_version=&#8221;4.0.9&#8243; text_font=&#8221;||||&#8221; text_text_color=&#8221;#1a1a1a&#8221; header_font=&#8221;Oswald|on||on|&#8221; header_text_align=&#8221;left&#8221; header_font_size=&#8221;60px&#8221; header_line_height=&#8221;1.3em&#8221; module_alignment=&#8221;center&#8221; custom_margin=&#8221;|||&#8221; custom_padding=&#8221;|||&#8221; animation_style=&#8221;slide&#8221; animation_direction=&#8221;top&#8221; animation_intensity_slide=&#8221;10%&#8221; locked=&#8221;off&#8221;] INFO VOYAGE [\/et_pb_text][et_pb_divider color=&#8221;#ed4441&#8243; divider_position=&#8221;center&#8221; divider_weight=&#8221;3px&#8221; disabled_on=&#8221;off|off|off&#8221; _builder_version=&#8221;4.0.6&#8243; max_width=&#8221;150px&#8221; module_alignment=&#8221;left&#8221; height=&#8221;false&#8221; custom_margin=&#8221;30px|||&#8221; animation_style=&#8221;slide&#8221; animation_direction=&#8221;top&#8221; animation_delay=&#8221;100ms&#8221; animation_intensity_slide=&#8221;10%&#8221; locked=&#8221;off&#8221;][\/et_pb_divider][\/et_pb_column][\/et_pb_row][\/et_pb_section][et_pb_section fb_built=&#8221;1&#8243; _builder_version=&#8221;4.0.6&#8243; background_color=&#8221;#f7f7f7&#8243; [&hellip;]\" \/>\n<meta property=\"og:url\" content=\"https:\/\/cnipt-raraul.ro\/fr\/infos-voyage\/\" \/>\n<meta property=\"og:site_name\" content=\"Francais\" \/>\n<meta property=\"article:modified_time\" content=\"2020-09-07T06:14:23+00:00\" \/>\n<meta name=\"twitter:card\" content=\"summary_large_image\" \/>\n<meta name=\"twitter:label1\" content=\"Timp estimat pentru citire\" \/>\n\t<meta name=\"twitter:data1\" content=\"5 minute\" \/>\n<script type=\"application\/ld+json\" class=\"yoast-schema-graph\">{\"@context\":\"https:\/\/schema.org\",\"@graph\":[{\"@type\":\"WebPage\",\"@id\":\"https:\/\/cnipt-raraul.ro\/fr\/infos-voyage\/\",\"url\":\"https:\/\/cnipt-raraul.ro\/fr\/infos-voyage\/\",\"name\":\"Infos voyage - Francais\",\"isPartOf\":{\"@id\":\"https:\/\/cnipt-raraul.ro\/fr\/#website\"},\"datePublished\":\"2019-12-09T11:39:55+00:00\",\"dateModified\":\"2020-09-07T06:14:23+00:00\",\"breadcrumb\":{\"@id\":\"https:\/\/cnipt-raraul.ro\/fr\/infos-voyage\/#breadcrumb\"},\"inLanguage\":\"ro-RO\",\"potentialAction\":[{\"@type\":\"ReadAction\",\"target\":[\"https:\/\/cnipt-raraul.ro\/fr\/infos-voyage\/\"]}]},{\"@type\":\"BreadcrumbList\",\"@id\":\"https:\/\/cnipt-raraul.ro\/fr\/infos-voyage\/#breadcrumb\",\"itemListElement\":[{\"@type\":\"ListItem\",\"position\":1,\"name\":\"Prima pagin\u0103\",\"item\":\"https:\/\/cnipt-raraul.ro\/fr\/\"},{\"@type\":\"ListItem\",\"position\":2,\"name\":\"Infos voyage\"}]},{\"@type\":\"WebSite\",\"@id\":\"https:\/\/cnipt-raraul.ro\/fr\/#website\",\"url\":\"https:\/\/cnipt-raraul.ro\/fr\/\",\"name\":\"Francais\",\"description\":\"CNIPT\",\"potentialAction\":[{\"@type\":\"SearchAction\",\"target\":{\"@type\":\"EntryPoint\",\"urlTemplate\":\"https:\/\/cnipt-raraul.ro\/fr\/?s={search_term_string}\"},\"query-input\":{\"@type\":\"PropertyValueSpecification\",\"valueRequired\":true,\"valueName\":\"search_term_string\"}}],\"inLanguage\":\"ro-RO\"}]}<\/script>\n<!-- \/ Yoast SEO plugin. -->","yoast_head_json":{"title":"Infos voyage - Francais","robots":{"index":"index","follow":"follow","max-snippet":"max-snippet:-1","max-image-preview":"max-image-preview:large","max-video-preview":"max-video-preview:-1"},"canonical":"https:\/\/cnipt-raraul.ro\/fr\/infos-voyage\/","og_locale":"ro_RO","og_type":"article","og_title":"Infos voyage - Francais","og_description":"[et_pb_section fb_built=&#8221;1&#8243; custom_padding_last_edited=&#8221;on|tablet&#8221; admin_label=&#8221;Packages&#8221; _builder_version=&#8221;4.0.6&#8243; background_color=&#8221;#e8e8e8&#8243; custom_padding=&#8221;52px||36px|||&#8221; custom_padding_tablet=&#8221;0px||0px|&#8221; custom_padding_phone=&#8221;&#8221;][et_pb_row custom_padding_last_edited=&#8221;on|phone&#8221; admin_label=&#8221;Packages Title&#8221; _builder_version=&#8221;3.25&#8243; custom_padding=&#8221;30px|0px|15px|0px||&#8221; custom_padding_tablet=&#8221;60px||0px|&#8221; custom_padding_phone=&#8221;&#8221; locked=&#8221;off&#8221;][et_pb_column type=&#8221;4_4&#8243; _builder_version=&#8221;3.25&#8243; custom_padding=&#8221;|||&#8221; custom_padding__hover=&#8221;|||&#8221;][et_pb_text _builder_version=&#8221;4.0.9&#8243; text_font=&#8221;||||&#8221; text_text_color=&#8221;#1a1a1a&#8221; header_font=&#8221;Oswald|on||on|&#8221; header_text_align=&#8221;left&#8221; header_font_size=&#8221;60px&#8221; header_line_height=&#8221;1.3em&#8221; module_alignment=&#8221;center&#8221; custom_margin=&#8221;|||&#8221; custom_padding=&#8221;|||&#8221; animation_style=&#8221;slide&#8221; animation_direction=&#8221;top&#8221; animation_intensity_slide=&#8221;10%&#8221; locked=&#8221;off&#8221;] INFO VOYAGE [\/et_pb_text][et_pb_divider color=&#8221;#ed4441&#8243; divider_position=&#8221;center&#8221; divider_weight=&#8221;3px&#8221; disabled_on=&#8221;off|off|off&#8221; _builder_version=&#8221;4.0.6&#8243; max_width=&#8221;150px&#8221; module_alignment=&#8221;left&#8221; height=&#8221;false&#8221; custom_margin=&#8221;30px|||&#8221; animation_style=&#8221;slide&#8221; animation_direction=&#8221;top&#8221; animation_delay=&#8221;100ms&#8221; animation_intensity_slide=&#8221;10%&#8221; locked=&#8221;off&#8221;][\/et_pb_divider][\/et_pb_column][\/et_pb_row][\/et_pb_section][et_pb_section fb_built=&#8221;1&#8243; _builder_version=&#8221;4.0.6&#8243; background_color=&#8221;#f7f7f7&#8243; [&hellip;]","og_url":"https:\/\/cnipt-raraul.ro\/fr\/infos-voyage\/","og_site_name":"Francais","article_modified_time":"2020-09-07T06:14:23+00:00","twitter_card":"summary_large_image","twitter_misc":{"Timp estimat pentru citire":"5 minute"},"schema":{"@context":"https:\/\/schema.org","@graph":[{"@type":"WebPage","@id":"https:\/\/cnipt-raraul.ro\/fr\/infos-voyage\/","url":"https:\/\/cnipt-raraul.ro\/fr\/infos-voyage\/","name":"Infos voyage - Francais","isPartOf":{"@id":"https:\/\/cnipt-raraul.ro\/fr\/#website"},"datePublished":"2019-12-09T11:39:55+00:00","dateModified":"2020-09-07T06:14:23+00:00","breadcrumb":{"@id":"https:\/\/cnipt-raraul.ro\/fr\/infos-voyage\/#breadcrumb"},"inLanguage":"ro-RO","potentialAction":[{"@type":"ReadAction","target":["https:\/\/cnipt-raraul.ro\/fr\/infos-voyage\/"]}]},{"@type":"BreadcrumbList","@id":"https:\/\/cnipt-raraul.ro\/fr\/infos-voyage\/#breadcrumb","itemListElement":[{"@type":"ListItem","position":1,"name":"Prima pagin\u0103","item":"https:\/\/cnipt-raraul.ro\/fr\/"},{"@type":"ListItem","position":2,"name":"Infos voyage"}]},{"@type":"WebSite","@id":"https:\/\/cnipt-raraul.ro\/fr\/#website","url":"https:\/\/cnipt-raraul.ro\/fr\/","name":"Francais","description":"CNIPT","potentialAction":[{"@type":"SearchAction","target":{"@type":"EntryPoint","urlTemplate":"https:\/\/cnipt-raraul.ro\/fr\/?s={search_term_string}"},"query-input":{"@type":"PropertyValueSpecification","valueRequired":true,"valueName":"search_term_string"}}],"inLanguage":"ro-RO"}]}},"_links":{"self":[{"href":"https:\/\/cnipt-raraul.ro\/fr\/wp-json\/wp\/v2\/pages\/460","targetHints":{"allow":["GET"]}}],"collection":[{"href":"https:\/\/cnipt-raraul.ro\/fr\/wp-json\/wp\/v2\/pages"}],"about":[{"href":"https:\/\/cnipt-raraul.ro\/fr\/wp-json\/wp\/v2\/types\/page"}],"author":[{"embeddable":true,"href":"https:\/\/cnipt-raraul.ro\/fr\/wp-json\/wp\/v2\/users\/1"}],"replies":[{"embeddable":true,"href":"https:\/\/cnipt-raraul.ro\/fr\/wp-json\/wp\/v2\/comments?post=460"}],"version-history":[{"count":2,"href":"https:\/\/cnipt-raraul.ro\/fr\/wp-json\/wp\/v2\/pages\/460\/revisions"}],"predecessor-version":[{"id":791,"href":"https:\/\/cnipt-raraul.ro\/fr\/wp-json\/wp\/v2\/pages\/460\/revisions\/791"}],"wp:attachment":[{"href":"https:\/\/cnipt-raraul.ro\/fr\/wp-json\/wp\/v2\/media?parent=460"}],"curies":[{"name":"wp","href":"https:\/\/api.w.org\/{rel}","templated":true}]}}