{"id":439,"date":"2019-12-09T10:25:35","date_gmt":"2019-12-09T10:25:35","guid":{"rendered":"https:\/\/cnipt-raraul.ro\/fr\/?page_id=439"},"modified":"2020-09-07T06:15:18","modified_gmt":"2020-09-07T06:15:18","slug":"sites-touristiques","status":"publish","type":"page","link":"https:\/\/cnipt-raraul.ro\/fr\/sites-touristiques\/","title":{"rendered":"Sites touristiques"},"content":{"rendered":"<p>[et_pb_section fb_built=&#8221;1&#8243; custom_padding_last_edited=&#8221;on|tablet&#8221; admin_label=&#8221;Packages&#8221; _builder_version=&#8221;4.0.6&#8243; background_color=&#8221;#e8e8e8&#8243; background_image=&#8221;https:\/\/cnipt-raraul.ro\/fr\/wp-content\/uploads\/sites\/9\/2019\/12\/rarau.jpg&#8221; custom_padding=&#8221;52px||36px|||&#8221; custom_padding_tablet=&#8221;0px||0px|&#8221; custom_padding_phone=&#8221;&#8221;][et_pb_row column_structure=&#8221;1_2,1_2&#8243; custom_padding_last_edited=&#8221;on|phone&#8221; admin_label=&#8221;Packages Title&#8221; _builder_version=&#8221;3.25&#8243; custom_padding=&#8221;30px|0px|15px|0px||&#8221; custom_padding_tablet=&#8221;60px||0px|&#8221; custom_padding_phone=&#8221;&#8221; locked=&#8221;off&#8221;][et_pb_column type=&#8221;1_2&#8243; _builder_version=&#8221;3.25&#8243; custom_padding=&#8221;|||&#8221; custom_padding__hover=&#8221;|||&#8221;][et_pb_text _builder_version=&#8221;4.0.6&#8243; text_font=&#8221;||||&#8221; text_text_color=&#8221;#1a1a1a&#8221; header_font=&#8221;Oswald|on||on|&#8221; header_text_align=&#8221;left&#8221; header_font_size=&#8221;46px&#8221; header_line_height=&#8221;1.3em&#8221; module_alignment=&#8221;center&#8221; custom_margin=&#8221;|||&#8221; custom_padding=&#8221;|||&#8221; animation_style=&#8221;slide&#8221; animation_direction=&#8221;top&#8221; animation_intensity_slide=&#8221;10%&#8221; header_text_shadow_style=&#8221;preset1&#8243; locked=&#8221;off&#8221;]<\/p>\n<h1><span style=\"color: #ffffff;\">SITES TOURISTIQUES<\/span><\/h1>\n<p>[\/et_pb_text][et_pb_divider color=&#8221;#ffffff&#8221; divider_position=&#8221;center&#8221; divider_weight=&#8221;3px&#8221; disabled_on=&#8221;off|off|off&#8221; _builder_version=&#8221;4.0.6&#8243; max_width=&#8221;150px&#8221; module_alignment=&#8221;left&#8221; height=&#8221;false&#8221; custom_margin=&#8221;30px|||&#8221; animation_style=&#8221;slide&#8221; animation_direction=&#8221;top&#8221; animation_delay=&#8221;100ms&#8221; animation_intensity_slide=&#8221;10%&#8221; locked=&#8221;off&#8221;][\/et_pb_divider][\/et_pb_column][et_pb_column type=&#8221;1_2&#8243; _builder_version=&#8221;3.25&#8243; custom_padding=&#8221;|||&#8221; custom_padding__hover=&#8221;|||&#8221;][\/et_pb_column][\/et_pb_row][\/et_pb_section][et_pb_section fb_built=&#8221;1&#8243; _builder_version=&#8221;4.0.6&#8243; custom_padding=&#8221;26px||0px|||&#8221;][et_pb_row _builder_version=&#8221;4.0.6&#8243;][et_pb_column type=&#8221;4_4&#8243; _builder_version=&#8221;4.0.6&#8243;][et_pb_text _builder_version=&#8221;4.0.6&#8243;]<\/p>\n<p>Choisissez de passer des moments de d\u00e9tente entour\u00e9s de montagnes et de paysages incomparables.<\/p>\n<p>La ville de Campulung Moldovenesc est entour\u00e9e par le massif du Rarau, les montagnes Stanisoara, Obcina Mestecanisului et Obcina Feredeului.<\/p>\n<p>L&#8217;endroit parfait pour un s\u00e9jour inoubliable.<\/p>\n<p>[\/et_pb_text][\/et_pb_column][\/et_pb_row][\/et_pb_section][et_pb_section fb_built=&#8221;1&#8243; _builder_version=&#8221;4.0.6&#8243;][et_pb_row column_structure=&#8221;1_3,1_3,1_3&#8243; _builder_version=&#8221;4.0.6&#8243;][et_pb_column type=&#8221;1_3&#8243; _builder_version=&#8221;4.0.6&#8243;][et_pb_image src=&#8221;https:\/\/cnipt-raraul.ro\/fr\/wp-content\/uploads\/sites\/9\/2019\/11\/MASIVUL-RAR\u0102U-1.png&#8221; url=&#8221;\/blog\/2019\/12\/09\/masivul-rarau\/&#8221; _builder_version=&#8221;4.0.6&#8243;][\/et_pb_image][et_pb_text _builder_version=&#8221;4.5.7&#8243; hover_enabled=&#8221;0&#8243;]<\/p>\n<p style=\"text-align: center;\">Le rare fascine et ravit quiconque cherche \u00e0 le d\u00e9couvrir. Le paysage magique et f\u00e9erique pousse ceux qui viennent ici pour la premi\u00e8re fois \u00e0 revenir, encore et encore, comme un appel rituel, une invitation \u00e0 de nouvelles d\u00e9couvertes, \u00e0 de nouvelles aventures, \u00e0 la d\u00e9tente.<\/p>\n<p>[\/et_pb_text][et_pb_button button_url=&#8221;\/blog\/2019\/12\/09\/masivul-rarau\/&#8221; button_text=&#8221;En savoir plus&#8221; button_alignment=&#8221;center&#8221; _builder_version=&#8221;4.5.7&#8243; custom_button=&#8221;on&#8221; button_text_size=&#8221;13px&#8221; button_text_color=&#8221;#27490c&#8221; hover_enabled=&#8221;0&#8243;][\/et_pb_button][\/et_pb_column][et_pb_column type=&#8221;1_3&#8243; _builder_version=&#8221;4.0.6&#8243;][et_pb_image src=&#8221;https:\/\/cnipt-raraul.ro\/fr\/wp-content\/uploads\/sites\/9\/2019\/11\/cheile-moara-dracului.png&#8221; url=&#8221;\/blog\/2019\/12\/09\/cheile-moara-dracului\/&#8221; _builder_version=&#8221;4.0.6&#8243;][\/et_pb_image][et_pb_text _builder_version=&#8221;4.0.6&#8243;]<\/p>\n<p style=\"text-align: center;\">Situ\u00e9es au pied nord-est de Rar\u0103ului, sur le cours sup\u00e9rieur du ruisseau Valea Caselor, les gorges de Moara Dracului sont les gorges les plus belles et les mieux pr\u00e9serv\u00e9es de toute la r\u00e9gion.<\/p>\n<p>[\/et_pb_text][et_pb_button button_url=&#8221;\/blog\/2019\/12\/09\/cheile-moara-dracului\/&#8221; button_text=&#8221;En savoir plus&#8221; button_alignment=&#8221;center&#8221; _builder_version=&#8221;4.5.7&#8243; custom_button=&#8221;on&#8221; button_text_size=&#8221;13px&#8221; button_text_color=&#8221;#27490c&#8221; hover_enabled=&#8221;0&#8243;][\/et_pb_button][\/et_pb_column][et_pb_column type=&#8221;1_3&#8243; _builder_version=&#8221;4.0.6&#8243;][et_pb_image src=&#8221;https:\/\/cnipt-raraul.ro\/fr\/wp-content\/uploads\/sites\/9\/2019\/11\/codri-seculari-slatioara.png&#8221; url=&#8221;\/blog\/2019\/12\/09\/codrul-secular-slatioara\/&#8221; _builder_version=&#8221;4.0.6&#8243;][\/et_pb_image][et_pb_text _builder_version=&#8221;4.0.6&#8243;]<\/p>\n<p style=\"text-align: center;\">Cette r\u00e9serve foresti\u00e8re est situ\u00e9e sur le versant oriental du massif du Rar\u0103u, \u00e9tant l&#8217;une des plus grandes r\u00e9serves foresti\u00e8res du pays, et en termes d&#8217;\u00e2ge, on estime qu&#8217;elle est la plus ancienne for\u00eat du pays, m\u00eame en Europe.<\/p>\n<p>[\/et_pb_text][et_pb_button button_url=&#8221;\/blog\/2019\/12\/09\/codrul-secular-slatioara\/&#8221; button_text=&#8221;En savoir plus&#8221; button_alignment=&#8221;center&#8221; _builder_version=&#8221;4.5.7&#8243; custom_button=&#8221;on&#8221; button_text_size=&#8221;13px&#8221; button_text_color=&#8221;#27490c&#8221; hover_enabled=&#8221;0&#8243;][\/et_pb_button][\/et_pb_column][\/et_pb_row][et_pb_row column_structure=&#8221;1_3,1_3,1_3&#8243; _builder_version=&#8221;4.0.6&#8243;][et_pb_column type=&#8221;1_3&#8243; _builder_version=&#8221;4.0.6&#8243;][et_pb_image src=&#8221;https:\/\/cnipt-raraul.ro\/fr\/wp-content\/uploads\/sites\/9\/2019\/12\/partia-rarau.png&#8221; url=&#8221;\/blog\/2019\/12\/09\/partia-de-schi-rarau\/&#8221; _builder_version=&#8221;4.0.6&#8243;][\/et_pb_image][et_pb_text _builder_version=&#8221;4.0.6&#8243;]<\/p>\n<p style=\"text-align: center;\">La piste de ski de Rar\u0103u est situ\u00e9e sur la route d\u00e9partementale DJ175A, C\u00e2mpulung Moldovenesc &#8211; Chiril, sur le versant nord du mont Rar\u0103u.<\/p>\n<p>[\/et_pb_text][et_pb_button button_url=&#8221;\/blog\/2019\/12\/09\/partia-de-schi-rarau\/&#8221; button_text=&#8221;En savoir plus&#8221; button_alignment=&#8221;center&#8221; _builder_version=&#8221;4.5.7&#8243; custom_button=&#8221;on&#8221; button_text_size=&#8221;13px&#8221; button_text_color=&#8221;#27490c&#8221; hover_enabled=&#8221;0&#8243;][\/et_pb_button][\/et_pb_column][et_pb_column type=&#8221;1_3&#8243; _builder_version=&#8221;4.0.6&#8243;][et_pb_image src=&#8221;https:\/\/cnipt-raraul.ro\/fr\/wp-content\/uploads\/sites\/9\/2019\/12\/muzeu-arta-lemnului-1.png&#8221; url=&#8221;\/blog\/2019\/12\/09\/muzeul-arta-lemnului-din-campulung-moldovenesc\/&#8221; _builder_version=&#8221;4.0.6&#8243;][\/et_pb_image][et_pb_text _builder_version=&#8221;4.0.6&#8243;]<\/p>\n<p style=\"text-align: center;\">Le Mus\u00e9e d&#8217;art du bois de C\u00e2mpulung Moldovenesc pr\u00e9sente une v\u00e9ritable civilisation de la transformation du bois et comprend plus de 15 000 pi\u00e8ces en bois expos\u00e9es dans 20 salles.<\/p>\n<p>[\/et_pb_text][et_pb_button button_url=&#8221;\/blog\/2019\/12\/09\/muzeul-arta-lemnului-din-campulung-moldovenesc\/&#8221; button_text=&#8221;En savoir plus&#8221; button_alignment=&#8221;center&#8221; _builder_version=&#8221;4.5.7&#8243; custom_button=&#8221;on&#8221; button_text_size=&#8221;13px&#8221; button_text_color=&#8221;#27490c&#8221; hover_enabled=&#8221;0&#8243;][\/et_pb_button][\/et_pb_column][et_pb_column type=&#8221;1_3&#8243; _builder_version=&#8221;4.0.6&#8243;][et_pb_image src=&#8221;https:\/\/cnipt-raraul.ro\/fr\/wp-content\/uploads\/sites\/9\/2019\/12\/ion-gramada.png&#8221; url=&#8221;\/blog\/2019\/12\/09\/colectia-etnografica-ioan-gramada\/&#8221; _builder_version=&#8221;4.0.6&#8243;][\/et_pb_image][et_pb_text _builder_version=&#8221;4.5.7&#8243; hover_enabled=&#8221;0&#8243;]<\/p>\n<p style=\"text-align: center;\">La collection ethnographique \u00abIoan Gr\u0103mad\u0103\u00bb, ouverte au public en 1999, capture l&#8217;atmosph\u00e8re charmante d&#8217;une maison traditionnelle de la Bucovine, \u00e0 la fin du XIXe si\u00e8cle.<\/p>\n<p>[\/et_pb_text][et_pb_button button_url=&#8221;\/blog\/2019\/12\/09\/colectia-etnografica-ioan-gramada\/&#8221; button_text=&#8221;En savoir plus&#8221; button_alignment=&#8221;center&#8221; _builder_version=&#8221;4.5.7&#8243; custom_button=&#8221;on&#8221; button_text_size=&#8221;13px&#8221; button_text_color=&#8221;#27490c&#8221; hover_enabled=&#8221;0&#8243;][\/et_pb_button][\/et_pb_column][\/et_pb_row][et_pb_row column_structure=&#8221;1_3,1_3,1_3&#8243; _builder_version=&#8221;4.0.6&#8243;][et_pb_column type=&#8221;1_3&#8243; _builder_version=&#8221;4.0.6&#8243;][et_pb_image src=&#8221;https:\/\/cnipt-raraul.ro\/fr\/wp-content\/uploads\/sites\/9\/2019\/12\/colectia-lingurilor-de-lemn.png&#8221; url=&#8221;\/blog\/2019\/12\/09\/colectia-lingurilor-de-lemn-ioan-tugui\/&#8221; _builder_version=&#8221;4.0.6&#8243;][\/et_pb_image][et_pb_text _builder_version=&#8221;4.0.6&#8243;]<\/p>\n<p style=\"text-align: center;\">La collection du mus\u00e9e des cuill\u00e8res en bois comprend plus de 5 000 objets expos\u00e9s, de diff\u00e9rentes tailles et formes, simples ou richement orn\u00e9s.<\/p>\n<p>[\/et_pb_text][et_pb_button button_url=&#8221;\/2019\/12\/09\/colectia-lingurilor-de-lemn-ioan-tugui\/&#8221; button_text=&#8221;En savoir plus&#8221; button_alignment=&#8221;center&#8221; _builder_version=&#8221;4.5.7&#8243; custom_button=&#8221;on&#8221; button_text_size=&#8221;13px&#8221; button_text_color=&#8221;#27490c&#8221; hover_enabled=&#8221;0&#8243;][\/et_pb_button][\/et_pb_column][et_pb_column type=&#8221;1_3&#8243; _builder_version=&#8221;4.0.6&#8243;][et_pb_image src=&#8221;https:\/\/cnipt-raraul.ro\/fr\/wp-content\/uploads\/sites\/9\/2019\/12\/biserica-Sfantul-Nicolae.png&#8221; url=&#8221;\/blog\/2019\/12\/09\/biserica-ortodoxa-sfantul-nicolae\/&#8221; _builder_version=&#8221;4.0.6&#8243;][\/et_pb_image][et_pb_text _builder_version=&#8221;4.0.6&#8243;]<\/p>\n<p style=\"text-align: center;\">L&#8217;\u00e9glise paroissiale actuelle, aux proportions monumentales, a \u00e9t\u00e9 construite entre 1887 et 1896, avec la b\u00e9n\u00e9diction de Son Eminence le m\u00e9tropolite Silvestru Morariu Andrievici.<\/p>\n<p>[\/et_pb_text][et_pb_button button_url=&#8221;\/blog\/2019\/12\/09\/biserica-ortodoxa-sfantul-nicolae\/&#8221; button_text=&#8221;En savoir plus&#8221; button_alignment=&#8221;center&#8221; _builder_version=&#8221;4.5.7&#8243; custom_button=&#8221;on&#8221; button_text_size=&#8221;13px&#8221; button_text_color=&#8221;#27490c&#8221; hover_enabled=&#8221;0&#8243;][\/et_pb_button][\/et_pb_column][et_pb_column type=&#8221;1_3&#8243; _builder_version=&#8221;4.0.6&#8243;][et_pb_image src=&#8221;https:\/\/cnipt-raraul.ro\/fr\/wp-content\/uploads\/sites\/9\/2019\/12\/Biserica-\u201eNa\u0219terea-Maicii-Domnului\u201d.png&#8221; url=&#8221;\/blog\/2019\/12\/09\/biserica-ortodoxa-nasterea-maicii-domnului\/&#8221; _builder_version=&#8221;4.0.6&#8243;][\/et_pb_image][et_pb_text _builder_version=&#8221;4.5.7&#8243; hover_enabled=&#8221;0&#8243;]<\/p>\n<p style=\"text-align: center;\">La premi\u00e8re \u00e9glise en bois de ce quartier a \u00e9t\u00e9 construite en 1751.<\/p>\n<p>[\/et_pb_text][et_pb_button button_url=&#8221;\/blog\/2019\/12\/09\/biserica-ortodoxa-nasterea-maicii-domnului\/&#8221; button_text=&#8221;En savoir plus&#8221; button_alignment=&#8221;center&#8221; _builder_version=&#8221;4.5.7&#8243; custom_button=&#8221;on&#8221; button_text_size=&#8221;13px&#8221; button_text_color=&#8221;#27490c&#8221; hover_enabled=&#8221;0&#8243;][\/et_pb_button][\/et_pb_column][\/et_pb_row][et_pb_row column_structure=&#8221;1_3,1_3,1_3&#8243; _builder_version=&#8221;4.0.6&#8243;][et_pb_column type=&#8221;1_3&#8243; _builder_version=&#8221;4.0.6&#8243;][et_pb_image src=&#8221;https:\/\/cnipt-raraul.ro\/fr\/wp-content\/uploads\/sites\/9\/2019\/12\/Biserica-Ortodox\u0103-\u201eIzvorul-T\u0103m\u0103duirii\u201d.png&#8221; url=&#8221;\/blog\/2019\/12\/09\/biserica-ortodoxa-izvorul-tamaduirii\/&#8221; _builder_version=&#8221;4.0.6&#8243;][\/et_pb_image][et_pb_text _builder_version=&#8221;4.0.6&#8243;]<\/p>\n<p style=\"text-align: center;\">L&#8217;\u00e9glise, branche de la paroisse \u00abNaissance de la M\u00e8re de Dieu\u00bb, a \u00e9t\u00e9 construite entre 2001-2009 \u00e0 l&#8217;initiative du fondateur Alexandru Alboi \u0218andru et de la coordination du cur\u00e9 Teodor Giosan.<\/p>\n<p>[\/et_pb_text][et_pb_button button_url=&#8221;\/blog\/2019\/12\/09\/biserica-ortodoxa-izvorul-tamaduirii\/&#8221; button_text=&#8221;En savoir plus&#8221; button_alignment=&#8221;center&#8221; _builder_version=&#8221;4.5.7&#8243; custom_button=&#8221;on&#8221; button_text_size=&#8221;13px&#8221; button_text_color=&#8221;#27490c&#8221; hover_enabled=&#8221;0&#8243;][\/et_pb_button][\/et_pb_column][et_pb_column type=&#8221;1_3&#8243; _builder_version=&#8221;4.0.6&#8243;][et_pb_image src=&#8221;https:\/\/cnipt-raraul.ro\/fr\/wp-content\/uploads\/sites\/9\/2019\/12\/Biserica-Romano-Catolic\u0103-din-C\u00e2mpulung-Moldovenesc.png&#8221; url=&#8221;\/blog\/2019\/12\/09\/biserica-romano-catolica-din-campulung-moldovenesc\/&#8221; _builder_version=&#8221;4.0.6&#8243;][\/et_pb_image][et_pb_text _builder_version=&#8221;4.0.6&#8243;]<\/p>\n<p style=\"text-align: center;\">Au d\u00e9but du XIXe si\u00e8cle, \u00e0 la suite d&#8217;une disposition imp\u00e9riale de l&#8217;empereur Fran\u00e7ois Ier, qui exigeait que \u00abpartout en Bucovine, o\u00f9 il y a des habitants catholiques, des \u00e9glises soient construites \u00e0 partir du mur\u00bb, la construction a commenc\u00e9 &#8230;<\/p>\n<p>[\/et_pb_text][et_pb_button button_url=&#8221;\/blog\/2019\/12\/09\/biserica-romano-catolica-din-campulung-moldovenesc\/&#8221; button_text=&#8221;En savoir plus&#8221; button_alignment=&#8221;center&#8221; _builder_version=&#8221;4.5.7&#8243; custom_button=&#8221;on&#8221; button_text_size=&#8221;13px&#8221; button_text_color=&#8221;#27490c&#8221; hover_enabled=&#8221;0&#8243;][\/et_pb_button][\/et_pb_column][et_pb_column type=&#8221;1_3&#8243; _builder_version=&#8221;4.0.6&#8243;][et_pb_image src=&#8221;https:\/\/cnipt-raraul.ro\/fr\/wp-content\/uploads\/sites\/9\/2019\/12\/Templul-Havre-Gah.png&#8221; url=&#8221;\/blog\/2019\/12\/09\/templul-havre-gah\/&#8221; _builder_version=&#8221;4.0.6&#8243;][\/et_pb_image][et_pb_text _builder_version=&#8221;4.0.6&#8243;]<\/p>\n<p style=\"text-align: center;\">Le temple Havre Gah est un lieu de culte juif, situ\u00e9 sur la rue Arboroasa no. 1, \u00e0 proximit\u00e9 du march\u00e9 agroalimentaire.<\/p>\n<p>[\/et_pb_text][et_pb_button button_url=&#8221;\/blog\/2019\/12\/09\/templul-havre-gah\/&#8221; button_text=&#8221;En savoir plus&#8221; button_alignment=&#8221;center&#8221; _builder_version=&#8221;4.5.7&#8243; custom_button=&#8221;on&#8221; button_text_size=&#8221;13px&#8221; button_text_color=&#8221;#27490c&#8221; hover_enabled=&#8221;0&#8243;][\/et_pb_button][\/et_pb_column][\/et_pb_row][\/et_pb_section][et_pb_section fb_built=&#8221;1&#8243; custom_padding_last_edited=&#8221;on|phone&#8221; admin_label=&#8221;Offer&#8221; _builder_version=&#8221;4.0.6&#8243; background_color=&#8221;rgba(0,0,0,0.5)&#8221; background_image=&#8221;https:\/\/cnipt-raraul.ro\/fr\/wp-content\/uploads\/sites\/9\/2019\/11\/campulung-1.jpg&#8221; background_blend=&#8221;color&#8221; custom_padding=&#8221;120px||120px|&#8221; custom_padding_tablet=&#8221;80px||80px|&#8221; custom_padding_phone=&#8221;&#8221; locked=&#8221;off&#8221;][\/et_pb_section]<\/p>\n","protected":false},"excerpt":{"rendered":"<p>[et_pb_section fb_built=&#8221;1&#8243; custom_padding_last_edited=&#8221;on|tablet&#8221; admin_label=&#8221;Packages&#8221; _builder_version=&#8221;4.0.6&#8243; background_color=&#8221;#e8e8e8&#8243; background_image=&#8221;https:\/\/cnipt-raraul.ro\/fr\/wp-content\/uploads\/sites\/9\/2019\/12\/rarau.jpg&#8221; custom_padding=&#8221;52px||36px|||&#8221; custom_padding_tablet=&#8221;0px||0px|&#8221; custom_padding_phone=&#8221;&#8221;][et_pb_row column_structure=&#8221;1_2,1_2&#8243; custom_padding_last_edited=&#8221;on|phone&#8221; admin_label=&#8221;Packages Title&#8221; _builder_version=&#8221;3.25&#8243; custom_padding=&#8221;30px|0px|15px|0px||&#8221; custom_padding_tablet=&#8221;60px||0px|&#8221; custom_padding_phone=&#8221;&#8221; locked=&#8221;off&#8221;][et_pb_column type=&#8221;1_2&#8243; _builder_version=&#8221;3.25&#8243; custom_padding=&#8221;|||&#8221; custom_padding__hover=&#8221;|||&#8221;][et_pb_text _builder_version=&#8221;4.0.6&#8243; text_font=&#8221;||||&#8221; text_text_color=&#8221;#1a1a1a&#8221; header_font=&#8221;Oswald|on||on|&#8221; header_text_align=&#8221;left&#8221; header_font_size=&#8221;46px&#8221; header_line_height=&#8221;1.3em&#8221; module_alignment=&#8221;center&#8221; custom_margin=&#8221;|||&#8221; custom_padding=&#8221;|||&#8221; animation_style=&#8221;slide&#8221; animation_direction=&#8221;top&#8221; animation_intensity_slide=&#8221;10%&#8221; header_text_shadow_style=&#8221;preset1&#8243; locked=&#8221;off&#8221;] SITES TOURISTIQUES [\/et_pb_text][et_pb_divider color=&#8221;#ffffff&#8221; divider_position=&#8221;center&#8221; divider_weight=&#8221;3px&#8221; disabled_on=&#8221;off|off|off&#8221; _builder_version=&#8221;4.0.6&#8243; max_width=&#8221;150px&#8221; module_alignment=&#8221;left&#8221; height=&#8221;false&#8221; custom_margin=&#8221;30px|||&#8221; animation_style=&#8221;slide&#8221; animation_direction=&#8221;top&#8221; animation_delay=&#8221;100ms&#8221; animation_intensity_slide=&#8221;10%&#8221; locked=&#8221;off&#8221;][\/et_pb_divider][\/et_pb_column][et_pb_column [&hellip;]<\/p>\n","protected":false},"author":1,"featured_media":0,"parent":0,"menu_order":0,"comment_status":"closed","ping_status":"closed","template":"","meta":{"_et_pb_use_builder":"on","_et_pb_old_content":"","_et_gb_content_width":"","footnotes":""},"class_list":["post-439","page","type-page","status-publish","hentry"],"yoast_head":"<!-- This site is optimized with the Yoast SEO plugin v26.6 - https:\/\/yoast.com\/wordpress\/plugins\/seo\/ -->\n<title>Obiective turistice Campulung Moldovenesc - CNIPT Rarau<\/title>\n<meta name=\"description\" content=\"Descopera obiectivele turistice din Campulung Moldovenesc si imprejurimi. Vezi recomandarile noastre. Informa\u021bii despre obiectivele \u0219i activit\u0103\u021bile turistice locale.\" \/>\n<meta name=\"robots\" content=\"index, follow, max-snippet:-1, max-image-preview:large, max-video-preview:-1\" \/>\n<link rel=\"canonical\" href=\"https:\/\/cnipt-raraul.ro\/fr\/sites-touristiques\/\" \/>\n<meta property=\"og:locale\" content=\"ro_RO\" \/>\n<meta property=\"og:type\" content=\"article\" \/>\n<meta property=\"og:title\" content=\"Obiective turistice Campulung Moldovenesc - CNIPT Rarau\" \/>\n<meta property=\"og:description\" content=\"Descopera obiectivele turistice din Campulung Moldovenesc si imprejurimi. Vezi recomandarile noastre. Informa\u021bii despre obiectivele \u0219i activit\u0103\u021bile turistice locale.\" \/>\n<meta property=\"og:url\" content=\"https:\/\/cnipt-raraul.ro\/fr\/sites-touristiques\/\" \/>\n<meta property=\"og:site_name\" content=\"Francais\" \/>\n<meta property=\"article:modified_time\" content=\"2020-09-07T06:15:18+00:00\" \/>\n<meta name=\"twitter:card\" content=\"summary_large_image\" \/>\n<meta name=\"twitter:label1\" content=\"Timp estimat pentru citire\" \/>\n\t<meta name=\"twitter:data1\" content=\"8 minute\" \/>\n<script type=\"application\/ld+json\" class=\"yoast-schema-graph\">{\"@context\":\"https:\/\/schema.org\",\"@graph\":[{\"@type\":\"WebPage\",\"@id\":\"https:\/\/cnipt-raraul.ro\/fr\/sites-touristiques\/\",\"url\":\"https:\/\/cnipt-raraul.ro\/fr\/sites-touristiques\/\",\"name\":\"Obiective turistice Campulung Moldovenesc - CNIPT Rarau\",\"isPartOf\":{\"@id\":\"https:\/\/cnipt-raraul.ro\/fr\/#website\"},\"datePublished\":\"2019-12-09T10:25:35+00:00\",\"dateModified\":\"2020-09-07T06:15:18+00:00\",\"description\":\"Descopera obiectivele turistice din Campulung Moldovenesc si imprejurimi. Vezi recomandarile noastre. Informa\u021bii despre obiectivele \u0219i activit\u0103\u021bile turistice locale.\",\"breadcrumb\":{\"@id\":\"https:\/\/cnipt-raraul.ro\/fr\/sites-touristiques\/#breadcrumb\"},\"inLanguage\":\"ro-RO\",\"potentialAction\":[{\"@type\":\"ReadAction\",\"target\":[\"https:\/\/cnipt-raraul.ro\/fr\/sites-touristiques\/\"]}]},{\"@type\":\"BreadcrumbList\",\"@id\":\"https:\/\/cnipt-raraul.ro\/fr\/sites-touristiques\/#breadcrumb\",\"itemListElement\":[{\"@type\":\"ListItem\",\"position\":1,\"name\":\"Prima pagin\u0103\",\"item\":\"https:\/\/cnipt-raraul.ro\/fr\/\"},{\"@type\":\"ListItem\",\"position\":2,\"name\":\"Sites touristiques\"}]},{\"@type\":\"WebSite\",\"@id\":\"https:\/\/cnipt-raraul.ro\/fr\/#website\",\"url\":\"https:\/\/cnipt-raraul.ro\/fr\/\",\"name\":\"Francais\",\"description\":\"CNIPT\",\"potentialAction\":[{\"@type\":\"SearchAction\",\"target\":{\"@type\":\"EntryPoint\",\"urlTemplate\":\"https:\/\/cnipt-raraul.ro\/fr\/?s={search_term_string}\"},\"query-input\":{\"@type\":\"PropertyValueSpecification\",\"valueRequired\":true,\"valueName\":\"search_term_string\"}}],\"inLanguage\":\"ro-RO\"}]}<\/script>\n<!-- \/ Yoast SEO plugin. -->","yoast_head_json":{"title":"Obiective turistice Campulung Moldovenesc - CNIPT Rarau","description":"Descopera obiectivele turistice din Campulung Moldovenesc si imprejurimi. Vezi recomandarile noastre. Informa\u021bii despre obiectivele \u0219i activit\u0103\u021bile turistice locale.","robots":{"index":"index","follow":"follow","max-snippet":"max-snippet:-1","max-image-preview":"max-image-preview:large","max-video-preview":"max-video-preview:-1"},"canonical":"https:\/\/cnipt-raraul.ro\/fr\/sites-touristiques\/","og_locale":"ro_RO","og_type":"article","og_title":"Obiective turistice Campulung Moldovenesc - CNIPT Rarau","og_description":"Descopera obiectivele turistice din Campulung Moldovenesc si imprejurimi. Vezi recomandarile noastre. Informa\u021bii despre obiectivele \u0219i activit\u0103\u021bile turistice locale.","og_url":"https:\/\/cnipt-raraul.ro\/fr\/sites-touristiques\/","og_site_name":"Francais","article_modified_time":"2020-09-07T06:15:18+00:00","twitter_card":"summary_large_image","twitter_misc":{"Timp estimat pentru citire":"8 minute"},"schema":{"@context":"https:\/\/schema.org","@graph":[{"@type":"WebPage","@id":"https:\/\/cnipt-raraul.ro\/fr\/sites-touristiques\/","url":"https:\/\/cnipt-raraul.ro\/fr\/sites-touristiques\/","name":"Obiective turistice Campulung Moldovenesc - CNIPT Rarau","isPartOf":{"@id":"https:\/\/cnipt-raraul.ro\/fr\/#website"},"datePublished":"2019-12-09T10:25:35+00:00","dateModified":"2020-09-07T06:15:18+00:00","description":"Descopera obiectivele turistice din Campulung Moldovenesc si imprejurimi. Vezi recomandarile noastre. Informa\u021bii despre obiectivele \u0219i activit\u0103\u021bile turistice locale.","breadcrumb":{"@id":"https:\/\/cnipt-raraul.ro\/fr\/sites-touristiques\/#breadcrumb"},"inLanguage":"ro-RO","potentialAction":[{"@type":"ReadAction","target":["https:\/\/cnipt-raraul.ro\/fr\/sites-touristiques\/"]}]},{"@type":"BreadcrumbList","@id":"https:\/\/cnipt-raraul.ro\/fr\/sites-touristiques\/#breadcrumb","itemListElement":[{"@type":"ListItem","position":1,"name":"Prima pagin\u0103","item":"https:\/\/cnipt-raraul.ro\/fr\/"},{"@type":"ListItem","position":2,"name":"Sites touristiques"}]},{"@type":"WebSite","@id":"https:\/\/cnipt-raraul.ro\/fr\/#website","url":"https:\/\/cnipt-raraul.ro\/fr\/","name":"Francais","description":"CNIPT","potentialAction":[{"@type":"SearchAction","target":{"@type":"EntryPoint","urlTemplate":"https:\/\/cnipt-raraul.ro\/fr\/?s={search_term_string}"},"query-input":{"@type":"PropertyValueSpecification","valueRequired":true,"valueName":"search_term_string"}}],"inLanguage":"ro-RO"}]}},"_links":{"self":[{"href":"https:\/\/cnipt-raraul.ro\/fr\/wp-json\/wp\/v2\/pages\/439","targetHints":{"allow":["GET"]}}],"collection":[{"href":"https:\/\/cnipt-raraul.ro\/fr\/wp-json\/wp\/v2\/pages"}],"about":[{"href":"https:\/\/cnipt-raraul.ro\/fr\/wp-json\/wp\/v2\/types\/page"}],"author":[{"embeddable":true,"href":"https:\/\/cnipt-raraul.ro\/fr\/wp-json\/wp\/v2\/users\/1"}],"replies":[{"embeddable":true,"href":"https:\/\/cnipt-raraul.ro\/fr\/wp-json\/wp\/v2\/comments?post=439"}],"version-history":[{"count":2,"href":"https:\/\/cnipt-raraul.ro\/fr\/wp-json\/wp\/v2\/pages\/439\/revisions"}],"predecessor-version":[{"id":795,"href":"https:\/\/cnipt-raraul.ro\/fr\/wp-json\/wp\/v2\/pages\/439\/revisions\/795"}],"wp:attachment":[{"href":"https:\/\/cnipt-raraul.ro\/fr\/wp-json\/wp\/v2\/media?parent=439"}],"curies":[{"name":"wp","href":"https:\/\/api.w.org\/{rel}","templated":true}]}}