{"id":226,"date":"2019-12-05T10:19:53","date_gmt":"2019-12-05T10:19:53","guid":{"rendered":"https:\/\/cnipt-raraul.ro\/fr\/?page_id=226"},"modified":"2020-09-07T06:14:42","modified_gmt":"2020-09-07T06:14:42","slug":"localisation-histoire","status":"publish","type":"page","link":"https:\/\/cnipt-raraul.ro\/fr\/localisation-histoire\/","title":{"rendered":"Localisation \/ Histoire"},"content":{"rendered":"<p>[et_pb_section fb_built=&#8221;1&#8243; _builder_version=&#8221;4.0.6&#8243; background_color=&#8221;#e2e2e2&#8243; custom_padding=&#8221;||0px|||&#8221;][et_pb_row column_structure=&#8221;3_5,2_5&#8243; _builder_version=&#8221;4.0.6&#8243;][et_pb_column type=&#8221;3_5&#8243; _builder_version=&#8221;4.0.6&#8243;][et_pb_text _builder_version=&#8221;4.0.6&#8243;]<\/p>\n<h1>LOCALIZARE \/ ISTORIC<\/h1>\n<p>[\/et_pb_text][\/et_pb_column][et_pb_column type=&#8221;2_5&#8243; _builder_version=&#8221;4.0.6&#8243;][et_pb_social_media_follow _builder_version=&#8221;4.0.6&#8243;][et_pb_social_media_follow_network social_network=&#8221;facebook&#8221; url=&#8221;https:\/\/www.facebook.com\/Visit-C%C3%A2mpulung-Moldovenesc-274307189569972\/&#8221; _builder_version=&#8221;4.0.6&#8243; background_color=&#8221;#3b5998&#8243; follow_button=&#8221;off&#8221; url_new_window=&#8221;on&#8221;]facebook[\/et_pb_social_media_follow_network][et_pb_social_media_follow_network social_network=&#8221;youtube&#8221; _builder_version=&#8221;4.0.6&#8243; background_color=&#8221;#a82400&#8243; follow_button=&#8221;off&#8221; url_new_window=&#8221;on&#8221;]youtube[\/et_pb_social_media_follow_network][\/et_pb_social_media_follow][\/et_pb_column][\/et_pb_row][\/et_pb_section][et_pb_section fb_built=&#8221;1&#8243; _builder_version=&#8221;4.0.6&#8243; custom_padding=&#8221;0px|||||&#8221;][et_pb_row column_structure=&#8221;2_5,3_5&#8243; _builder_version=&#8221;4.0.6&#8243; custom_padding=&#8221;70px|||||&#8221;][et_pb_column type=&#8221;2_5&#8243; _builder_version=&#8221;4.0.6&#8243;][et_pb_text _builder_version=&#8221;4.5.7&#8243; hover_enabled=&#8221;0&#8243;]<\/p>\n<h2><b>LOCALIZARE<\/b><\/h2>\n<p>&nbsp;<\/p>\n<p>Entour\u00e9e de pics bois\u00e9s, au centre de la Bucovine roumaine, la commune de C\u00e2mpulung Moldovenesc s&#8217;\u00e9tend aujourd&#8217;hui sur une distance de 14 km, dans la d\u00e9pression du m\u00eame nom sur le cours moyen de la rivi\u00e8re Moldavie.<\/p>\n<p>Situ\u00e9e \u00e0 une altitude de 620 m, la commune est situ\u00e9e dans la partie centre-ouest du <a href=\"https:\/\/fr.wikipedia.org\/wiki\/Jude\u021b_de_Suceava\">comt\u00e9 de Suceava<\/a>, \u00e0 l&#8217;intersection des coordonn\u00e9es 47 \u00b0 32 &#8216;de latitude nord et 25 \u00b0 33&#8217; de longitude est.<\/p>\n<p>En raison de sa position g\u00e9ographique extr\u00eamement favorable, la municipalit\u00e9 est situ\u00e9e \u00e0 l&#8217;intersection des principales voies ferr\u00e9es et routi\u00e8res, qui relient la Moldavie \u00e0 la Transylvanie et \u00e0 Maramure\u0219.<\/p>\n<p>[\/et_pb_text][\/et_pb_column][et_pb_column type=&#8221;3_5&#8243; _builder_version=&#8221;4.0.6&#8243;][et_pb_code _builder_version=&#8221;4.0.6&#8243;]<iframe loading=\"lazy\" src=\"https:\/\/www.google.com\/maps\/embed?pb=!1m18!1m12!1m3!1d86228.78480547035!2d25.49504925871799!3d47.516216277969285!2m3!1f0!2f0!3f0!3m2!1i1024!2i768!4f13.1!3m3!1m2!1s0x4735b9438a93794f%3A0xb917cfa20ca33da4!2sC%C3%A2mpulung%20Moldovenesc%20725100!5e0!3m2!1sro!2sro!4v1575541155250!5m2!1sro!2sro\" width=\"100%\" height=\"350\" frameborder=\"0\" style=\"border:0;\" allowfullscreen=\"\"><\/iframe>[\/et_pb_code][\/et_pb_column][\/et_pb_row][\/et_pb_section][et_pb_section fb_built=&#8221;1&#8243; _builder_version=&#8221;4.0.6&#8243; background_color=&#8221;rgba(107,101,4,0.15)&#8221;][et_pb_row column_structure=&#8221;1_3,1_3,1_3&#8243; _builder_version=&#8221;4.0.6&#8243;][et_pb_column type=&#8221;1_3&#8243; _builder_version=&#8221;4.0.6&#8243;][et_pb_text _builder_version=&#8221;4.5.7&#8243; hover_enabled=&#8221;0&#8243;]<\/p>\n<h2>HISTORIQUE<\/h2>\n<p>C&#8217;\u00e9tait autrefois, il y a tr\u00e8s, tr\u00e8s longtemps, quand les aigles regardaient l&#8217;air depuis les hauteurs, et les bisons dispersaient des diamants sur leurs narines, quand le chant des oiseaux et le murmure des sources s&#8217;\u00e9panouissaient avec le chant, au pied de la montagne Rar\u0103u et des &#8222;Lady&#8217;s Stones&#8221;, d&#8217;o\u00f9 se l\u00e8ve comme une source argent\u00e9e vivante, \u00e9tait un grand et profond \u00e9tang. L&#8217;eau ne pouvait pas s&#8217;\u00e9couler, car les roches, appel\u00e9es Pietrele Buhii, \u00e9taient impr\u00e9gn\u00e9es \u00e0 cette \u00e9poque et dans cet \u00e9tang vivait un dragon &#8230; \u00bb<\/p>\n<p>C&#8217;est ce que dit une l\u00e9gende, enregistr\u00e9e par le Prof. Gra\u0163ian Jucan dans l&#8217;ouvrage C\u00e2mpulung Moldovenesc &#8211; Vatr\u0103 folcloric\u0103 (Bucarest, 1975). Sa r\u00e9compense fut la libert\u00e9 et la terre, puis \u00e0 la recherche d&#8217;une fille et d&#8217;un endroit pour s&#8217;asseoir, il atteignit la terre o\u00f9 se trouve aujourd&#8217;hui la ville, s&#8217;exclamant, avec un \u00e9tonnement sinc\u00e8re: Oh, quel long champ!<\/p>\n<p>[\/et_pb_text][\/et_pb_column][et_pb_column type=&#8221;1_3&#8243; _builder_version=&#8221;4.0.6&#8243;][et_pb_image src=&#8221;https:\/\/cnipt-raraul.ro\/fr\/wp-content\/uploads\/sites\/9\/2019\/12\/Strada-principala\u0306-Zona-Palatului-Comunal.jpg&#8221; _builder_version=&#8221;4.0.6&#8243; border_width_all=&#8221;10px&#8221; border_color_all=&#8221;#054206&#8243;][\/et_pb_image][et_pb_image src=&#8221;https:\/\/cnipt-raraul.ro\/fr\/wp-content\/uploads\/sites\/9\/2019\/12\/CMPULUNG.jpg&#8221; _builder_version=&#8221;4.0.6&#8243; border_width_all=&#8221;10px&#8221; border_color_all=&#8221;#054206&#8243;][\/et_pb_image][\/et_pb_column][et_pb_column type=&#8221;1_3&#8243; _builder_version=&#8221;4.0.6&#8243;][et_pb_text _builder_version=&#8221;4.5.7&#8243; hover_enabled=&#8221;0&#8243;]<\/p>\n<p>&nbsp;<\/p>\n<p>C\u00e2mpulung Moldovenesc est une ancienne colonie du Haut-Pays de Moldavie &#8211; soigneusement \u00e9tudi\u00e9e par des historiens tels que Dimitrie Cantemir, T.V. Stefanelli, Theodor B\u0103lan avec une longue histoire, dont les d\u00e9buts vont au-del\u00e0 des donn\u00e9es enregistr\u00e9es dans les actes. C\u00e2mpulung avait son foyer sur l&#8217;un des affluents de la Moldavie &#8211; Valea Caselor &#8211; mais apr\u00e8s que l&#8217;ancienne colonie ait \u00e9t\u00e9 incendi\u00e9e avec le passage des Tartares, les gens se sont install\u00e9s dans la vall\u00e9e moldave, \u00e0 l&#8217;endroit encore appel\u00e9 Capu Satului.<\/p>\n<p>La petite ville ici attirait d&#8217;autres colonies \u00e0 proximit\u00e9 et \u00e9tait une par une: le centre d&#8217;une union de communes de village, o\u00f9 les habitants travaillaient ensemble, poss\u00e9daient du b\u00e9tail, des moutons et des p\u00e2turages ensemble, se d\u00e9fendaient ensemble de la nature sauvage des montagnes et des invasions ennemies, la capitale d&#8217;un parti politique, o\u00f9, selon les l\u00e9gendes, ils ont cess\u00e9 de venir de Maramure\u015f et Drago\u015f, d\u00e9barquant dans le pays d&#8217;en bas, dans la vall\u00e9e moldave, \u00e0 Baia, et Bogdan I, le fondateur de l&#8217;Etat f\u00e9odal ind\u00e9pendant de Moldavie: et puis, centre du \u00abpays\u00bb ou du district, avec un r\u00e9gime sp\u00e9cial dans presque toute l&#8217;\u00e8re m\u00e9di\u00e9vale.<\/p>\n<p>&nbsp;<\/p>\n<p>[\/et_pb_text][\/et_pb_column][\/et_pb_row][et_pb_row column_structure=&#8221;1_2,1_2&#8243; _builder_version=&#8221;4.0.6&#8243;][et_pb_column type=&#8221;1_2&#8243; _builder_version=&#8221;4.0.6&#8243;][et_pb_text _builder_version=&#8221;4.5.7&#8243; hover_enabled=&#8221;0&#8243;]<\/p>\n<p>La premi\u00e8re attestation de la C\u00eempulung moldave appara\u00eet dans un document du 14 avril 1411, du temps d&#8217;Alexandre le Bon, par lequel le monast\u00e8re de Moldovita re\u00e7ut le village de Vama, situ\u00e9 en contrebas du \u00abvillage de C\u00eempulung\u00bb. Depuis lors, l&#8217;Ocolul C\u00eempulungului Moldovenesc appara\u00eet fr\u00e9quemment dans les documents de l&#8217;\u00e9poque, dans les actes et urices de l&#8217;\u00e9poque de \u015etefan cel Mare, Bogdan cel Chior, Petru Rare\u015f, qui donnent aux monast\u00e8res des montagnes et des vall\u00e9es du territoire du district.<\/p>\n<p>La naissance, le d\u00e9veloppement et l&#8217;\u00e9volution dans le temps de la colonie de C\u00e2mpulung Moldovenesc ont \u00e9t\u00e9 favoris\u00e9s par la position g\u00e9ographique, la richesse du sol mais surtout par le courage et la diligence des gens, c\u00e9l\u00e8bres bergers et \u00e9leveurs de b\u00e9tail, artisans du bois in\u00e9gal\u00e9s, chasseurs, charpentiers, fourreurs.<\/p>\n<p>[\/et_pb_text][\/et_pb_column][et_pb_column type=&#8221;1_2&#8243; _builder_version=&#8221;4.0.6&#8243;][et_pb_image src=&#8221;https:\/\/cnipt-raraul.ro\/fr\/wp-content\/uploads\/sites\/9\/2019\/12\/CAMPULUNG-OLD.jpg&#8221; _builder_version=&#8221;4.0.6&#8243; width=&#8221;70%&#8221; module_alignment=&#8221;center&#8221; border_width_all=&#8221;10px&#8221; border_color_all=&#8221;#054206&#8243;][\/et_pb_image][\/et_pb_column][\/et_pb_row][\/et_pb_section]<\/p>\n","protected":false},"excerpt":{"rendered":"<p>[et_pb_section fb_built=&#8221;1&#8243; _builder_version=&#8221;4.0.6&#8243; background_color=&#8221;#e2e2e2&#8243; custom_padding=&#8221;||0px|||&#8221;][et_pb_row column_structure=&#8221;3_5,2_5&#8243; _builder_version=&#8221;4.0.6&#8243;][et_pb_column type=&#8221;3_5&#8243; _builder_version=&#8221;4.0.6&#8243;][et_pb_text _builder_version=&#8221;4.0.6&#8243;] LOCALIZARE \/ ISTORIC [\/et_pb_text][\/et_pb_column][et_pb_column type=&#8221;2_5&#8243; _builder_version=&#8221;4.0.6&#8243;][et_pb_social_media_follow _builder_version=&#8221;4.0.6&#8243;][et_pb_social_media_follow_network social_network=&#8221;facebook&#8221; url=&#8221;https:\/\/www.facebook.com\/Visit-C%C3%A2mpulung-Moldovenesc-274307189569972\/&#8221; _builder_version=&#8221;4.0.6&#8243; background_color=&#8221;#3b5998&#8243; follow_button=&#8221;off&#8221; url_new_window=&#8221;on&#8221;]facebook[\/et_pb_social_media_follow_network][et_pb_social_media_follow_network social_network=&#8221;youtube&#8221; _builder_version=&#8221;4.0.6&#8243; background_color=&#8221;#a82400&#8243; follow_button=&#8221;off&#8221; url_new_window=&#8221;on&#8221;]youtube[\/et_pb_social_media_follow_network][\/et_pb_social_media_follow][\/et_pb_column][\/et_pb_row][\/et_pb_section][et_pb_section fb_built=&#8221;1&#8243; _builder_version=&#8221;4.0.6&#8243; custom_padding=&#8221;0px|||||&#8221;][et_pb_row column_structure=&#8221;2_5,3_5&#8243; _builder_version=&#8221;4.0.6&#8243; custom_padding=&#8221;70px|||||&#8221;][et_pb_column type=&#8221;2_5&#8243; _builder_version=&#8221;4.0.6&#8243;][et_pb_text _builder_version=&#8221;4.5.7&#8243; hover_enabled=&#8221;0&#8243;] LOCALIZARE &nbsp; Entour\u00e9e de pics bois\u00e9s, au centre de la Bucovine roumaine, la commune de C\u00e2mpulung Moldovenesc [&hellip;]<\/p>\n","protected":false},"author":1,"featured_media":0,"parent":0,"menu_order":0,"comment_status":"closed","ping_status":"closed","template":"","meta":{"_et_pb_use_builder":"on","_et_pb_old_content":"","_et_gb_content_width":"","footnotes":""},"class_list":["post-226","page","type-page","status-publish","hentry"],"yoast_head":"<!-- This site is optimized with the Yoast SEO plugin v26.6 - https:\/\/yoast.com\/wordpress\/plugins\/seo\/ -->\n<title>Localisation \/ Histoire - Francais<\/title>\n<meta name=\"robots\" content=\"index, follow, max-snippet:-1, max-image-preview:large, max-video-preview:-1\" \/>\n<link rel=\"canonical\" href=\"https:\/\/cnipt-raraul.ro\/fr\/localisation-histoire\/\" \/>\n<meta property=\"og:locale\" content=\"ro_RO\" \/>\n<meta property=\"og:type\" content=\"article\" \/>\n<meta property=\"og:title\" content=\"Localisation \/ Histoire - Francais\" \/>\n<meta property=\"og:description\" content=\"[et_pb_section fb_built=&#8221;1&#8243; _builder_version=&#8221;4.0.6&#8243; background_color=&#8221;#e2e2e2&#8243; custom_padding=&#8221;||0px|||&#8221;][et_pb_row column_structure=&#8221;3_5,2_5&#8243; _builder_version=&#8221;4.0.6&#8243;][et_pb_column type=&#8221;3_5&#8243; _builder_version=&#8221;4.0.6&#8243;][et_pb_text _builder_version=&#8221;4.0.6&#8243;] LOCALIZARE \/ ISTORIC [\/et_pb_text][\/et_pb_column][et_pb_column type=&#8221;2_5&#8243; _builder_version=&#8221;4.0.6&#8243;][et_pb_social_media_follow _builder_version=&#8221;4.0.6&#8243;][et_pb_social_media_follow_network social_network=&#8221;facebook&#8221; url=&#8221;https:\/\/www.facebook.com\/Visit-C%C3%A2mpulung-Moldovenesc-274307189569972\/&#8221; _builder_version=&#8221;4.0.6&#8243; background_color=&#8221;#3b5998&#8243; follow_button=&#8221;off&#8221; url_new_window=&#8221;on&#8221;]facebook[\/et_pb_social_media_follow_network][et_pb_social_media_follow_network social_network=&#8221;youtube&#8221; _builder_version=&#8221;4.0.6&#8243; background_color=&#8221;#a82400&#8243; follow_button=&#8221;off&#8221; url_new_window=&#8221;on&#8221;]youtube[\/et_pb_social_media_follow_network][\/et_pb_social_media_follow][\/et_pb_column][\/et_pb_row][\/et_pb_section][et_pb_section fb_built=&#8221;1&#8243; _builder_version=&#8221;4.0.6&#8243; custom_padding=&#8221;0px|||||&#8221;][et_pb_row column_structure=&#8221;2_5,3_5&#8243; _builder_version=&#8221;4.0.6&#8243; custom_padding=&#8221;70px|||||&#8221;][et_pb_column type=&#8221;2_5&#8243; _builder_version=&#8221;4.0.6&#8243;][et_pb_text _builder_version=&#8221;4.5.7&#8243; hover_enabled=&#8221;0&#8243;] LOCALIZARE &nbsp; Entour\u00e9e de pics bois\u00e9s, au centre de la Bucovine roumaine, la commune de C\u00e2mpulung Moldovenesc [&hellip;]\" \/>\n<meta property=\"og:url\" content=\"https:\/\/cnipt-raraul.ro\/fr\/localisation-histoire\/\" \/>\n<meta property=\"og:site_name\" content=\"Francais\" \/>\n<meta property=\"article:modified_time\" content=\"2020-09-07T06:14:42+00:00\" \/>\n<meta name=\"twitter:card\" content=\"summary_large_image\" \/>\n<meta name=\"twitter:label1\" content=\"Timp estimat pentru citire\" \/>\n\t<meta name=\"twitter:data1\" content=\"5 minute\" \/>\n<script type=\"application\/ld+json\" class=\"yoast-schema-graph\">{\"@context\":\"https:\/\/schema.org\",\"@graph\":[{\"@type\":\"WebPage\",\"@id\":\"https:\/\/cnipt-raraul.ro\/fr\/localisation-histoire\/\",\"url\":\"https:\/\/cnipt-raraul.ro\/fr\/localisation-histoire\/\",\"name\":\"Localisation \/ Histoire - Francais\",\"isPartOf\":{\"@id\":\"https:\/\/cnipt-raraul.ro\/fr\/#website\"},\"datePublished\":\"2019-12-05T10:19:53+00:00\",\"dateModified\":\"2020-09-07T06:14:42+00:00\",\"breadcrumb\":{\"@id\":\"https:\/\/cnipt-raraul.ro\/fr\/localisation-histoire\/#breadcrumb\"},\"inLanguage\":\"ro-RO\",\"potentialAction\":[{\"@type\":\"ReadAction\",\"target\":[\"https:\/\/cnipt-raraul.ro\/fr\/localisation-histoire\/\"]}]},{\"@type\":\"BreadcrumbList\",\"@id\":\"https:\/\/cnipt-raraul.ro\/fr\/localisation-histoire\/#breadcrumb\",\"itemListElement\":[{\"@type\":\"ListItem\",\"position\":1,\"name\":\"Prima pagin\u0103\",\"item\":\"https:\/\/cnipt-raraul.ro\/fr\/\"},{\"@type\":\"ListItem\",\"position\":2,\"name\":\"Localisation \/ Histoire\"}]},{\"@type\":\"WebSite\",\"@id\":\"https:\/\/cnipt-raraul.ro\/fr\/#website\",\"url\":\"https:\/\/cnipt-raraul.ro\/fr\/\",\"name\":\"Francais\",\"description\":\"CNIPT\",\"potentialAction\":[{\"@type\":\"SearchAction\",\"target\":{\"@type\":\"EntryPoint\",\"urlTemplate\":\"https:\/\/cnipt-raraul.ro\/fr\/?s={search_term_string}\"},\"query-input\":{\"@type\":\"PropertyValueSpecification\",\"valueRequired\":true,\"valueName\":\"search_term_string\"}}],\"inLanguage\":\"ro-RO\"}]}<\/script>\n<!-- \/ Yoast SEO plugin. -->","yoast_head_json":{"title":"Localisation \/ Histoire - Francais","robots":{"index":"index","follow":"follow","max-snippet":"max-snippet:-1","max-image-preview":"max-image-preview:large","max-video-preview":"max-video-preview:-1"},"canonical":"https:\/\/cnipt-raraul.ro\/fr\/localisation-histoire\/","og_locale":"ro_RO","og_type":"article","og_title":"Localisation \/ Histoire - Francais","og_description":"[et_pb_section fb_built=&#8221;1&#8243; _builder_version=&#8221;4.0.6&#8243; background_color=&#8221;#e2e2e2&#8243; custom_padding=&#8221;||0px|||&#8221;][et_pb_row column_structure=&#8221;3_5,2_5&#8243; _builder_version=&#8221;4.0.6&#8243;][et_pb_column type=&#8221;3_5&#8243; _builder_version=&#8221;4.0.6&#8243;][et_pb_text _builder_version=&#8221;4.0.6&#8243;] LOCALIZARE \/ ISTORIC [\/et_pb_text][\/et_pb_column][et_pb_column type=&#8221;2_5&#8243; _builder_version=&#8221;4.0.6&#8243;][et_pb_social_media_follow _builder_version=&#8221;4.0.6&#8243;][et_pb_social_media_follow_network social_network=&#8221;facebook&#8221; url=&#8221;https:\/\/www.facebook.com\/Visit-C%C3%A2mpulung-Moldovenesc-274307189569972\/&#8221; _builder_version=&#8221;4.0.6&#8243; background_color=&#8221;#3b5998&#8243; follow_button=&#8221;off&#8221; url_new_window=&#8221;on&#8221;]facebook[\/et_pb_social_media_follow_network][et_pb_social_media_follow_network social_network=&#8221;youtube&#8221; _builder_version=&#8221;4.0.6&#8243; background_color=&#8221;#a82400&#8243; follow_button=&#8221;off&#8221; url_new_window=&#8221;on&#8221;]youtube[\/et_pb_social_media_follow_network][\/et_pb_social_media_follow][\/et_pb_column][\/et_pb_row][\/et_pb_section][et_pb_section fb_built=&#8221;1&#8243; _builder_version=&#8221;4.0.6&#8243; custom_padding=&#8221;0px|||||&#8221;][et_pb_row column_structure=&#8221;2_5,3_5&#8243; _builder_version=&#8221;4.0.6&#8243; custom_padding=&#8221;70px|||||&#8221;][et_pb_column type=&#8221;2_5&#8243; _builder_version=&#8221;4.0.6&#8243;][et_pb_text _builder_version=&#8221;4.5.7&#8243; hover_enabled=&#8221;0&#8243;] LOCALIZARE &nbsp; Entour\u00e9e de pics bois\u00e9s, au centre de la Bucovine roumaine, la commune de C\u00e2mpulung Moldovenesc [&hellip;]","og_url":"https:\/\/cnipt-raraul.ro\/fr\/localisation-histoire\/","og_site_name":"Francais","article_modified_time":"2020-09-07T06:14:42+00:00","twitter_card":"summary_large_image","twitter_misc":{"Timp estimat pentru citire":"5 minute"},"schema":{"@context":"https:\/\/schema.org","@graph":[{"@type":"WebPage","@id":"https:\/\/cnipt-raraul.ro\/fr\/localisation-histoire\/","url":"https:\/\/cnipt-raraul.ro\/fr\/localisation-histoire\/","name":"Localisation \/ Histoire - Francais","isPartOf":{"@id":"https:\/\/cnipt-raraul.ro\/fr\/#website"},"datePublished":"2019-12-05T10:19:53+00:00","dateModified":"2020-09-07T06:14:42+00:00","breadcrumb":{"@id":"https:\/\/cnipt-raraul.ro\/fr\/localisation-histoire\/#breadcrumb"},"inLanguage":"ro-RO","potentialAction":[{"@type":"ReadAction","target":["https:\/\/cnipt-raraul.ro\/fr\/localisation-histoire\/"]}]},{"@type":"BreadcrumbList","@id":"https:\/\/cnipt-raraul.ro\/fr\/localisation-histoire\/#breadcrumb","itemListElement":[{"@type":"ListItem","position":1,"name":"Prima pagin\u0103","item":"https:\/\/cnipt-raraul.ro\/fr\/"},{"@type":"ListItem","position":2,"name":"Localisation \/ Histoire"}]},{"@type":"WebSite","@id":"https:\/\/cnipt-raraul.ro\/fr\/#website","url":"https:\/\/cnipt-raraul.ro\/fr\/","name":"Francais","description":"CNIPT","potentialAction":[{"@type":"SearchAction","target":{"@type":"EntryPoint","urlTemplate":"https:\/\/cnipt-raraul.ro\/fr\/?s={search_term_string}"},"query-input":{"@type":"PropertyValueSpecification","valueRequired":true,"valueName":"search_term_string"}}],"inLanguage":"ro-RO"}]}},"_links":{"self":[{"href":"https:\/\/cnipt-raraul.ro\/fr\/wp-json\/wp\/v2\/pages\/226","targetHints":{"allow":["GET"]}}],"collection":[{"href":"https:\/\/cnipt-raraul.ro\/fr\/wp-json\/wp\/v2\/pages"}],"about":[{"href":"https:\/\/cnipt-raraul.ro\/fr\/wp-json\/wp\/v2\/types\/page"}],"author":[{"embeddable":true,"href":"https:\/\/cnipt-raraul.ro\/fr\/wp-json\/wp\/v2\/users\/1"}],"replies":[{"embeddable":true,"href":"https:\/\/cnipt-raraul.ro\/fr\/wp-json\/wp\/v2\/comments?post=226"}],"version-history":[{"count":2,"href":"https:\/\/cnipt-raraul.ro\/fr\/wp-json\/wp\/v2\/pages\/226\/revisions"}],"predecessor-version":[{"id":792,"href":"https:\/\/cnipt-raraul.ro\/fr\/wp-json\/wp\/v2\/pages\/226\/revisions\/792"}],"wp:attachment":[{"href":"https:\/\/cnipt-raraul.ro\/fr\/wp-json\/wp\/v2\/media?parent=226"}],"curies":[{"name":"wp","href":"https:\/\/api.w.org\/{rel}","templated":true}]}}