{"id":439,"date":"2019-12-09T10:25:35","date_gmt":"2019-12-09T10:25:35","guid":{"rendered":"https:\/\/cnipt-raraul.ro\/en\/?page_id=439"},"modified":"2020-10-31T09:15:22","modified_gmt":"2020-10-31T09:15:22","slug":"tourist-attractions","status":"publish","type":"page","link":"https:\/\/cnipt-raraul.ro\/en\/tourist-attractions\/","title":{"rendered":"Tourist attractions"},"content":{"rendered":"<p>[et_pb_section fb_built=&#8221;1&#8243; custom_padding_last_edited=&#8221;on|tablet&#8221; admin_label=&#8221;Packages&#8221; _builder_version=&#8221;4.0.6&#8243; background_color=&#8221;#e8e8e8&#8243; background_image=&#8221;https:\/\/cnipt-raraul.ro\/en\/wp-content\/uploads\/sites\/8\/2019\/12\/rarau.jpg&#8221; custom_padding=&#8221;52px||36px|||&#8221; custom_padding_tablet=&#8221;0px||0px|&#8221; custom_padding_phone=&#8221;&#8221;][et_pb_row column_structure=&#8221;1_2,1_2&#8243; custom_padding_last_edited=&#8221;on|phone&#8221; admin_label=&#8221;Packages Title&#8221; _builder_version=&#8221;3.25&#8243; custom_padding=&#8221;30px|0px|15px|0px||&#8221; custom_padding_tablet=&#8221;60px||0px|&#8221; custom_padding_phone=&#8221;&#8221; locked=&#8221;off&#8221;][et_pb_column type=&#8221;1_2&#8243; _builder_version=&#8221;3.25&#8243; custom_padding=&#8221;|||&#8221; custom_padding__hover=&#8221;|||&#8221;][et_pb_text _builder_version=&#8221;4.0.9&#8243; text_font=&#8221;||||&#8221; text_text_color=&#8221;#1a1a1a&#8221; header_font=&#8221;Oswald|on||on|&#8221; header_text_align=&#8221;left&#8221; header_font_size=&#8221;46px&#8221; header_line_height=&#8221;1.3em&#8221; module_alignment=&#8221;center&#8221; custom_margin=&#8221;|||&#8221; custom_padding=&#8221;|||&#8221; animation_style=&#8221;slide&#8221; animation_direction=&#8221;top&#8221; animation_intensity_slide=&#8221;10%&#8221; header_text_shadow_style=&#8221;preset1&#8243; locked=&#8221;off&#8221;]<\/p>\n<h1><span style=\"color: #ffffff;\">Tourist spots<\/span><\/h1>\n<p>[\/et_pb_text][et_pb_divider color=&#8221;#ffffff&#8221; divider_position=&#8221;center&#8221; divider_weight=&#8221;3px&#8221; disabled_on=&#8221;off|off|off&#8221; _builder_version=&#8221;4.0.6&#8243; max_width=&#8221;150px&#8221; module_alignment=&#8221;left&#8221; height=&#8221;false&#8221; custom_margin=&#8221;30px|||&#8221; animation_style=&#8221;slide&#8221; animation_direction=&#8221;top&#8221; animation_delay=&#8221;100ms&#8221; animation_intensity_slide=&#8221;10%&#8221; locked=&#8221;off&#8221;][\/et_pb_divider][\/et_pb_column][et_pb_column type=&#8221;1_2&#8243; _builder_version=&#8221;3.25&#8243; custom_padding=&#8221;|||&#8221; custom_padding__hover=&#8221;|||&#8221;][\/et_pb_column][\/et_pb_row][\/et_pb_section][et_pb_section fb_built=&#8221;1&#8243; _builder_version=&#8221;4.0.6&#8243; custom_padding=&#8221;26px||0px|||&#8221;][et_pb_row _builder_version=&#8221;4.0.6&#8243;][et_pb_column type=&#8221;4_4&#8243; _builder_version=&#8221;4.0.6&#8243;][et_pb_text _builder_version=&#8221;4.0.9&#8243;]<\/p>\n<p>\u00a0Choose to spend relaxing moments surrounded by mountains and unparalleled landscapes.<\/p>\n<p>The town of Campulung Moldovenesc is surrounded by the Rarau Massif, Stanisoara Mountains, Obcina Mestecanisului and Obcina Feredeului.<\/p>\n<p>The perfect location for an unforgettable stay.<\/p>\n<p>[\/et_pb_text][\/et_pb_column][\/et_pb_row][\/et_pb_section][et_pb_section fb_built=&#8221;1&#8243; _builder_version=&#8221;4.0.6&#8243;][et_pb_row column_structure=&#8221;1_3,1_3,1_3&#8243; _builder_version=&#8221;4.0.6&#8243;][et_pb_column type=&#8221;1_3&#8243; _builder_version=&#8221;4.0.6&#8243;][et_pb_image src=&#8221;https:\/\/cnipt-raraul.ro\/en\/wp-content\/uploads\/sites\/8\/2019\/11\/MASIVUL-RAR\u0102U-1.png&#8221; url=&#8221;\/blog\/2019\/12\/09\/masivul-rarau\/&#8221; _builder_version=&#8221;4.0.6&#8243;][\/et_pb_image][et_pb_text _builder_version=&#8221;4.0.9&#8243;]<\/p>\n<p style=\"text-align: center;\"><span>The rare fascinates and delights anyone who seeks to discover it. The magical, fairytale landscape urges those who come here for the first time to return, again and again, as a ritual call, an invitation to new discoveries, to new adventures, to relaxation.<\/span><\/p>\n<p>[\/et_pb_text][et_pb_button button_url=&#8221;\/blog\/2019\/12\/09\/masivul-rarau\/&#8221; button_text=&#8221;Read more&#8221; button_alignment=&#8221;center&#8221; _builder_version=&#8221;4.5.7&#8243; custom_button=&#8221;on&#8221; button_text_size=&#8221;13px&#8221; button_text_color=&#8221;#27490c&#8221; hover_enabled=&#8221;0&#8243;][\/et_pb_button][\/et_pb_column][et_pb_column type=&#8221;1_3&#8243; _builder_version=&#8221;4.0.6&#8243;][et_pb_image src=&#8221;https:\/\/cnipt-raraul.ro\/en\/wp-content\/uploads\/sites\/8\/2019\/11\/cheile-moara-dracului.png&#8221; url=&#8221;\/blog\/2019\/12\/09\/cheile-moara-dracului\/&#8221; _builder_version=&#8221;4.0.6&#8243;][\/et_pb_image][et_pb_text _builder_version=&#8221;4.0.9&#8243;]<\/p>\n<p style=\"text-align: center;\">Located at the northeastern foot of Rar\u0103ului, on the upper course of the Valea Caselor brook, Cheile Moara Dracului are the most beautiful and best preserved gorges in the entire area.<\/p>\n<p>[\/et_pb_text][et_pb_button button_url=&#8221;\/blog\/2019\/12\/09\/cheile-moara-dracului\/&#8221; button_text=&#8221;Read more&#8221; button_alignment=&#8221;center&#8221; _builder_version=&#8221;4.5.7&#8243; custom_button=&#8221;on&#8221; button_text_size=&#8221;13px&#8221; button_text_color=&#8221;#27490c&#8221; hover_enabled=&#8221;0&#8243;][\/et_pb_button][\/et_pb_column][et_pb_column type=&#8221;1_3&#8243; _builder_version=&#8221;4.0.6&#8243;][et_pb_image src=&#8221;https:\/\/cnipt-raraul.ro\/en\/wp-content\/uploads\/sites\/8\/2019\/11\/codri-seculari-slatioara.png&#8221; url=&#8221;\/blog\/2019\/12\/09\/codrul-secular-slatioara\/&#8221; _builder_version=&#8221;4.0.6&#8243;][\/et_pb_image][et_pb_text _builder_version=&#8221;4.0.9&#8243;]<\/p>\n<p style=\"text-align: center;\"><span>This forest reserve is located on the eastern slope of the Rar\u0103u massif, being one of the largest forest reserves in the country, and in terms of age, it is estimated to be the oldest forest in the country, even in Europe.<\/span><\/p>\n<p>[\/et_pb_text][et_pb_button button_url=&#8221;\/blog\/2019\/12\/09\/codrul-secular-slatioara\/&#8221; button_text=&#8221;Read more&#8221; button_alignment=&#8221;center&#8221; _builder_version=&#8221;4.5.7&#8243; custom_button=&#8221;on&#8221; button_text_size=&#8221;13px&#8221; button_text_color=&#8221;#27490c&#8221; hover_enabled=&#8221;0&#8243;][\/et_pb_button][\/et_pb_column][\/et_pb_row][et_pb_row column_structure=&#8221;1_3,1_3,1_3&#8243; _builder_version=&#8221;4.0.6&#8243;][et_pb_column type=&#8221;1_3&#8243; _builder_version=&#8221;4.0.6&#8243;][et_pb_image src=&#8221;https:\/\/cnipt-raraul.ro\/en\/wp-content\/uploads\/sites\/8\/2019\/12\/partia-rarau.png&#8221; url=&#8221;\/blog\/2019\/12\/09\/partia-de-schi-rarau\/&#8221; _builder_version=&#8221;4.0.6&#8243;][\/et_pb_image][et_pb_text _builder_version=&#8221;4.0.9&#8243;]<\/p>\n<p style=\"text-align: center;\">\u00a0The ski slope on Rar\u0103u is located on the county road DJ175A, C\u00e2mpulung Moldovenesc &#8211; Chiril, on the northern slope of Rar\u0103u mountain.<\/p>\n<p>[\/et_pb_text][et_pb_button button_url=&#8221;\/blog\/2019\/12\/09\/partia-de-schi-rarau\/&#8221; button_text=&#8221;Read more&#8221; button_alignment=&#8221;center&#8221; _builder_version=&#8221;4.5.7&#8243; custom_button=&#8221;on&#8221; button_text_size=&#8221;13px&#8221; button_text_color=&#8221;#27490c&#8221; hover_enabled=&#8221;0&#8243;][\/et_pb_button][\/et_pb_column][et_pb_column type=&#8221;1_3&#8243; _builder_version=&#8221;4.0.6&#8243;][et_pb_image src=&#8221;https:\/\/cnipt-raraul.ro\/en\/wp-content\/uploads\/sites\/8\/2019\/12\/muzeu-arta-lemnului-1.png&#8221; url=&#8221;\/blog\/2019\/12\/09\/muzeul-arta-lemnului-din-campulung-moldovenesc\/&#8221; _builder_version=&#8221;4.0.6&#8243;][\/et_pb_image][et_pb_text _builder_version=&#8221;4.0.9&#8243;]<\/p>\n<p style=\"text-align: center;\">The Wood Art Museum from C\u00e2mpulung Moldovenesc presents a true civilization of wood processing and includes over 15,000 wooden pieces exhibited in 20 rooms.<\/p>\n<p>[\/et_pb_text][et_pb_button button_url=&#8221;\/blog\/2019\/12\/09\/muzeul-arta-lemnului-din-campulung-moldovenesc\/&#8221; button_text=&#8221;Read more&#8221; button_alignment=&#8221;center&#8221; _builder_version=&#8221;4.5.7&#8243; custom_button=&#8221;on&#8221; button_text_size=&#8221;13px&#8221; button_text_color=&#8221;#27490c&#8221; hover_enabled=&#8221;0&#8243;][\/et_pb_button][\/et_pb_column][et_pb_column type=&#8221;1_3&#8243; _builder_version=&#8221;4.0.6&#8243;][et_pb_image src=&#8221;https:\/\/cnipt-raraul.ro\/en\/wp-content\/uploads\/sites\/8\/2019\/12\/ion-gramada.png&#8221; url=&#8221;\/blog\/2019\/12\/09\/colectia-etnografica-ioan-gramada\/&#8221; _builder_version=&#8221;4.0.6&#8243;][\/et_pb_image][et_pb_text _builder_version=&#8221;4.0.9&#8243;]<\/p>\n<p style=\"text-align: center;\">The \u201cIoan Gr\u0103mad\u0103\u201d Ethnographic Collection, opened to the public in 1999, captures the charming atmosphere of a traditional Bucovina house, at the end of the 19th century.<\/p>\n<p>[\/et_pb_text][et_pb_button button_url=&#8221;\/blog\/2019\/12\/09\/colectia-etnografica-ioan-gramada\/&#8221; button_text=&#8221;Read more&#8221; button_alignment=&#8221;center&#8221; _builder_version=&#8221;4.5.7&#8243; custom_button=&#8221;on&#8221; button_text_size=&#8221;13px&#8221; button_text_color=&#8221;#27490c&#8221; hover_enabled=&#8221;0&#8243;][\/et_pb_button][\/et_pb_column][\/et_pb_row][et_pb_row column_structure=&#8221;1_3,1_3,1_3&#8243; _builder_version=&#8221;4.0.6&#8243;][et_pb_column type=&#8221;1_3&#8243; _builder_version=&#8221;4.0.6&#8243;][et_pb_image src=&#8221;https:\/\/cnipt-raraul.ro\/en\/wp-content\/uploads\/sites\/8\/2019\/12\/colectia-lingurilor-de-lemn.png&#8221; url=&#8221;\/blog\/2019\/12\/09\/colectia-lingurilor-de-lemn-ioan-tugui\/&#8221; _builder_version=&#8221;4.0.6&#8243;][\/et_pb_image][et_pb_text _builder_version=&#8221;4.0.9&#8243;]<\/p>\n<p style=\"text-align: center;\"><span>The collection of the Wooden Spoons Museum includes over 5,000 exhibits, of various sizes and shapes, simple or richly ornamented.<\/span><\/p>\n<p>[\/et_pb_text][et_pb_button button_url=&#8221;\/2019\/12\/09\/colectia-lingurilor-de-lemn-ioan-tugui\/&#8221; button_text=&#8221;Read more&#8221; button_alignment=&#8221;center&#8221; _builder_version=&#8221;4.5.7&#8243; custom_button=&#8221;on&#8221; button_text_size=&#8221;13px&#8221; button_text_color=&#8221;#27490c&#8221; hover_enabled=&#8221;0&#8243;][\/et_pb_button][\/et_pb_column][et_pb_column type=&#8221;1_3&#8243; _builder_version=&#8221;4.0.6&#8243;][et_pb_image src=&#8221;https:\/\/cnipt-raraul.ro\/en\/wp-content\/uploads\/sites\/8\/2019\/12\/biserica-Sfantul-Nicolae.png&#8221; url=&#8221;\/blog\/2019\/12\/09\/biserica-ortodoxa-sfantul-nicolae\/&#8221; _builder_version=&#8221;4.0.6&#8243;][\/et_pb_image][et_pb_text _builder_version=&#8221;4.0.9&#8243;]<\/p>\n<p style=\"text-align: center;\">The current parish church, of monumental proportions, was built between 1887 and 1896, with the blessing of His Eminence Metropolitan Silvestru Morariu Andrievici.<\/p>\n<p>[\/et_pb_text][et_pb_button button_url=&#8221;\/blog\/2019\/12\/09\/biserica-ortodoxa-sfantul-nicolae\/&#8221; button_text=&#8221;Read more&#8221; button_alignment=&#8221;center&#8221; _builder_version=&#8221;4.5.7&#8243; custom_button=&#8221;on&#8221; button_text_size=&#8221;13px&#8221; button_text_color=&#8221;#27490c&#8221; hover_enabled=&#8221;0&#8243;][\/et_pb_button][\/et_pb_column][et_pb_column type=&#8221;1_3&#8243; _builder_version=&#8221;4.0.6&#8243;][et_pb_image src=&#8221;https:\/\/cnipt-raraul.ro\/en\/wp-content\/uploads\/sites\/8\/2019\/12\/Biserica-\u201eNa\u0219terea-Maicii-Domnului\u201d.png&#8221; url=&#8221;\/blog\/2019\/12\/09\/biserica-ortodoxa-nasterea-maicii-domnului\/&#8221; _builder_version=&#8221;4.0.6&#8243;][\/et_pb_image][et_pb_text _builder_version=&#8221;4.0.9&#8243;]<\/p>\n<p style=\"text-align: center;\"><span>The first wooden church in this area was built in 1751.<\/span><\/p>\n<p>[\/et_pb_text][et_pb_button button_url=&#8221;\/blog\/2019\/12\/09\/biserica-ortodoxa-nasterea-maicii-domnului\/&#8221; button_text=&#8221;Read more&#8221; button_alignment=&#8221;center&#8221; _builder_version=&#8221;4.5.7&#8243; custom_button=&#8221;on&#8221; button_text_size=&#8221;13px&#8221; button_text_color=&#8221;#27490c&#8221; hover_enabled=&#8221;0&#8243;][\/et_pb_button][\/et_pb_column][\/et_pb_row][et_pb_row column_structure=&#8221;1_3,1_3,1_3&#8243; _builder_version=&#8221;4.0.6&#8243;][et_pb_column type=&#8221;1_3&#8243; _builder_version=&#8221;4.0.6&#8243;][et_pb_image src=&#8221;https:\/\/cnipt-raraul.ro\/en\/wp-content\/uploads\/sites\/8\/2019\/12\/Biserica-Ortodox\u0103-\u201eIzvorul-T\u0103m\u0103duirii\u201d.png&#8221; url=&#8221;\/blog\/2019\/12\/09\/biserica-ortodoxa-izvorul-tamaduirii\/&#8221; _builder_version=&#8221;4.0.6&#8243;][\/et_pb_image][et_pb_text _builder_version=&#8221;4.0.9&#8243;]<\/p>\n<p style=\"text-align: center;\">\u00a0The church, a branch of the \u201cBirth of the Mother of God\u201d parish, was built between 2001-2009 at the initiative of the founder Alexandru Alboi \u0218andru and the coordination of the parish priest Teodor Giosan.<\/p>\n<p>[\/et_pb_text][et_pb_button button_url=&#8221;\/blog\/2019\/12\/09\/biserica-ortodoxa-izvorul-tamaduirii\/&#8221; button_text=&#8221;Read more&#8221; button_alignment=&#8221;center&#8221; _builder_version=&#8221;4.5.7&#8243; custom_button=&#8221;on&#8221; button_text_size=&#8221;13px&#8221; button_text_color=&#8221;#27490c&#8221; hover_enabled=&#8221;0&#8243;][\/et_pb_button][\/et_pb_column][et_pb_column type=&#8221;1_3&#8243; _builder_version=&#8221;4.0.6&#8243;][et_pb_image src=&#8221;https:\/\/cnipt-raraul.ro\/en\/wp-content\/uploads\/sites\/8\/2019\/12\/Biserica-Romano-Catolic\u0103-din-C\u00e2mpulung-Moldovenesc.png&#8221; url=&#8221;\/blog\/2019\/12\/09\/biserica-romano-catolica-din-campulung-moldovenesc\/&#8221; _builder_version=&#8221;4.0.6&#8243;][\/et_pb_image][et_pb_text _builder_version=&#8221;4.0.9&#8243;]<\/p>\n<p style=\"text-align: center;\">At the beginning of the 19th century, as a result of an imperial order of Emperor Francis I requesting that &#8220;everywhere in Bucovina, where there are Catholic inhabitants, churches be built from the wall&#8221;, the construction began &#8230;<\/p>\n<p>[\/et_pb_text][et_pb_button button_url=&#8221;\/blog\/2019\/12\/09\/biserica-romano-catolica-din-campulung-moldovenesc\/&#8221; button_text=&#8221;Read more&#8221; button_alignment=&#8221;center&#8221; _builder_version=&#8221;4.5.7&#8243; custom_button=&#8221;on&#8221; button_text_size=&#8221;13px&#8221; button_text_color=&#8221;#27490c&#8221; hover_enabled=&#8221;0&#8243;][\/et_pb_button][\/et_pb_column][et_pb_column type=&#8221;1_3&#8243; _builder_version=&#8221;4.0.6&#8243;][et_pb_image src=&#8221;https:\/\/cnipt-raraul.ro\/en\/wp-content\/uploads\/sites\/8\/2019\/12\/Templul-Havre-Gah.png&#8221; url=&#8221;\/blog\/2019\/12\/09\/templul-havre-gah\/&#8221; _builder_version=&#8221;4.0.6&#8243;][\/et_pb_image][et_pb_text _builder_version=&#8221;4.0.9&#8243;]<\/p>\n<p style=\"text-align: center;\">Havre Gah Temple is a place of Jewish worship, located on Arboroasa Street no. 1, near the agri-food market.<\/p>\n<p>[\/et_pb_text][et_pb_button button_url=&#8221;\/blog\/2019\/12\/09\/templul-havre-gah\/&#8221; button_text=&#8221;Read more&#8221; button_alignment=&#8221;center&#8221; _builder_version=&#8221;4.5.7&#8243; custom_button=&#8221;on&#8221; button_text_size=&#8221;13px&#8221; button_text_color=&#8221;#27490c&#8221; hover_enabled=&#8221;0&#8243;][\/et_pb_button][\/et_pb_column][\/et_pb_row][\/et_pb_section][et_pb_section fb_built=&#8221;1&#8243; custom_padding_last_edited=&#8221;on|phone&#8221; admin_label=&#8221;Offer&#8221; _builder_version=&#8221;4.0.6&#8243; background_color=&#8221;rgba(0,0,0,0.5)&#8221; background_image=&#8221;https:\/\/cnipt-raraul.ro\/en\/wp-content\/uploads\/sites\/8\/2019\/11\/campulung-1.jpg&#8221; background_blend=&#8221;color&#8221; custom_padding=&#8221;120px||120px|&#8221; custom_padding_tablet=&#8221;80px||80px|&#8221; custom_padding_phone=&#8221;&#8221; locked=&#8221;off&#8221;][\/et_pb_section]<\/p>\n","protected":false},"excerpt":{"rendered":"<p>[et_pb_section fb_built=&#8221;1&#8243; custom_padding_last_edited=&#8221;on|tablet&#8221; admin_label=&#8221;Packages&#8221; _builder_version=&#8221;4.0.6&#8243; background_color=&#8221;#e8e8e8&#8243; background_image=&#8221;https:\/\/cnipt-raraul.ro\/en\/wp-content\/uploads\/sites\/8\/2019\/12\/rarau.jpg&#8221; custom_padding=&#8221;52px||36px|||&#8221; custom_padding_tablet=&#8221;0px||0px|&#8221; custom_padding_phone=&#8221;&#8221;][et_pb_row column_structure=&#8221;1_2,1_2&#8243; custom_padding_last_edited=&#8221;on|phone&#8221; admin_label=&#8221;Packages Title&#8221; _builder_version=&#8221;3.25&#8243; custom_padding=&#8221;30px|0px|15px|0px||&#8221; custom_padding_tablet=&#8221;60px||0px|&#8221; custom_padding_phone=&#8221;&#8221; locked=&#8221;off&#8221;][et_pb_column type=&#8221;1_2&#8243; _builder_version=&#8221;3.25&#8243; custom_padding=&#8221;|||&#8221; custom_padding__hover=&#8221;|||&#8221;][et_pb_text _builder_version=&#8221;4.0.9&#8243; text_font=&#8221;||||&#8221; text_text_color=&#8221;#1a1a1a&#8221; header_font=&#8221;Oswald|on||on|&#8221; header_text_align=&#8221;left&#8221; header_font_size=&#8221;46px&#8221; header_line_height=&#8221;1.3em&#8221; module_alignment=&#8221;center&#8221; custom_margin=&#8221;|||&#8221; custom_padding=&#8221;|||&#8221; animation_style=&#8221;slide&#8221; animation_direction=&#8221;top&#8221; animation_intensity_slide=&#8221;10%&#8221; header_text_shadow_style=&#8221;preset1&#8243; locked=&#8221;off&#8221;] Tourist spots [\/et_pb_text][et_pb_divider color=&#8221;#ffffff&#8221; divider_position=&#8221;center&#8221; divider_weight=&#8221;3px&#8221; disabled_on=&#8221;off|off|off&#8221; _builder_version=&#8221;4.0.6&#8243; max_width=&#8221;150px&#8221; module_alignment=&#8221;left&#8221; height=&#8221;false&#8221; custom_margin=&#8221;30px|||&#8221; animation_style=&#8221;slide&#8221; animation_direction=&#8221;top&#8221; animation_delay=&#8221;100ms&#8221; animation_intensity_slide=&#8221;10%&#8221; locked=&#8221;off&#8221;][\/et_pb_divider][\/et_pb_column][et_pb_column [&hellip;]<\/p>\n","protected":false},"author":1,"featured_media":0,"parent":0,"menu_order":0,"comment_status":"closed","ping_status":"closed","template":"","meta":{"_et_pb_use_builder":"on","_et_pb_old_content":"","_et_gb_content_width":"","footnotes":""},"class_list":["post-439","page","type-page","status-publish","hentry"],"yoast_head":"<!-- This site is optimized with the Yoast SEO plugin v26.6 - https:\/\/yoast.com\/wordpress\/plugins\/seo\/ -->\n<title>Obiective turistice Campulung Moldovenesc - CNIPT Rarau<\/title>\n<meta name=\"description\" content=\"Descopera obiectivele turistice din Campulung Moldovenesc si imprejurimi. Vezi recomandarile noastre. Informa\u021bii despre obiectivele \u0219i activit\u0103\u021bile turistice locale.\" \/>\n<meta name=\"robots\" content=\"index, follow, max-snippet:-1, max-image-preview:large, max-video-preview:-1\" \/>\n<link rel=\"canonical\" href=\"https:\/\/cnipt-raraul.ro\/en\/tourist-attractions\/\" \/>\n<meta property=\"og:locale\" content=\"en_US\" \/>\n<meta property=\"og:type\" content=\"article\" \/>\n<meta property=\"og:title\" content=\"Obiective turistice Campulung Moldovenesc - CNIPT Rarau\" \/>\n<meta property=\"og:description\" content=\"Descopera obiectivele turistice din Campulung Moldovenesc si imprejurimi. Vezi recomandarile noastre. Informa\u021bii despre obiectivele \u0219i activit\u0103\u021bile turistice locale.\" \/>\n<meta property=\"og:url\" content=\"https:\/\/cnipt-raraul.ro\/en\/tourist-attractions\/\" \/>\n<meta property=\"og:site_name\" content=\"English\" \/>\n<meta property=\"article:modified_time\" content=\"2020-10-31T09:15:22+00:00\" \/>\n<meta name=\"twitter:card\" content=\"summary_large_image\" \/>\n<meta name=\"twitter:label1\" content=\"Est. reading time\" \/>\n\t<meta name=\"twitter:data1\" content=\"8 minutes\" \/>\n<script type=\"application\/ld+json\" class=\"yoast-schema-graph\">{\"@context\":\"https:\/\/schema.org\",\"@graph\":[{\"@type\":\"WebPage\",\"@id\":\"https:\/\/cnipt-raraul.ro\/en\/tourist-attractions\/\",\"url\":\"https:\/\/cnipt-raraul.ro\/en\/tourist-attractions\/\",\"name\":\"Obiective turistice Campulung Moldovenesc - CNIPT Rarau\",\"isPartOf\":{\"@id\":\"https:\/\/cnipt-raraul.ro\/en\/#website\"},\"datePublished\":\"2019-12-09T10:25:35+00:00\",\"dateModified\":\"2020-10-31T09:15:22+00:00\",\"description\":\"Descopera obiectivele turistice din Campulung Moldovenesc si imprejurimi. Vezi recomandarile noastre. Informa\u021bii despre obiectivele \u0219i activit\u0103\u021bile turistice locale.\",\"breadcrumb\":{\"@id\":\"https:\/\/cnipt-raraul.ro\/en\/tourist-attractions\/#breadcrumb\"},\"inLanguage\":\"en-US\",\"potentialAction\":[{\"@type\":\"ReadAction\",\"target\":[\"https:\/\/cnipt-raraul.ro\/en\/tourist-attractions\/\"]}]},{\"@type\":\"BreadcrumbList\",\"@id\":\"https:\/\/cnipt-raraul.ro\/en\/tourist-attractions\/#breadcrumb\",\"itemListElement\":[{\"@type\":\"ListItem\",\"position\":1,\"name\":\"Prima pagin\u0103\",\"item\":\"https:\/\/cnipt-raraul.ro\/en\/\"},{\"@type\":\"ListItem\",\"position\":2,\"name\":\"Tourist attractions\"}]},{\"@type\":\"WebSite\",\"@id\":\"https:\/\/cnipt-raraul.ro\/en\/#website\",\"url\":\"https:\/\/cnipt-raraul.ro\/en\/\",\"name\":\"English\",\"description\":\"CNIPT\",\"potentialAction\":[{\"@type\":\"SearchAction\",\"target\":{\"@type\":\"EntryPoint\",\"urlTemplate\":\"https:\/\/cnipt-raraul.ro\/en\/?s={search_term_string}\"},\"query-input\":{\"@type\":\"PropertyValueSpecification\",\"valueRequired\":true,\"valueName\":\"search_term_string\"}}],\"inLanguage\":\"en-US\"}]}<\/script>\n<!-- \/ Yoast SEO plugin. -->","yoast_head_json":{"title":"Obiective turistice Campulung Moldovenesc - CNIPT Rarau","description":"Descopera obiectivele turistice din Campulung Moldovenesc si imprejurimi. Vezi recomandarile noastre. Informa\u021bii despre obiectivele \u0219i activit\u0103\u021bile turistice locale.","robots":{"index":"index","follow":"follow","max-snippet":"max-snippet:-1","max-image-preview":"max-image-preview:large","max-video-preview":"max-video-preview:-1"},"canonical":"https:\/\/cnipt-raraul.ro\/en\/tourist-attractions\/","og_locale":"en_US","og_type":"article","og_title":"Obiective turistice Campulung Moldovenesc - CNIPT Rarau","og_description":"Descopera obiectivele turistice din Campulung Moldovenesc si imprejurimi. Vezi recomandarile noastre. Informa\u021bii despre obiectivele \u0219i activit\u0103\u021bile turistice locale.","og_url":"https:\/\/cnipt-raraul.ro\/en\/tourist-attractions\/","og_site_name":"English","article_modified_time":"2020-10-31T09:15:22+00:00","twitter_card":"summary_large_image","twitter_misc":{"Est. reading time":"8 minutes"},"schema":{"@context":"https:\/\/schema.org","@graph":[{"@type":"WebPage","@id":"https:\/\/cnipt-raraul.ro\/en\/tourist-attractions\/","url":"https:\/\/cnipt-raraul.ro\/en\/tourist-attractions\/","name":"Obiective turistice Campulung Moldovenesc - CNIPT Rarau","isPartOf":{"@id":"https:\/\/cnipt-raraul.ro\/en\/#website"},"datePublished":"2019-12-09T10:25:35+00:00","dateModified":"2020-10-31T09:15:22+00:00","description":"Descopera obiectivele turistice din Campulung Moldovenesc si imprejurimi. Vezi recomandarile noastre. Informa\u021bii despre obiectivele \u0219i activit\u0103\u021bile turistice locale.","breadcrumb":{"@id":"https:\/\/cnipt-raraul.ro\/en\/tourist-attractions\/#breadcrumb"},"inLanguage":"en-US","potentialAction":[{"@type":"ReadAction","target":["https:\/\/cnipt-raraul.ro\/en\/tourist-attractions\/"]}]},{"@type":"BreadcrumbList","@id":"https:\/\/cnipt-raraul.ro\/en\/tourist-attractions\/#breadcrumb","itemListElement":[{"@type":"ListItem","position":1,"name":"Prima pagin\u0103","item":"https:\/\/cnipt-raraul.ro\/en\/"},{"@type":"ListItem","position":2,"name":"Tourist attractions"}]},{"@type":"WebSite","@id":"https:\/\/cnipt-raraul.ro\/en\/#website","url":"https:\/\/cnipt-raraul.ro\/en\/","name":"English","description":"CNIPT","potentialAction":[{"@type":"SearchAction","target":{"@type":"EntryPoint","urlTemplate":"https:\/\/cnipt-raraul.ro\/en\/?s={search_term_string}"},"query-input":{"@type":"PropertyValueSpecification","valueRequired":true,"valueName":"search_term_string"}}],"inLanguage":"en-US"}]}},"_links":{"self":[{"href":"https:\/\/cnipt-raraul.ro\/en\/wp-json\/wp\/v2\/pages\/439","targetHints":{"allow":["GET"]}}],"collection":[{"href":"https:\/\/cnipt-raraul.ro\/en\/wp-json\/wp\/v2\/pages"}],"about":[{"href":"https:\/\/cnipt-raraul.ro\/en\/wp-json\/wp\/v2\/types\/page"}],"author":[{"embeddable":true,"href":"https:\/\/cnipt-raraul.ro\/en\/wp-json\/wp\/v2\/users\/1"}],"replies":[{"embeddable":true,"href":"https:\/\/cnipt-raraul.ro\/en\/wp-json\/wp\/v2\/comments?post=439"}],"version-history":[{"count":4,"href":"https:\/\/cnipt-raraul.ro\/en\/wp-json\/wp\/v2\/pages\/439\/revisions"}],"predecessor-version":[{"id":769,"href":"https:\/\/cnipt-raraul.ro\/en\/wp-json\/wp\/v2\/pages\/439\/revisions\/769"}],"wp:attachment":[{"href":"https:\/\/cnipt-raraul.ro\/en\/wp-json\/wp\/v2\/media?parent=439"}],"curies":[{"name":"wp","href":"https:\/\/api.w.org\/{rel}","templated":true}]}}