{"id":439,"date":"2019-12-09T10:25:35","date_gmt":"2019-12-09T10:25:35","guid":{"rendered":"https:\/\/cnipt-raraul.ro\/de\/?page_id=439"},"modified":"2020-11-02T14:51:38","modified_gmt":"2020-11-02T14:51:38","slug":"tourist-attractions","status":"publish","type":"page","link":"https:\/\/cnipt-raraul.ro\/de\/tourist-attractions\/","title":{"rendered":"Sehensw\u00fcrdigkeiten"},"content":{"rendered":"<p>[et_pb_section fb_built=&#8221;1&#8243; custom_padding_last_edited=&#8221;on|tablet&#8221; admin_label=&#8221;Packages&#8221; _builder_version=&#8221;4.0.6&#8243; background_color=&#8221;#e8e8e8&#8243; background_image=&#8221;https:\/\/cnipt-raraul.ro\/de\/wp-content\/uploads\/sites\/10\/2019\/12\/rarau.jpg&#8221; custom_padding=&#8221;52px||36px|||&#8221; custom_padding_tablet=&#8221;0px||0px|&#8221; custom_padding_phone=&#8221;&#8221;][et_pb_row column_structure=&#8221;1_2,1_2&#8243; custom_padding_last_edited=&#8221;on|phone&#8221; admin_label=&#8221;Packages Title&#8221; _builder_version=&#8221;3.25&#8243; custom_padding=&#8221;30px|0px|15px|0px||&#8221; custom_padding_tablet=&#8221;60px||0px|&#8221; custom_padding_phone=&#8221;&#8221; locked=&#8221;off&#8221;][et_pb_column type=&#8221;1_2&#8243; _builder_version=&#8221;3.25&#8243; custom_padding=&#8221;|||&#8221; custom_padding__hover=&#8221;|||&#8221;][et_pb_text _builder_version=&#8221;4.5.7&#8243; text_font=&#8221;||||&#8221; text_text_color=&#8221;#1a1a1a&#8221; header_font=&#8221;Oswald|on||on|&#8221; header_text_align=&#8221;left&#8221; header_font_size=&#8221;46px&#8221; header_line_height=&#8221;1.3em&#8221; module_alignment=&#8221;center&#8221; custom_margin=&#8221;|||&#8221; custom_padding=&#8221;|||&#8221; animation_style=&#8221;slide&#8221; animation_direction=&#8221;top&#8221; animation_intensity_slide=&#8221;10%&#8221; hover_enabled=&#8221;0&#8243; header_text_shadow_style=&#8221;preset1&#8243; locked=&#8221;off&#8221;]<\/p>\n<h1><span style=\"color: #ffffff;\">Touristenattraktionen<\/span><\/h1>\n<p>[\/et_pb_text][et_pb_divider color=&#8221;#ffffff&#8221; divider_position=&#8221;center&#8221; divider_weight=&#8221;3px&#8221; disabled_on=&#8221;off|off|off&#8221; _builder_version=&#8221;4.0.6&#8243; max_width=&#8221;150px&#8221; module_alignment=&#8221;left&#8221; height=&#8221;false&#8221; custom_margin=&#8221;30px|||&#8221; animation_style=&#8221;slide&#8221; animation_direction=&#8221;top&#8221; animation_delay=&#8221;100ms&#8221; animation_intensity_slide=&#8221;10%&#8221; locked=&#8221;off&#8221;][\/et_pb_divider][\/et_pb_column][et_pb_column type=&#8221;1_2&#8243; _builder_version=&#8221;3.25&#8243; custom_padding=&#8221;|||&#8221; custom_padding__hover=&#8221;|||&#8221;][\/et_pb_column][\/et_pb_row][\/et_pb_section][et_pb_section fb_built=&#8221;1&#8243; _builder_version=&#8221;4.0.6&#8243; custom_padding=&#8221;26px||0px|||&#8221;][et_pb_row _builder_version=&#8221;4.0.6&#8243;][et_pb_column type=&#8221;4_4&#8243; _builder_version=&#8221;4.0.6&#8243;][et_pb_text _builder_version=&#8221;4.5.7&#8243; hover_enabled=&#8221;0&#8243;]<\/p>\n<p>Verbringen Sie entspannende Momente inmitten von Bergen und unvergleichlichen Landschaften.<\/p>\n<p>Die Stadt Campulung Moldovenesc ist vom Rarau-Massiv, den Stanisoara-Bergen, Obcina Mestecanisului und Obcina Feredeului umgeben.<\/p>\n<p>Der perfekte Ort f\u00fcr einen unvergesslichen Aufenthalt.<\/p>\n<p>[\/et_pb_text][\/et_pb_column][\/et_pb_row][\/et_pb_section][et_pb_section fb_built=&#8221;1&#8243; _builder_version=&#8221;4.0.6&#8243;][et_pb_row column_structure=&#8221;1_3,1_3,1_3&#8243; _builder_version=&#8221;4.0.6&#8243;][et_pb_column type=&#8221;1_3&#8243; _builder_version=&#8221;4.0.6&#8243;][et_pb_image src=&#8221;https:\/\/cnipt-raraul.ro\/de\/wp-content\/uploads\/sites\/10\/2019\/11\/MASIVUL-RAR\u0102U-1.png&#8221; url=&#8221;\/blog\/2019\/12\/09\/masivul-rarau\/&#8221; _builder_version=&#8221;4.0.6&#8243;][\/et_pb_image][et_pb_text _builder_version=&#8221;4.5.7&#8243; hover_enabled=&#8221;0&#8243;]<\/p>\n<p style=\"text-align: center;\">Das Seltene fasziniert und erfreut jeden, der es entdecken m\u00f6chte. Die magische, m\u00e4rchenhafte Landschaft fordert diejenigen, die zum ersten Mal hierher kommen, auf, immer wieder als rituellen Aufruf zur Einladung zu neuen Entdeckungen, zu neuen Abenteuern, zur Entspannung zur\u00fcckzukehren.<\/p>\n<p>[\/et_pb_text][et_pb_button button_url=&#8221;\/blog\/2019\/12\/09\/masivul-rarau\/&#8221; button_text=&#8221;Mehr sehen&#8221; button_alignment=&#8221;center&#8221; _builder_version=&#8221;4.5.7&#8243; custom_button=&#8221;on&#8221; button_text_size=&#8221;13px&#8221; button_text_color=&#8221;#27490c&#8221; hover_enabled=&#8221;0&#8243;][\/et_pb_button][\/et_pb_column][et_pb_column type=&#8221;1_3&#8243; _builder_version=&#8221;4.0.6&#8243;][et_pb_image src=&#8221;https:\/\/cnipt-raraul.ro\/de\/wp-content\/uploads\/sites\/10\/2019\/11\/cheile-moara-dracului.png&#8221; url=&#8221;\/blog\/2019\/12\/09\/cheile-moara-dracului\/&#8221; _builder_version=&#8221;4.0.6&#8243;][\/et_pb_image][et_pb_text _builder_version=&#8221;4.5.7&#8243; hover_enabled=&#8221;0&#8243;]<\/p>\n<p style=\"text-align: center;\">Cheile Moara Dracului liegt am nord\u00f6stlichen Fu\u00dfe von Rar\u0103ului am Oberlauf des Valea Caselor-Baches und ist die sch\u00f6nste und am besten erhaltene Schlucht in der gesamten Region.<\/p>\n<p>[\/et_pb_text][et_pb_button button_url=&#8221;\/blog\/2019\/12\/09\/cheile-moara-dracului\/&#8221; button_text=&#8221;Mehr sehen&#8221; button_alignment=&#8221;center&#8221; _builder_version=&#8221;4.5.7&#8243; custom_button=&#8221;on&#8221; button_text_size=&#8221;13px&#8221; button_text_color=&#8221;#27490c&#8221; hover_enabled=&#8221;0&#8243;][\/et_pb_button][\/et_pb_column][et_pb_column type=&#8221;1_3&#8243; _builder_version=&#8221;4.0.6&#8243;][et_pb_image src=&#8221;https:\/\/cnipt-raraul.ro\/de\/wp-content\/uploads\/sites\/10\/2019\/11\/codri-seculari-slatioara.png&#8221; url=&#8221;\/blog\/2019\/12\/09\/codrul-secular-slatioara\/&#8221; _builder_version=&#8221;4.0.6&#8243;][\/et_pb_image][et_pb_text _builder_version=&#8221;4.5.7&#8243; hover_enabled=&#8221;0&#8243;]<\/p>\n<p style=\"text-align: center;\">Dieses Waldreservat befindet sich am Osthang des Rar\u0103u-Massivs und ist eines der gr\u00f6\u00dften Waldreservate des Landes. In Bezug auf das Alter wird es als \u00e4ltester Wald des Landes angesehen, sogar in Europa.<\/p>\n<p>[\/et_pb_text][et_pb_button button_url=&#8221;\/blog\/2019\/12\/09\/codrul-secular-slatioara\/&#8221; button_text=&#8221;Mehr sehen&#8221; button_alignment=&#8221;center&#8221; _builder_version=&#8221;4.5.7&#8243; custom_button=&#8221;on&#8221; button_text_size=&#8221;13px&#8221; button_text_color=&#8221;#27490c&#8221; hover_enabled=&#8221;0&#8243;][\/et_pb_button][\/et_pb_column][\/et_pb_row][et_pb_row column_structure=&#8221;1_3,1_3,1_3&#8243; _builder_version=&#8221;4.0.6&#8243;][et_pb_column type=&#8221;1_3&#8243; _builder_version=&#8221;4.0.6&#8243;][et_pb_image src=&#8221;https:\/\/cnipt-raraul.ro\/de\/wp-content\/uploads\/sites\/10\/2019\/12\/partia-rarau.png&#8221; url=&#8221;\/blog\/2019\/12\/09\/partia-de-schi-rarau\/&#8221; _builder_version=&#8221;4.0.6&#8243;][\/et_pb_image][et_pb_text _builder_version=&#8221;4.5.7&#8243; hover_enabled=&#8221;0&#8243;]<\/p>\n<p style=\"text-align: center;\">Die Skipiste auf Rar\u0103u befindet sich an der Kreisstra\u00dfe DJ175A, C\u00e2mpulung Moldovenesc &#8211; Chiril, am Nordhang des Berges Rar\u0103u.<\/p>\n<p>[\/et_pb_text][et_pb_button button_url=&#8221;\/blog\/2019\/12\/09\/partia-de-schi-rarau\/&#8221; button_text=&#8221;Mehr sehen&#8221; button_alignment=&#8221;center&#8221; _builder_version=&#8221;4.5.7&#8243; custom_button=&#8221;on&#8221; button_text_size=&#8221;13px&#8221; button_text_color=&#8221;#27490c&#8221; hover_enabled=&#8221;0&#8243;][\/et_pb_button][\/et_pb_column][et_pb_column type=&#8221;1_3&#8243; _builder_version=&#8221;4.0.6&#8243;][et_pb_image src=&#8221;https:\/\/cnipt-raraul.ro\/de\/wp-content\/uploads\/sites\/10\/2019\/12\/muzeu-arta-lemnului-1.png&#8221; url=&#8221;\/blog\/2019\/12\/09\/muzeul-arta-lemnului-din-campulung-moldovenesc\/&#8221; _builder_version=&#8221;4.0.6&#8243;][\/et_pb_image][et_pb_text _builder_version=&#8221;4.5.7&#8243; hover_enabled=&#8221;0&#8243;]<\/p>\n<p style=\"text-align: center;\">Das Holzkunstmuseum aus C\u00e2mpulung Moldovenesc pr\u00e4sentiert eine wahre Zivilisation der Holzverarbeitung und umfasst \u00fcber 15.000 Holzst\u00fccke, die in 20 R\u00e4umen ausgestellt sind.<\/p>\n<p>[\/et_pb_text][et_pb_button button_url=&#8221;\/blog\/2019\/12\/09\/muzeul-arta-lemnului-din-campulung-moldovenesc\/&#8221; button_text=&#8221;Mehr sehen&#8221; button_alignment=&#8221;center&#8221; _builder_version=&#8221;4.5.7&#8243; custom_button=&#8221;on&#8221; button_text_size=&#8221;13px&#8221; button_text_color=&#8221;#27490c&#8221; hover_enabled=&#8221;0&#8243;][\/et_pb_button][\/et_pb_column][et_pb_column type=&#8221;1_3&#8243; _builder_version=&#8221;4.0.6&#8243;][et_pb_image src=&#8221;https:\/\/cnipt-raraul.ro\/de\/wp-content\/uploads\/sites\/10\/2019\/12\/ion-gramada.png&#8221; url=&#8221;\/blog\/2019\/12\/09\/colectia-etnografica-ioan-gramada\/&#8221; _builder_version=&#8221;4.0.6&#8243;][\/et_pb_image][et_pb_text _builder_version=&#8221;4.5.7&#8243; hover_enabled=&#8221;0&#8243;]<\/p>\n<p style=\"text-align: center;\">Die 1999 f\u00fcr die \u00d6ffentlichkeit zug\u00e4ngliche ethnografische Sammlung \u201eIoan Gr\u0103mad\u0103\u201c f\u00e4ngt die charmante Atmosph\u00e4re eines traditionellen Bukowina-Hauses Ende des 19. Jahrhunderts ein.<\/p>\n<p>[\/et_pb_text][et_pb_button button_url=&#8221;\/blog\/2019\/12\/09\/colectia-etnografica-ioan-gramada\/&#8221; button_text=&#8221;Mehr sehen&#8221; button_alignment=&#8221;center&#8221; _builder_version=&#8221;4.5.7&#8243; custom_button=&#8221;on&#8221; button_text_size=&#8221;13px&#8221; button_text_color=&#8221;#27490c&#8221; hover_enabled=&#8221;0&#8243;][\/et_pb_button][\/et_pb_column][\/et_pb_row][et_pb_row column_structure=&#8221;1_3,1_3,1_3&#8243; _builder_version=&#8221;4.0.6&#8243;][et_pb_column type=&#8221;1_3&#8243; _builder_version=&#8221;4.0.6&#8243;][et_pb_image src=&#8221;https:\/\/cnipt-raraul.ro\/de\/wp-content\/uploads\/sites\/10\/2019\/12\/colectia-lingurilor-de-lemn.png&#8221; url=&#8221;\/blog\/2019\/12\/09\/colectia-lingurilor-de-lemn-ioan-tugui\/&#8221; _builder_version=&#8221;4.0.6&#8243;][\/et_pb_image][et_pb_text _builder_version=&#8221;4.5.7&#8243; hover_enabled=&#8221;0&#8243;]<\/p>\n<p style=\"text-align: center;\">Die Sammlung des Holzl\u00f6ffelmuseums umfasst \u00fcber 5.000 Exponate in verschiedenen Gr\u00f6\u00dfen und Formen, die einfach oder reich verziert sind.<\/p>\n<p>[\/et_pb_text][et_pb_button button_url=&#8221;\/2019\/12\/09\/colectia-lingurilor-de-lemn-ioan-tugui\/&#8221; button_text=&#8221;Mehr sehen&#8221; button_alignment=&#8221;center&#8221; _builder_version=&#8221;4.5.7&#8243; custom_button=&#8221;on&#8221; button_text_size=&#8221;13px&#8221; button_text_color=&#8221;#27490c&#8221; hover_enabled=&#8221;0&#8243;][\/et_pb_button][\/et_pb_column][et_pb_column type=&#8221;1_3&#8243; _builder_version=&#8221;4.0.6&#8243;][et_pb_image src=&#8221;https:\/\/cnipt-raraul.ro\/de\/wp-content\/uploads\/sites\/10\/2019\/12\/biserica-Sfantul-Nicolae.png&#8221; url=&#8221;\/blog\/2019\/12\/09\/biserica-ortodoxa-sfantul-nicolae\/&#8221; _builder_version=&#8221;4.0.6&#8243;][\/et_pb_image][et_pb_text _builder_version=&#8221;4.5.7&#8243; hover_enabled=&#8221;0&#8243;]<\/p>\n<p style=\"text-align: center;\">Die heutige Pfarrkirche von monumentalen Ausma\u00dfen wurde zwischen 1887 und 1896 mit dem Segen Seiner Eminenz Metropolit Silvestru Morariu Andrievici erbaut.<\/p>\n<p>[\/et_pb_text][et_pb_button button_url=&#8221;\/blog\/2019\/12\/09\/biserica-ortodoxa-sfantul-nicolae\/&#8221; button_text=&#8221;Mehr sehen&#8221; button_alignment=&#8221;center&#8221; _builder_version=&#8221;4.5.7&#8243; custom_button=&#8221;on&#8221; button_text_size=&#8221;13px&#8221; button_text_color=&#8221;#27490c&#8221; hover_enabled=&#8221;0&#8243;][\/et_pb_button][\/et_pb_column][et_pb_column type=&#8221;1_3&#8243; _builder_version=&#8221;4.0.6&#8243;][et_pb_image src=&#8221;https:\/\/cnipt-raraul.ro\/de\/wp-content\/uploads\/sites\/10\/2019\/12\/Biserica-\u201eNa\u0219terea-Maicii-Domnului\u201d.png&#8221; url=&#8221;\/blog\/2019\/12\/09\/biserica-ortodoxa-nasterea-maicii-domnului\/&#8221; _builder_version=&#8221;4.0.6&#8243;][\/et_pb_image][et_pb_text _builder_version=&#8221;4.5.7&#8243; hover_enabled=&#8221;0&#8243;]<\/p>\n<p style=\"text-align: center;\">Die erste Holzkirche in dieser Gegend wurde 1751 erbaut.<\/p>\n<p>[\/et_pb_text][et_pb_button button_url=&#8221;\/blog\/2019\/12\/09\/biserica-ortodoxa-nasterea-maicii-domnului\/&#8221; button_text=&#8221;Mehr sehen&#8221; button_alignment=&#8221;center&#8221; _builder_version=&#8221;4.5.7&#8243; custom_button=&#8221;on&#8221; button_text_size=&#8221;13px&#8221; button_text_color=&#8221;#27490c&#8221; hover_enabled=&#8221;0&#8243;][\/et_pb_button][\/et_pb_column][\/et_pb_row][et_pb_row column_structure=&#8221;1_3,1_3,1_3&#8243; _builder_version=&#8221;4.0.6&#8243;][et_pb_column type=&#8221;1_3&#8243; _builder_version=&#8221;4.0.6&#8243;][et_pb_image src=&#8221;https:\/\/cnipt-raraul.ro\/de\/wp-content\/uploads\/sites\/10\/2019\/12\/Biserica-Ortodox\u0103-\u201eIzvorul-T\u0103m\u0103duirii\u201d.png&#8221; url=&#8221;\/blog\/2019\/12\/09\/biserica-ortodoxa-izvorul-tamaduirii\/&#8221; _builder_version=&#8221;4.0.6&#8243;][\/et_pb_image][et_pb_text _builder_version=&#8221;4.5.7&#8243; hover_enabled=&#8221;0&#8243;]<\/p>\n<p style=\"text-align: center;\">Die Kirche, ein Zweig der Pfarrei \u201eGeburt der Mutter Gottes\u201c, wurde zwischen 2001 und 2009 auf Initiative des Gr\u00fcnders Alexandru Alboi \u0218andru und unter Koordination des Pfarrers Teodor Giosan erbaut.<\/p>\n<p>[\/et_pb_text][et_pb_button button_url=&#8221;\/blog\/2019\/12\/09\/biserica-ortodoxa-izvorul-tamaduirii\/&#8221; button_text=&#8221;Mehr sehen&#8221; button_alignment=&#8221;center&#8221; _builder_version=&#8221;4.5.7&#8243; custom_button=&#8221;on&#8221; button_text_size=&#8221;13px&#8221; button_text_color=&#8221;#27490c&#8221; hover_enabled=&#8221;0&#8243;][\/et_pb_button][\/et_pb_column][et_pb_column type=&#8221;1_3&#8243; _builder_version=&#8221;4.0.6&#8243;][et_pb_image src=&#8221;https:\/\/cnipt-raraul.ro\/de\/wp-content\/uploads\/sites\/10\/2019\/12\/Biserica-Romano-Catolic\u0103-din-C\u00e2mpulung-Moldovenesc.png&#8221; url=&#8221;\/blog\/2019\/12\/09\/biserica-romano-catolica-din-campulung-moldovenesc\/&#8221; _builder_version=&#8221;4.0.6&#8243;][\/et_pb_image][et_pb_text _builder_version=&#8221;4.5.7&#8243; hover_enabled=&#8221;0&#8243;]<\/p>\n<p style=\"text-align: center;\">Zu Beginn des 19. Jahrhunderts begann der Bau auf Befehl eines kaiserlichen Ordens von Kaiser Franz I., &#8220;\u00fcberall in der Bukowina, wo katholische Einwohner leben, Kirchen aus der Mauer zu bauen&#8221; &#8230;<\/p>\n<p>[\/et_pb_text][et_pb_button button_url=&#8221;\/blog\/2019\/12\/09\/biserica-romano-catolica-din-campulung-moldovenesc\/&#8221; button_text=&#8221;Mehr sehen&#8221; button_alignment=&#8221;center&#8221; _builder_version=&#8221;4.5.7&#8243; custom_button=&#8221;on&#8221; button_text_size=&#8221;13px&#8221; button_text_color=&#8221;#27490c&#8221; hover_enabled=&#8221;0&#8243;][\/et_pb_button][\/et_pb_column][et_pb_column type=&#8221;1_3&#8243; _builder_version=&#8221;4.0.6&#8243;][et_pb_image src=&#8221;https:\/\/cnipt-raraul.ro\/de\/wp-content\/uploads\/sites\/10\/2019\/12\/Templul-Havre-Gah.png&#8221; url=&#8221;\/blog\/2019\/12\/09\/templul-havre-gah\/&#8221; _builder_version=&#8221;4.0.6&#8243;][\/et_pb_image][et_pb_text _builder_version=&#8221;4.5.7&#8243; hover_enabled=&#8221;0&#8243;]<\/p>\n<p style=\"text-align: center;\">Der Havre Gah Tempel ist ein Ort j\u00fcdischer Verehrung in der Arboroasa Stra\u00dfe Nr. 1, in der N\u00e4he des Agrar- und Lebensmittelmarktes.<\/p>\n<p>[\/et_pb_text][et_pb_button button_url=&#8221;\/blog\/2019\/12\/09\/templul-havre-gah\/&#8221; button_text=&#8221;Mehr sehen&#8221; button_alignment=&#8221;center&#8221; _builder_version=&#8221;4.5.7&#8243; custom_button=&#8221;on&#8221; button_text_size=&#8221;13px&#8221; button_text_color=&#8221;#27490c&#8221; hover_enabled=&#8221;0&#8243;][\/et_pb_button][\/et_pb_column][\/et_pb_row][\/et_pb_section][et_pb_section fb_built=&#8221;1&#8243; custom_padding_last_edited=&#8221;on|phone&#8221; admin_label=&#8221;Offer&#8221; _builder_version=&#8221;4.0.6&#8243; background_color=&#8221;rgba(0,0,0,0.5)&#8221; background_image=&#8221;https:\/\/cnipt-raraul.ro\/de\/wp-content\/uploads\/sites\/10\/2019\/11\/campulung-1.jpg&#8221; background_blend=&#8221;color&#8221; custom_padding=&#8221;120px||120px|&#8221; custom_padding_tablet=&#8221;80px||80px|&#8221; custom_padding_phone=&#8221;&#8221; locked=&#8221;off&#8221;][\/et_pb_section]<\/p>\n","protected":false},"excerpt":{"rendered":"<p>[et_pb_section fb_built=&#8221;1&#8243; custom_padding_last_edited=&#8221;on|tablet&#8221; admin_label=&#8221;Packages&#8221; _builder_version=&#8221;4.0.6&#8243; background_color=&#8221;#e8e8e8&#8243; background_image=&#8221;https:\/\/cnipt-raraul.ro\/de\/wp-content\/uploads\/sites\/10\/2019\/12\/rarau.jpg&#8221; custom_padding=&#8221;52px||36px|||&#8221; custom_padding_tablet=&#8221;0px||0px|&#8221; custom_padding_phone=&#8221;&#8221;][et_pb_row column_structure=&#8221;1_2,1_2&#8243; custom_padding_last_edited=&#8221;on|phone&#8221; admin_label=&#8221;Packages Title&#8221; _builder_version=&#8221;3.25&#8243; custom_padding=&#8221;30px|0px|15px|0px||&#8221; custom_padding_tablet=&#8221;60px||0px|&#8221; custom_padding_phone=&#8221;&#8221; locked=&#8221;off&#8221;][et_pb_column type=&#8221;1_2&#8243; _builder_version=&#8221;3.25&#8243; custom_padding=&#8221;|||&#8221; custom_padding__hover=&#8221;|||&#8221;][et_pb_text _builder_version=&#8221;4.5.7&#8243; text_font=&#8221;||||&#8221; text_text_color=&#8221;#1a1a1a&#8221; header_font=&#8221;Oswald|on||on|&#8221; header_text_align=&#8221;left&#8221; header_font_size=&#8221;46px&#8221; header_line_height=&#8221;1.3em&#8221; module_alignment=&#8221;center&#8221; custom_margin=&#8221;|||&#8221; custom_padding=&#8221;|||&#8221; animation_style=&#8221;slide&#8221; animation_direction=&#8221;top&#8221; animation_intensity_slide=&#8221;10%&#8221; hover_enabled=&#8221;0&#8243; header_text_shadow_style=&#8221;preset1&#8243; locked=&#8221;off&#8221;] Touristenattraktionen [\/et_pb_text][et_pb_divider color=&#8221;#ffffff&#8221; divider_position=&#8221;center&#8221; divider_weight=&#8221;3px&#8221; disabled_on=&#8221;off|off|off&#8221; _builder_version=&#8221;4.0.6&#8243; max_width=&#8221;150px&#8221; module_alignment=&#8221;left&#8221; height=&#8221;false&#8221; custom_margin=&#8221;30px|||&#8221; animation_style=&#8221;slide&#8221; animation_direction=&#8221;top&#8221; animation_delay=&#8221;100ms&#8221; animation_intensity_slide=&#8221;10%&#8221; locked=&#8221;off&#8221;][\/et_pb_divider][\/et_pb_column][et_pb_column [&hellip;]<\/p>\n","protected":false},"author":1,"featured_media":0,"parent":0,"menu_order":0,"comment_status":"closed","ping_status":"closed","template":"","meta":{"_et_pb_use_builder":"on","_et_pb_old_content":"","_et_gb_content_width":"","footnotes":""},"class_list":["post-439","page","type-page","status-publish","hentry"],"yoast_head":"<!-- This site is optimized with the Yoast SEO plugin v26.6 - https:\/\/yoast.com\/wordpress\/plugins\/seo\/ -->\n<title>Obiective turistice Campulung Moldovenesc - CNIPT Rarau<\/title>\n<meta name=\"description\" content=\"Descopera obiectivele turistice din Campulung Moldovenesc si imprejurimi. Vezi recomandarile noastre. Informa\u021bii despre obiectivele \u0219i activit\u0103\u021bile turistice locale.\" \/>\n<meta name=\"robots\" content=\"index, follow, max-snippet:-1, max-image-preview:large, max-video-preview:-1\" \/>\n<link rel=\"canonical\" href=\"https:\/\/cnipt-raraul.ro\/de\/tourist-attractions\/\" \/>\n<meta property=\"og:locale\" content=\"en_US\" \/>\n<meta property=\"og:type\" content=\"article\" \/>\n<meta property=\"og:title\" content=\"Obiective turistice Campulung Moldovenesc - CNIPT Rarau\" \/>\n<meta property=\"og:description\" content=\"Descopera obiectivele turistice din Campulung Moldovenesc si imprejurimi. Vezi recomandarile noastre. Informa\u021bii despre obiectivele \u0219i activit\u0103\u021bile turistice locale.\" \/>\n<meta property=\"og:url\" content=\"https:\/\/cnipt-raraul.ro\/de\/tourist-attractions\/\" \/>\n<meta property=\"og:site_name\" content=\"DE\" \/>\n<meta property=\"article:modified_time\" content=\"2020-11-02T14:51:38+00:00\" \/>\n<meta name=\"twitter:card\" content=\"summary_large_image\" \/>\n<meta name=\"twitter:label1\" content=\"Est. reading time\" \/>\n\t<meta name=\"twitter:data1\" content=\"8 minutes\" \/>\n<script type=\"application\/ld+json\" class=\"yoast-schema-graph\">{\"@context\":\"https:\/\/schema.org\",\"@graph\":[{\"@type\":\"WebPage\",\"@id\":\"https:\/\/cnipt-raraul.ro\/de\/tourist-attractions\/\",\"url\":\"https:\/\/cnipt-raraul.ro\/de\/tourist-attractions\/\",\"name\":\"Obiective turistice Campulung Moldovenesc - CNIPT Rarau\",\"isPartOf\":{\"@id\":\"https:\/\/cnipt-raraul.ro\/de\/#website\"},\"datePublished\":\"2019-12-09T10:25:35+00:00\",\"dateModified\":\"2020-11-02T14:51:38+00:00\",\"description\":\"Descopera obiectivele turistice din Campulung Moldovenesc si imprejurimi. Vezi recomandarile noastre. Informa\u021bii despre obiectivele \u0219i activit\u0103\u021bile turistice locale.\",\"breadcrumb\":{\"@id\":\"https:\/\/cnipt-raraul.ro\/de\/tourist-attractions\/#breadcrumb\"},\"inLanguage\":\"en-US\",\"potentialAction\":[{\"@type\":\"ReadAction\",\"target\":[\"https:\/\/cnipt-raraul.ro\/de\/tourist-attractions\/\"]}]},{\"@type\":\"BreadcrumbList\",\"@id\":\"https:\/\/cnipt-raraul.ro\/de\/tourist-attractions\/#breadcrumb\",\"itemListElement\":[{\"@type\":\"ListItem\",\"position\":1,\"name\":\"Prima pagin\u0103\",\"item\":\"https:\/\/cnipt-raraul.ro\/de\/\"},{\"@type\":\"ListItem\",\"position\":2,\"name\":\"Sehensw\u00fcrdigkeiten\"}]},{\"@type\":\"WebSite\",\"@id\":\"https:\/\/cnipt-raraul.ro\/de\/#website\",\"url\":\"https:\/\/cnipt-raraul.ro\/de\/\",\"name\":\"DE\",\"description\":\"CNIPT\",\"potentialAction\":[{\"@type\":\"SearchAction\",\"target\":{\"@type\":\"EntryPoint\",\"urlTemplate\":\"https:\/\/cnipt-raraul.ro\/de\/?s={search_term_string}\"},\"query-input\":{\"@type\":\"PropertyValueSpecification\",\"valueRequired\":true,\"valueName\":\"search_term_string\"}}],\"inLanguage\":\"en-US\"}]}<\/script>\n<!-- \/ Yoast SEO plugin. -->","yoast_head_json":{"title":"Obiective turistice Campulung Moldovenesc - CNIPT Rarau","description":"Descopera obiectivele turistice din Campulung Moldovenesc si imprejurimi. Vezi recomandarile noastre. Informa\u021bii despre obiectivele \u0219i activit\u0103\u021bile turistice locale.","robots":{"index":"index","follow":"follow","max-snippet":"max-snippet:-1","max-image-preview":"max-image-preview:large","max-video-preview":"max-video-preview:-1"},"canonical":"https:\/\/cnipt-raraul.ro\/de\/tourist-attractions\/","og_locale":"en_US","og_type":"article","og_title":"Obiective turistice Campulung Moldovenesc - CNIPT Rarau","og_description":"Descopera obiectivele turistice din Campulung Moldovenesc si imprejurimi. Vezi recomandarile noastre. Informa\u021bii despre obiectivele \u0219i activit\u0103\u021bile turistice locale.","og_url":"https:\/\/cnipt-raraul.ro\/de\/tourist-attractions\/","og_site_name":"DE","article_modified_time":"2020-11-02T14:51:38+00:00","twitter_card":"summary_large_image","twitter_misc":{"Est. reading time":"8 minutes"},"schema":{"@context":"https:\/\/schema.org","@graph":[{"@type":"WebPage","@id":"https:\/\/cnipt-raraul.ro\/de\/tourist-attractions\/","url":"https:\/\/cnipt-raraul.ro\/de\/tourist-attractions\/","name":"Obiective turistice Campulung Moldovenesc - CNIPT Rarau","isPartOf":{"@id":"https:\/\/cnipt-raraul.ro\/de\/#website"},"datePublished":"2019-12-09T10:25:35+00:00","dateModified":"2020-11-02T14:51:38+00:00","description":"Descopera obiectivele turistice din Campulung Moldovenesc si imprejurimi. Vezi recomandarile noastre. Informa\u021bii despre obiectivele \u0219i activit\u0103\u021bile turistice locale.","breadcrumb":{"@id":"https:\/\/cnipt-raraul.ro\/de\/tourist-attractions\/#breadcrumb"},"inLanguage":"en-US","potentialAction":[{"@type":"ReadAction","target":["https:\/\/cnipt-raraul.ro\/de\/tourist-attractions\/"]}]},{"@type":"BreadcrumbList","@id":"https:\/\/cnipt-raraul.ro\/de\/tourist-attractions\/#breadcrumb","itemListElement":[{"@type":"ListItem","position":1,"name":"Prima pagin\u0103","item":"https:\/\/cnipt-raraul.ro\/de\/"},{"@type":"ListItem","position":2,"name":"Sehensw\u00fcrdigkeiten"}]},{"@type":"WebSite","@id":"https:\/\/cnipt-raraul.ro\/de\/#website","url":"https:\/\/cnipt-raraul.ro\/de\/","name":"DE","description":"CNIPT","potentialAction":[{"@type":"SearchAction","target":{"@type":"EntryPoint","urlTemplate":"https:\/\/cnipt-raraul.ro\/de\/?s={search_term_string}"},"query-input":{"@type":"PropertyValueSpecification","valueRequired":true,"valueName":"search_term_string"}}],"inLanguage":"en-US"}]}},"_links":{"self":[{"href":"https:\/\/cnipt-raraul.ro\/de\/wp-json\/wp\/v2\/pages\/439","targetHints":{"allow":["GET"]}}],"collection":[{"href":"https:\/\/cnipt-raraul.ro\/de\/wp-json\/wp\/v2\/pages"}],"about":[{"href":"https:\/\/cnipt-raraul.ro\/de\/wp-json\/wp\/v2\/types\/page"}],"author":[{"embeddable":true,"href":"https:\/\/cnipt-raraul.ro\/de\/wp-json\/wp\/v2\/users\/1"}],"replies":[{"embeddable":true,"href":"https:\/\/cnipt-raraul.ro\/de\/wp-json\/wp\/v2\/comments?post=439"}],"version-history":[{"count":4,"href":"https:\/\/cnipt-raraul.ro\/de\/wp-json\/wp\/v2\/pages\/439\/revisions"}],"predecessor-version":[{"id":852,"href":"https:\/\/cnipt-raraul.ro\/de\/wp-json\/wp\/v2\/pages\/439\/revisions\/852"}],"wp:attachment":[{"href":"https:\/\/cnipt-raraul.ro\/de\/wp-json\/wp\/v2\/media?parent=439"}],"curies":[{"name":"wp","href":"https:\/\/api.w.org\/{rel}","templated":true}]}}