{"id":226,"date":"2019-12-05T10:19:53","date_gmt":"2019-12-05T10:19:53","guid":{"rendered":"https:\/\/cnipt-raraul.ro\/de\/?page_id=226"},"modified":"2020-11-02T14:50:21","modified_gmt":"2020-11-02T14:50:21","slug":"location-history","status":"publish","type":"page","link":"https:\/\/cnipt-raraul.ro\/de\/location-history\/","title":{"rendered":"Ort \/ Geschichte"},"content":{"rendered":"<p>[et_pb_section fb_built=&#8221;1&#8243; _builder_version=&#8221;4.0.6&#8243; background_color=&#8221;#e2e2e2&#8243; custom_padding=&#8221;||0px|||&#8221;][et_pb_row column_structure=&#8221;3_5,2_5&#8243; _builder_version=&#8221;4.0.6&#8243;][et_pb_column type=&#8221;3_5&#8243; _builder_version=&#8221;4.0.6&#8243;][et_pb_text _builder_version=&#8221;4.5.7&#8243; hover_enabled=&#8221;0&#8243;]<\/p>\n<h1>LAGE \/ GESCHICHTE<\/h1>\n<p>[\/et_pb_text][\/et_pb_column][et_pb_column type=&#8221;2_5&#8243; _builder_version=&#8221;4.0.6&#8243;][et_pb_social_media_follow _builder_version=&#8221;4.0.6&#8243;][et_pb_social_media_follow_network social_network=&#8221;facebook&#8221; url=&#8221;https:\/\/www.facebook.com\/Visit-C%C3%A2mpulung-Moldovenesc-274307189569972\/&#8221; _builder_version=&#8221;4.0.6&#8243; background_color=&#8221;#3b5998&#8243; follow_button=&#8221;off&#8221; url_new_window=&#8221;on&#8221;]facebook[\/et_pb_social_media_follow_network][et_pb_social_media_follow_network social_network=&#8221;youtube&#8221; _builder_version=&#8221;4.0.6&#8243; background_color=&#8221;#a82400&#8243; follow_button=&#8221;off&#8221; url_new_window=&#8221;on&#8221;]youtube[\/et_pb_social_media_follow_network][\/et_pb_social_media_follow][\/et_pb_column][\/et_pb_row][\/et_pb_section][et_pb_section fb_built=&#8221;1&#8243; _builder_version=&#8221;4.0.6&#8243; custom_padding=&#8221;0px|||||&#8221;][et_pb_row column_structure=&#8221;2_5,3_5&#8243; _builder_version=&#8221;4.0.6&#8243; custom_padding=&#8221;70px|||||&#8221;][et_pb_column type=&#8221;2_5&#8243; _builder_version=&#8221;4.0.6&#8243;][et_pb_text _builder_version=&#8221;4.5.7&#8243; hover_enabled=&#8221;0&#8243;]<\/p>\n<h2><strong>LAGE<\/strong><\/h2>\n<p>&nbsp;<\/p>\n<p>Die von bewaldeten Gipfeln umgebene Gemeinde C\u00e2mpulung Moldovenesc im Zentrum der rum\u00e4nischen Bukowina erstreckt sich heute \u00fcber eine Entfernung von 14 km in der gleichnamigen Senke am Mittellauf der Moldau.<\/p>\n<p>Die Gemeinde liegt auf einer H\u00f6he von 620 m im zentralwestlichen Teil des Landkreises Suceava, am Schnittpunkt der Koordinaten 47 \u00b0 32 &#8216;n\u00f6rdlicher Breite mit 25 \u00b0 33&#8217; \u00f6stlicher L\u00e4nge.<\/p>\n<p>Aufgrund ihrer \u00e4u\u00dferst g\u00fcnstigen geografischen Lage befindet sich die Gemeinde an der Kreuzung der Hauptbahn- und Zufahrtsstra\u00dfen, die Moldawien mit Siebenb\u00fcrgen und Maramure\u0219 verbinden.<\/p>\n<p>[\/et_pb_text][\/et_pb_column][et_pb_column type=&#8221;3_5&#8243; _builder_version=&#8221;4.0.6&#8243;][et_pb_code _builder_version=&#8221;4.0.9&#8243;]<iframe loading=\"lazy\" src=\"https:\/\/www.google.com\/maps\/embed?pb=!1m18!1m12!1m3!1d86228.78480547035!2d25.49504925871799!3d47.516216277969285!2m3!1f0!2f0!3f0!3m2!1i1024!2i768!4f13.1!3m3!1m2!1s0x4735b9438a93794f%3A0xb917cfa20ca33da4!2sC%C3%A2mpulung%20Moldovenesc%20725100!5e0!3m2!1sro!2sen!4v1575541155250!5m2!1sen!2sen\" width=\"100%\" height=\"350\" frameborder=\"0\" style=\"border:0;\" allowfullscreen=\"\"><\/iframe>[\/et_pb_code][\/et_pb_column][\/et_pb_row][\/et_pb_section][et_pb_section fb_built=&#8221;1&#8243; _builder_version=&#8221;4.0.6&#8243; background_color=&#8221;rgba(107,101,4,0.15)&#8221;][et_pb_row column_structure=&#8221;1_3,1_3,1_3&#8243; _builder_version=&#8221;4.0.6&#8243;][et_pb_column type=&#8221;1_3&#8243; _builder_version=&#8221;4.0.6&#8243;][et_pb_text _builder_version=&#8221;4.5.7&#8243; hover_enabled=&#8221;0&#8243;]<\/p>\n<h2>GESCHICHTE<\/h2>\n<p><span style=\"color: #000000;\"><\/span><\/p>\n<p>&nbsp;<\/p>\n<p>Es war einmal vor langer, langer Zeit, als Adler die Luft aus der H\u00f6he beobachteten und Bisons Diamanten in ihren Nasenl\u00f6chern verstreuten, als das Zwitschern der V\u00f6gel und das Rauschen der Quellen am Fu\u00dfe des Berges Rar\u0103u und der &#8220;Dame&#8221; mit Gesang bl\u00fchten Stones &#8220;, von wo aus sich wie lebendes Silber der Wei\u00dfe Fr\u00fchling erhob, war ein gro\u00dfer und tiefer Teich. Das Wasser konnte nicht abflie\u00dfen, weil die Felsen, genannt Pietrele Buhii, zu dieser Zeit impr\u00e4gniert waren und in diesem Teich ein Drache lebte &#8230; \u201c<\/p>\n<p>Dies sagt eine Legende, die von Prof. Gra\u0163ian Jucan in der Arbeit C\u00e2mpulung Moldovenesc &#8211; Vatr\u0103 folcloric\u0103 (Bukarest, 1975) aufgezeichnet wurde. Die Legende besagt, dass von all denen, die ihre Kraft im Kampf mit dem Drachen versuchten, nur der Gesetzlose H\u0103l\u0103uceanu zum Tier kam. Seine Belohnung war Freiheit und Land, und als er dann ein M\u00e4dchen und einen Platz zum Sitzen suchte, erreichte er das Land, in dem sich die Stadt heute befindet, und rief mit aufrichtigem Erstaunen aus: Oh, was f\u00fcr ein langes Feld!<\/p>\n<p>[\/et_pb_text][\/et_pb_column][et_pb_column type=&#8221;1_3&#8243; _builder_version=&#8221;4.0.6&#8243;][et_pb_image src=&#8221;https:\/\/cnipt-raraul.ro\/de\/wp-content\/uploads\/sites\/10\/2019\/12\/CMPULUNG.jpg&#8221; _builder_version=&#8221;4.0.6&#8243; custom_margin=&#8221;157px|||||&#8221; border_width_all=&#8221;10px&#8221; border_color_all=&#8221;#054206&#8243;][\/et_pb_image][\/et_pb_column][et_pb_column type=&#8221;1_3&#8243; _builder_version=&#8221;4.0.6&#8243;][et_pb_text _builder_version=&#8221;4.5.7&#8243; hover_enabled=&#8221;0&#8243;]<\/p>\n<p>C\u00e2mpulung Moldovenesc ist eine alte Siedlung im Oberland Moldawiens &#8211; sorgf\u00e4ltig recherchiert von Historikern wie Dimitrie Cantemir, T. V. Stefanelli, Theodor B\u0103lan mit einer langen Geschichte, deren Anf\u00e4nge \u00fcber die in den Urkunden aufgezeichneten Daten hinausgehen. C\u00e2mpulung hatte seinen Herd an einem der Nebenfl\u00fcsse Moldawiens &#8211; Valea Caselor -, aber nachdem die alte Siedlung mit dem Durchgang der Tataren niedergebrannt war, lie\u00dfen sich die Menschen im Tal Moldawiens nieder, an dem Ort, der immer noch Capu Satului genannt wird.<\/p>\n<p>Die kleine Stadt hier zog andere Siedlungen in der N\u00e4he an und war eine nach der anderen: das Zentrum einer Vereinigung von Dorfgemeinden, in der die Einwohner zusammenarbeiteten, Rinder, Schafe und Weiden gemeinsam besa\u00dfen, sich gemeinsam gegen die Wildnis der Berge und feindliche Invasionen verteidigten; die Hauptstadt einer politischen Partei, in der sie Legenden zufolge nicht mehr aus Maramure\u015f und Drago\u015f kamen, sondern im Land unten im moldauischen Tal in Baia abstieg, und Bogdan I., der Gr\u00fcnder des unabh\u00e4ngigen Feudalstaates Moldawien: und dann Zentrum des &#8220;Landes&#8221; oder Bezirks, mit einem besonderen Regime im fast gesamten Mittelalter.<\/p>\n<p>[\/et_pb_text][\/et_pb_column][\/et_pb_row][et_pb_row column_structure=&#8221;1_2,1_2&#8243; _builder_version=&#8221;4.0.6&#8243;][et_pb_column type=&#8221;1_2&#8243; _builder_version=&#8221;4.0.6&#8243;][et_pb_text _builder_version=&#8221;4.5.7&#8243; hover_enabled=&#8221;0&#8243;]<\/p>\n<p>Die erste Bescheinigung der moldauischen C\u00eempulung erscheint in einem Dokument vom 14. April 1411 aus der Zeit Alexanders des Guten, durch das das moldauische Kloster das Dorf Vama erhielt, das sich unterhalb des \u201eC\u00eempulung-Dorfes\u201c befindet. Seitdem ist der Bezirk C\u00eempulung Moldovenesc in den Dokumenten der Zeit h\u00e4ufig in Urkunden und Urchinen aus der Zeit von fantefan cel Mare, Bogdan cel Chior und Petru Rare\u015f erschienen, die den Kl\u00f6stern Berge und T\u00e4ler aus dem Bezirksland geben.<\/p>\n<p>Die Geburt, Entwicklung und Entwicklung der Siedlung C\u00e2mpulung Moldovenesc im Laufe der Zeit wurde durch die geografische Lage, den Reichtum des Bodens, insbesondere aber durch den Mut und den Flei\u00df der Menschen, ber\u00fchmter Hirten und Viehz\u00fcchter, un\u00fcbertroffener Holzhandwerker, J\u00e4ger und Tischler beg\u00fcnstigt K\u00fcrschner.<\/p>\n<p>[\/et_pb_text][\/et_pb_column][et_pb_column type=&#8221;1_2&#8243; _builder_version=&#8221;4.0.6&#8243;][et_pb_image src=&#8221;https:\/\/cnipt-raraul.ro\/de\/wp-content\/uploads\/sites\/10\/2019\/12\/CAMPULUNG-OLD.jpg&#8221; _builder_version=&#8221;4.0.6&#8243; width=&#8221;70%&#8221; module_alignment=&#8221;center&#8221; border_width_all=&#8221;10px&#8221; border_color_all=&#8221;#054206&#8243;][\/et_pb_image][\/et_pb_column][\/et_pb_row][\/et_pb_section]<\/p>\n","protected":false},"excerpt":{"rendered":"<p>[et_pb_section fb_built=&#8221;1&#8243; _builder_version=&#8221;4.0.6&#8243; background_color=&#8221;#e2e2e2&#8243; custom_padding=&#8221;||0px|||&#8221;][et_pb_row column_structure=&#8221;3_5,2_5&#8243; _builder_version=&#8221;4.0.6&#8243;][et_pb_column type=&#8221;3_5&#8243; _builder_version=&#8221;4.0.6&#8243;][et_pb_text _builder_version=&#8221;4.5.7&#8243; hover_enabled=&#8221;0&#8243;] LAGE \/ GESCHICHTE [\/et_pb_text][\/et_pb_column][et_pb_column type=&#8221;2_5&#8243; _builder_version=&#8221;4.0.6&#8243;][et_pb_social_media_follow _builder_version=&#8221;4.0.6&#8243;][et_pb_social_media_follow_network social_network=&#8221;facebook&#8221; url=&#8221;https:\/\/www.facebook.com\/Visit-C%C3%A2mpulung-Moldovenesc-274307189569972\/&#8221; _builder_version=&#8221;4.0.6&#8243; background_color=&#8221;#3b5998&#8243; follow_button=&#8221;off&#8221; url_new_window=&#8221;on&#8221;]facebook[\/et_pb_social_media_follow_network][et_pb_social_media_follow_network social_network=&#8221;youtube&#8221; _builder_version=&#8221;4.0.6&#8243; background_color=&#8221;#a82400&#8243; follow_button=&#8221;off&#8221; url_new_window=&#8221;on&#8221;]youtube[\/et_pb_social_media_follow_network][\/et_pb_social_media_follow][\/et_pb_column][\/et_pb_row][\/et_pb_section][et_pb_section fb_built=&#8221;1&#8243; _builder_version=&#8221;4.0.6&#8243; custom_padding=&#8221;0px|||||&#8221;][et_pb_row column_structure=&#8221;2_5,3_5&#8243; _builder_version=&#8221;4.0.6&#8243; custom_padding=&#8221;70px|||||&#8221;][et_pb_column type=&#8221;2_5&#8243; _builder_version=&#8221;4.0.6&#8243;][et_pb_text _builder_version=&#8221;4.5.7&#8243; hover_enabled=&#8221;0&#8243;] LAGE &nbsp; Die von bewaldeten Gipfeln umgebene Gemeinde C\u00e2mpulung Moldovenesc im Zentrum der rum\u00e4nischen Bukowina erstreckt [&hellip;]<\/p>\n","protected":false},"author":1,"featured_media":0,"parent":0,"menu_order":0,"comment_status":"closed","ping_status":"closed","template":"","meta":{"_et_pb_use_builder":"on","_et_pb_old_content":"","_et_gb_content_width":"","footnotes":""},"class_list":["post-226","page","type-page","status-publish","hentry"],"yoast_head":"<!-- This site is optimized with the Yoast SEO plugin v26.6 - https:\/\/yoast.com\/wordpress\/plugins\/seo\/ -->\n<title>Ort \/ Geschichte - DE<\/title>\n<meta name=\"robots\" content=\"index, follow, max-snippet:-1, max-image-preview:large, max-video-preview:-1\" \/>\n<link rel=\"canonical\" href=\"https:\/\/cnipt-raraul.ro\/de\/location-history\/\" \/>\n<meta property=\"og:locale\" content=\"en_US\" \/>\n<meta property=\"og:type\" content=\"article\" \/>\n<meta property=\"og:title\" content=\"Ort \/ Geschichte - DE\" \/>\n<meta property=\"og:description\" content=\"[et_pb_section fb_built=&#8221;1&#8243; _builder_version=&#8221;4.0.6&#8243; background_color=&#8221;#e2e2e2&#8243; custom_padding=&#8221;||0px|||&#8221;][et_pb_row column_structure=&#8221;3_5,2_5&#8243; _builder_version=&#8221;4.0.6&#8243;][et_pb_column type=&#8221;3_5&#8243; _builder_version=&#8221;4.0.6&#8243;][et_pb_text _builder_version=&#8221;4.5.7&#8243; hover_enabled=&#8221;0&#8243;] LAGE \/ GESCHICHTE [\/et_pb_text][\/et_pb_column][et_pb_column type=&#8221;2_5&#8243; _builder_version=&#8221;4.0.6&#8243;][et_pb_social_media_follow _builder_version=&#8221;4.0.6&#8243;][et_pb_social_media_follow_network social_network=&#8221;facebook&#8221; url=&#8221;https:\/\/www.facebook.com\/Visit-C%C3%A2mpulung-Moldovenesc-274307189569972\/&#8221; _builder_version=&#8221;4.0.6&#8243; background_color=&#8221;#3b5998&#8243; follow_button=&#8221;off&#8221; url_new_window=&#8221;on&#8221;]facebook[\/et_pb_social_media_follow_network][et_pb_social_media_follow_network social_network=&#8221;youtube&#8221; _builder_version=&#8221;4.0.6&#8243; background_color=&#8221;#a82400&#8243; follow_button=&#8221;off&#8221; url_new_window=&#8221;on&#8221;]youtube[\/et_pb_social_media_follow_network][\/et_pb_social_media_follow][\/et_pb_column][\/et_pb_row][\/et_pb_section][et_pb_section fb_built=&#8221;1&#8243; _builder_version=&#8221;4.0.6&#8243; custom_padding=&#8221;0px|||||&#8221;][et_pb_row column_structure=&#8221;2_5,3_5&#8243; _builder_version=&#8221;4.0.6&#8243; custom_padding=&#8221;70px|||||&#8221;][et_pb_column type=&#8221;2_5&#8243; _builder_version=&#8221;4.0.6&#8243;][et_pb_text _builder_version=&#8221;4.5.7&#8243; hover_enabled=&#8221;0&#8243;] LAGE &nbsp; Die von bewaldeten Gipfeln umgebene Gemeinde C\u00e2mpulung Moldovenesc im Zentrum der rum\u00e4nischen Bukowina erstreckt [&hellip;]\" \/>\n<meta property=\"og:url\" content=\"https:\/\/cnipt-raraul.ro\/de\/location-history\/\" \/>\n<meta property=\"og:site_name\" content=\"DE\" \/>\n<meta property=\"article:modified_time\" content=\"2020-11-02T14:50:21+00:00\" \/>\n<meta name=\"twitter:card\" content=\"summary_large_image\" \/>\n<meta name=\"twitter:label1\" content=\"Est. reading time\" \/>\n\t<meta name=\"twitter:data1\" content=\"5 minutes\" \/>\n<script type=\"application\/ld+json\" class=\"yoast-schema-graph\">{\"@context\":\"https:\/\/schema.org\",\"@graph\":[{\"@type\":\"WebPage\",\"@id\":\"https:\/\/cnipt-raraul.ro\/de\/location-history\/\",\"url\":\"https:\/\/cnipt-raraul.ro\/de\/location-history\/\",\"name\":\"Ort \/ Geschichte - DE\",\"isPartOf\":{\"@id\":\"https:\/\/cnipt-raraul.ro\/de\/#website\"},\"datePublished\":\"2019-12-05T10:19:53+00:00\",\"dateModified\":\"2020-11-02T14:50:21+00:00\",\"breadcrumb\":{\"@id\":\"https:\/\/cnipt-raraul.ro\/de\/location-history\/#breadcrumb\"},\"inLanguage\":\"en-US\",\"potentialAction\":[{\"@type\":\"ReadAction\",\"target\":[\"https:\/\/cnipt-raraul.ro\/de\/location-history\/\"]}]},{\"@type\":\"BreadcrumbList\",\"@id\":\"https:\/\/cnipt-raraul.ro\/de\/location-history\/#breadcrumb\",\"itemListElement\":[{\"@type\":\"ListItem\",\"position\":1,\"name\":\"Prima pagin\u0103\",\"item\":\"https:\/\/cnipt-raraul.ro\/de\/\"},{\"@type\":\"ListItem\",\"position\":2,\"name\":\"Ort \/ Geschichte\"}]},{\"@type\":\"WebSite\",\"@id\":\"https:\/\/cnipt-raraul.ro\/de\/#website\",\"url\":\"https:\/\/cnipt-raraul.ro\/de\/\",\"name\":\"DE\",\"description\":\"CNIPT\",\"potentialAction\":[{\"@type\":\"SearchAction\",\"target\":{\"@type\":\"EntryPoint\",\"urlTemplate\":\"https:\/\/cnipt-raraul.ro\/de\/?s={search_term_string}\"},\"query-input\":{\"@type\":\"PropertyValueSpecification\",\"valueRequired\":true,\"valueName\":\"search_term_string\"}}],\"inLanguage\":\"en-US\"}]}<\/script>\n<!-- \/ Yoast SEO plugin. -->","yoast_head_json":{"title":"Ort \/ Geschichte - DE","robots":{"index":"index","follow":"follow","max-snippet":"max-snippet:-1","max-image-preview":"max-image-preview:large","max-video-preview":"max-video-preview:-1"},"canonical":"https:\/\/cnipt-raraul.ro\/de\/location-history\/","og_locale":"en_US","og_type":"article","og_title":"Ort \/ Geschichte - DE","og_description":"[et_pb_section fb_built=&#8221;1&#8243; _builder_version=&#8221;4.0.6&#8243; background_color=&#8221;#e2e2e2&#8243; custom_padding=&#8221;||0px|||&#8221;][et_pb_row column_structure=&#8221;3_5,2_5&#8243; _builder_version=&#8221;4.0.6&#8243;][et_pb_column type=&#8221;3_5&#8243; _builder_version=&#8221;4.0.6&#8243;][et_pb_text _builder_version=&#8221;4.5.7&#8243; hover_enabled=&#8221;0&#8243;] LAGE \/ GESCHICHTE [\/et_pb_text][\/et_pb_column][et_pb_column type=&#8221;2_5&#8243; _builder_version=&#8221;4.0.6&#8243;][et_pb_social_media_follow _builder_version=&#8221;4.0.6&#8243;][et_pb_social_media_follow_network social_network=&#8221;facebook&#8221; url=&#8221;https:\/\/www.facebook.com\/Visit-C%C3%A2mpulung-Moldovenesc-274307189569972\/&#8221; _builder_version=&#8221;4.0.6&#8243; background_color=&#8221;#3b5998&#8243; follow_button=&#8221;off&#8221; url_new_window=&#8221;on&#8221;]facebook[\/et_pb_social_media_follow_network][et_pb_social_media_follow_network social_network=&#8221;youtube&#8221; _builder_version=&#8221;4.0.6&#8243; background_color=&#8221;#a82400&#8243; follow_button=&#8221;off&#8221; url_new_window=&#8221;on&#8221;]youtube[\/et_pb_social_media_follow_network][\/et_pb_social_media_follow][\/et_pb_column][\/et_pb_row][\/et_pb_section][et_pb_section fb_built=&#8221;1&#8243; _builder_version=&#8221;4.0.6&#8243; custom_padding=&#8221;0px|||||&#8221;][et_pb_row column_structure=&#8221;2_5,3_5&#8243; _builder_version=&#8221;4.0.6&#8243; custom_padding=&#8221;70px|||||&#8221;][et_pb_column type=&#8221;2_5&#8243; _builder_version=&#8221;4.0.6&#8243;][et_pb_text _builder_version=&#8221;4.5.7&#8243; hover_enabled=&#8221;0&#8243;] LAGE &nbsp; Die von bewaldeten Gipfeln umgebene Gemeinde C\u00e2mpulung Moldovenesc im Zentrum der rum\u00e4nischen Bukowina erstreckt [&hellip;]","og_url":"https:\/\/cnipt-raraul.ro\/de\/location-history\/","og_site_name":"DE","article_modified_time":"2020-11-02T14:50:21+00:00","twitter_card":"summary_large_image","twitter_misc":{"Est. reading time":"5 minutes"},"schema":{"@context":"https:\/\/schema.org","@graph":[{"@type":"WebPage","@id":"https:\/\/cnipt-raraul.ro\/de\/location-history\/","url":"https:\/\/cnipt-raraul.ro\/de\/location-history\/","name":"Ort \/ Geschichte - DE","isPartOf":{"@id":"https:\/\/cnipt-raraul.ro\/de\/#website"},"datePublished":"2019-12-05T10:19:53+00:00","dateModified":"2020-11-02T14:50:21+00:00","breadcrumb":{"@id":"https:\/\/cnipt-raraul.ro\/de\/location-history\/#breadcrumb"},"inLanguage":"en-US","potentialAction":[{"@type":"ReadAction","target":["https:\/\/cnipt-raraul.ro\/de\/location-history\/"]}]},{"@type":"BreadcrumbList","@id":"https:\/\/cnipt-raraul.ro\/de\/location-history\/#breadcrumb","itemListElement":[{"@type":"ListItem","position":1,"name":"Prima pagin\u0103","item":"https:\/\/cnipt-raraul.ro\/de\/"},{"@type":"ListItem","position":2,"name":"Ort \/ Geschichte"}]},{"@type":"WebSite","@id":"https:\/\/cnipt-raraul.ro\/de\/#website","url":"https:\/\/cnipt-raraul.ro\/de\/","name":"DE","description":"CNIPT","potentialAction":[{"@type":"SearchAction","target":{"@type":"EntryPoint","urlTemplate":"https:\/\/cnipt-raraul.ro\/de\/?s={search_term_string}"},"query-input":{"@type":"PropertyValueSpecification","valueRequired":true,"valueName":"search_term_string"}}],"inLanguage":"en-US"}]}},"_links":{"self":[{"href":"https:\/\/cnipt-raraul.ro\/de\/wp-json\/wp\/v2\/pages\/226","targetHints":{"allow":["GET"]}}],"collection":[{"href":"https:\/\/cnipt-raraul.ro\/de\/wp-json\/wp\/v2\/pages"}],"about":[{"href":"https:\/\/cnipt-raraul.ro\/de\/wp-json\/wp\/v2\/types\/page"}],"author":[{"embeddable":true,"href":"https:\/\/cnipt-raraul.ro\/de\/wp-json\/wp\/v2\/users\/1"}],"replies":[{"embeddable":true,"href":"https:\/\/cnipt-raraul.ro\/de\/wp-json\/wp\/v2\/comments?post=226"}],"version-history":[{"count":4,"href":"https:\/\/cnipt-raraul.ro\/de\/wp-json\/wp\/v2\/pages\/226\/revisions"}],"predecessor-version":[{"id":843,"href":"https:\/\/cnipt-raraul.ro\/de\/wp-json\/wp\/v2\/pages\/226\/revisions\/843"}],"wp:attachment":[{"href":"https:\/\/cnipt-raraul.ro\/de\/wp-json\/wp\/v2\/media?parent=226"}],"curies":[{"name":"wp","href":"https:\/\/api.w.org\/{rel}","templated":true}]}}